{"id":127,"date":"2025-10-01T07:02:51","date_gmt":"2025-10-01T07:02:51","guid":{"rendered":"https:\/\/connec7e.com\/panier\/"},"modified":"2026-04-09T09:48:45","modified_gmt":"2026-04-09T09:48:45","slug":"panier","status":"publish","type":"page","link":"https:\/\/connec7e.com\/en\/panier\/","title":{"rendered":"\ud83d\uded2 Votre Panier \u2013 Connec7e"},"content":{"rendered":"<p>[et_pb_section fb_built=\u00a0\u00bb1&Prime; admin_label=\u00a0\u00bbsection\u00a0\u00bb _builder_version=\u00a0\u00bb4.27.6&Prime; custom_margin=\u00a0\u00bb0px||0px||false|false\u00a0\u00bb custom_padding=\u00a0\u00bb0px||0px||false|false\u00a0\u00bb global_colors_info=\u00a0\u00bb{}\u00a0\u00bb][et_pb_row admin_label=\u00a0\u00bbrow\u00a0\u00bb _builder_version=\u00a0\u00bb4.27.6&Prime; custom_margin=\u00a0\u00bb||0px||false|false\u00a0\u00bb custom_padding=\u00a0\u00bb20px||0px||false|false\u00a0\u00bb border_color_all=\u00a0\u00bbrgba(255,255,255,0.27)\u00a0\u00bb global_colors_info=\u00a0\u00bb{}\u00a0\u00bb][et_pb_column type=\u00a0\u00bb4_4&Prime; _builder_version=\u00a0\u00bb4.27.6&Prime; custom_padding=\u00a0\u00bb0px||0px||false|false\u00a0\u00bb global_colors_info=\u00a0\u00bb{}\u00a0\u00bb custom_padding__hover=\u00a0\u00bb|||\u00a0\u00bb][et_pb_text _builder_version=\u00a0\u00bb4.27.6&Prime; _module_preset=\u00a0\u00bbdefault\u00a0\u00bb header_text_align=\u00a0\u00bbcenter\u00a0\u00bb header_font_size=\u00a0\u00bb34px\u00a0\u00bb background_color=\u00a0\u00bbRGBA(255,255,255,0)\u00a0\u00bb custom_margin=\u00a0\u00bb||0px||false|false\u00a0\u00bb custom_padding=\u00a0\u00bb||0px||false|false\u00a0\u00bb header_font_size_tablet=\u00a0\u00bb34px\u00a0\u00bb header_font_size_phone=\u00a0\u00bb24px\u00a0\u00bb header_font_size_last_edited=\u00a0\u00bbon|phone\u00a0\u00bb global_colors_info=\u00a0\u00bb{}\u00a0\u00bb]<\/p>\n<h1>\ud83d\uded2 Votre Panier &#8211; Connec7e<\/h1>\n<p>[\/et_pb_text][et_pb_text _builder_version=\u00a0\u00bb4.27.6&Prime; _module_preset=\u00a0\u00bbdefault\u00a0\u00bb header_text_align=\u00a0\u00bbcenter\u00a0\u00bb header_font_size=\u00a0\u00bb34px\u00a0\u00bb background_color=\u00a0\u00bbRGBA(255,255,255,0)\u00a0\u00bb custom_margin=\u00a0\u00bb0px||25px||false|false\u00a0\u00bb custom_padding=\u00a0\u00bb0px||0px||false|false\u00a0\u00bb header_font_size_tablet=\u00a0\u00bb34px\u00a0\u00bb header_font_size_phone=\u00a0\u00bb24px\u00a0\u00bb header_font_size_last_edited=\u00a0\u00bbon|phone\u00a0\u00bb global_colors_info=\u00a0\u00bb{}\u00a0\u00bb]<\/p>\n    <div class=\"c7-checkout-steps\">\n        <div class=\"c7-checkout-steps__container\">\n            \n            <!-- \u00c9TAPE 1 : PANIER -->\n            <div class=\"c7-checkout-step active \">\n                                    <!-- \u00c9tape actuelle = non cliquable -->\n                    <span class=\"step-number\">1<\/span>\n                    <span class=\"step-label\">Panier<\/span>\n                            <\/div>\n            \n            <div class=\"c7-checkout-step-divider\"><\/div>\n            \n            <!-- \u00c9TAPE 2 : COMMANDE -->\n            <div class=\"c7-checkout-step  \">\n                                    <!-- \u00c9tape future = non cliquable -->\n                    <span class=\"step-number\">2<\/span>\n                    <span class=\"step-label\">Commande<\/span>\n                            <\/div>\n            \n            <div class=\"c7-checkout-step-divider\"><\/div>\n            \n            <!-- \u00c9TAPE 3 : PAIEMENT -->\n            <div class=\"c7-checkout-step \">\n                <span class=\"step-number\">3<\/span>\n                <span class=\"step-label\">Paiement<\/span>\n            <\/div>\n            \n        <\/div>\n    <\/div>\n    \n<p>[\/et_pb_text][\/et_pb_column][\/et_pb_row][\/et_pb_section][et_pb_section fb_built=\u00a0\u00bb1&Prime; _builder_version=\u00a0\u00bb4.27.6&Prime; _module_preset=\u00a0\u00bbdefault\u00a0\u00bb custom_margin=\u00a0\u00bb0px||0px||false|false\u00a0\u00bb custom_padding=\u00a0\u00bb0px||0px||false|false\u00a0\u00bb global_colors_info=\u00a0\u00bb{}\u00a0\u00bb][et_pb_row column_structure=\u00a0\u00bb3_5,2_5&Prime; use_custom_gutter=\u00a0\u00bbon\u00a0\u00bb gutter_width=\u00a0\u00bb2&Prime; _builder_version=\u00a0\u00bb4.27.6&Prime; _module_preset=\u00a0\u00bbdefault\u00a0\u00bb custom_margin=\u00a0\u00bb0px||||false|false\u00a0\u00bb custom_padding=\u00a0\u00bb0px||||false|false\u00a0\u00bb global_colors_info=\u00a0\u00bb{}\u00a0\u00bb][et_pb_column type=\u00a0\u00bb3_5&Prime; _builder_version=\u00a0\u00bb4.27.6&Prime; _module_preset=\u00a0\u00bbdefault\u00a0\u00bb custom_padding=\u00a0\u00bb||0px||false|false\u00a0\u00bb global_colors_info=\u00a0\u00bb{}\u00a0\u00bb][et_pb_button button_url=\u00a0\u00bbhttps:\/\/connec7e.com\/boutique\/\u00a0\u00bb button_text=\u00a0\u00bb Continuer mes achats\u00a0\u00bb module_class=\u00a0\u00bbc7-continue-shopping\u00a0\u00bb _builder_version=\u00a0\u00bb4.27.6&Prime; _module_preset=\u00a0\u00bbdefault\u00a0\u00bb custom_button=\u00a0\u00bbon\u00a0\u00bb button_text_size=\u00a0\u00bb18px\u00a0\u00bb button_bg_color=\u00a0\u00bbrgba(255,255,255,0.1)\u00a0\u00bb button_border_width=\u00a0\u00bb2px\u00a0\u00bb button_border_color=\u00a0\u00bbrgba(255,255,255,0.27)\u00a0\u00bb button_border_radius=\u00a0\u00bb8px\u00a0\u00bb button_icon=\u00a0\u00bb&#x23;||divi||400&Prime; button_icon_placement=\u00a0\u00bbleft\u00a0\u00bb button_on_hover=\u00a0\u00bboff\u00a0\u00bb background_layout=\u00a0\u00bbdark\u00a0\u00bb custom_margin=\u00a0\u00bb0px||25px||false|false\u00a0\u00bb custom_padding=\u00a0\u00bb||||false|false\u00a0\u00bb global_colors_info=\u00a0\u00bb{}\u00a0\u00bb button_bg_color__hover_enabled=\u00a0\u00bbon|desktop\u00a0\u00bb button_bg_color__hover=\u00a0\u00bbrgba(255,255,255,0.2)\u00a0\u00bb button_bg_enable_color__hover=\u00a0\u00bbon\u00a0\u00bb][\/et_pb_button][et_pb_text _builder_version=\u00a0\u00bb4.27.6&Prime; _module_preset=\u00a0\u00bbdefault\u00a0\u00bb header_text_align=\u00a0\u00bbcenter\u00a0\u00bb header_font_size=\u00a0\u00bb34px\u00a0\u00bb background_color=\u00a0\u00bbRGBA(255,255,255,0)\u00a0\u00bb custom_margin=\u00a0\u00bb||25px||false|false\u00a0\u00bb custom_padding=\u00a0\u00bb||0px||false|false\u00a0\u00bb header_font_size_tablet=\u00a0\u00bb34px\u00a0\u00bb header_font_size_phone=\u00a0\u00bb24px\u00a0\u00bb header_font_size_last_edited=\u00a0\u00bbon|phone\u00a0\u00bb global_colors_info=\u00a0\u00bb{}\u00a0\u00bb]<\/p>\n\n<p>[\/et_pb_text][et_pb_text _builder_version=\u00a0\u00bb4.27.6&Prime; _module_preset=\u00a0\u00bbdefault\u00a0\u00bb custom_margin=\u00a0\u00bb-10px||0px||false|false\u00a0\u00bb custom_padding=\u00a0\u00bb0px||0px||false|false\u00a0\u00bb global_colors_info=\u00a0\u00bb{}\u00a0\u00bb]<\/p>\n<p>Le panier n'est pas disponible.<\/p>\n<p>[\/et_pb_text][\/et_pb_column][et_pb_column type=\u00a0\u00bb2_5&Prime; _builder_version=\u00a0\u00bb4.27.6&Prime; _module_preset=\u00a0\u00bbdefault\u00a0\u00bb background_enable_color=\u00a0\u00bboff\u00a0\u00bb custom_padding=\u00a0\u00bb0px|0px|0px|0px|false|false\u00a0\u00bb border_color_all=\u00a0\u00bbrgba(255,255,255,0.27)\u00a0\u00bb global_colors_info=\u00a0\u00bb{}\u00a0\u00bb][et_pb_wc_cart_totals _builder_version=\u00a0\u00bb4.27.6&Prime; _module_preset=\u00a0\u00bbdefault\u00a0\u00bb body_font=\u00a0\u00bb|300|||||||\u00a0\u00bb global_colors_info=\u00a0\u00bb{}\u00a0\u00bb][\/et_pb_wc_cart_totals][et_pb_text _builder_version=\u00a0\u00bb4.27.6&Prime; _module_preset=\u00a0\u00bbdefault\u00a0\u00bb global_colors_info=\u00a0\u00bb{}\u00a0\u00bb]<\/p>\n<div class=\"c7-cart-trust-badges\">\n<div class=\"trust-badge\"><img decoding=\"async\" src=\"https:\/\/connec7e.com\/wp-content\/themes\/Divi-child\/icons\/paiement-securise-4.svg\" alt=\"\" width=\"20\" height=\"20\" loading=\"lazy\" \/><br \/>\n<span>Paiement 100% s\u00e9curis\u00e9<\/span><\/div>\n<div class=\"trust-badge\"><img decoding=\"async\" src=\"https:\/\/connec7e.com\/wp-content\/themes\/Divi-child\/icons\/camion-5.svg\" alt=\"\" width=\"20\" height=\"20\" loading=\"lazy\" \/><br \/>\n<span>Exp\u00e9dition Suivie<\/span><\/div>\n<div class=\"trust-badge\"><img decoding=\"async\" src=\"https:\/\/connec7e.com\/wp-content\/themes\/Divi-child\/icons\/made-in-france-2.svg\" alt=\"\" width=\"20\" height=\"20\" loading=\"lazy\" \/><br \/>\n<span>Conception fran\u00e7aise<\/span><\/div>\n<div class=\"trust-badge\"><img decoding=\"async\" src=\"https:\/\/connec7e.com\/wp-content\/themes\/Divi-child\/icons\/no-ia-2.svg\" alt=\"\" width=\"20\" height=\"20\" loading=\"lazy\" \/><br \/>\n<span>Cr\u00e9ations originales<\/span><\/div>\n<\/div>\n<p>[\/et_pb_text][\/et_pb_column][\/et_pb_row][\/et_pb_section]<\/p>\n","protected":false},"excerpt":{"rendered":"<p>\ud83d\uded2 Votre Panier &#8211; Connec7e    <div class=\"c7-checkout-steps\">\n        <div class=\"c7-checkout-steps__container\">\n            \n            <!-- \u00c9TAPE 1 : PANIER -->\n            <div class=\"c7-checkout-step active\">\n                                    <!-- \u00c9tape actuelle = non cliquable -->\n                    <span class=\"step-number\">1<\/span>\n                    <span class=\"step-label\">Cart<\/span>\n                            <\/div>\n            \n            <div class=\"c7-checkout-step-divider\"><\/div>\n            \n            <!-- \u00c9TAPE 2 : COMMANDE -->\n            <div class=\"c7-checkout-step\">\n                                    <!-- \u00c9tape future = non cliquable -->\n                    <span class=\"step-number\">2<\/span>\n                    <span class=\"step-label\">Commande<\/span>\n                            <\/div>\n            \n            <div class=\"c7-checkout-step-divider\"><\/div>\n            \n            <!-- \u00c9TAPE 3 : PAIEMENT -->\n            <div class=\"c7-checkout-step\">\n                <span class=\"step-number\">3<\/span>\n                <span class=\"step-label\">Paiement<\/span>\n            <\/div>\n            \n        <\/div>\n    <\/div>\n    <p>Le panier n'est pas disponible.<\/p> Paiement 100% s\u00e9curis\u00e9 Exp\u00e9dition Suivie Conception fran\u00e7aise Cr\u00e9ations originales<\/p>","protected":false},"author":1,"featured_media":0,"parent":0,"menu_order":0,"comment_status":"closed","ping_status":"closed","template":"","meta":{"_et_pb_use_builder":"on","_et_pb_old_content":"<!-- wp:woocommerce\/cart {\"className\":\"wc-block-cart\"} -->\n<div class=\"wp-block-woocommerce-cart alignwide is-loading wc-block-cart\"><!-- wp:woocommerce\/filled-cart-block -->\n<div class=\"wp-block-woocommerce-filled-cart-block\"><!-- wp:woocommerce\/cart-items-block -->\n<div class=\"wp-block-woocommerce-cart-items-block\"><!-- wp:woocommerce\/cart-line-items-block -->\n<div class=\"wp-block-woocommerce-cart-line-items-block\"><\/div>\n<!-- \/wp:woocommerce\/cart-line-items-block -->\n\n<!-- wp:woocommerce\/product-collection {\"queryId\":11,\"query\":{\"perPage\":3,\"pages\":1,\"offset\":0,\"postType\":\"product\",\"order\":\"asc\",\"orderBy\":\"title\",\"search\":\"\",\"exclude\":[],\"inherit\":false,\"taxQuery\":{},\"isProductCollectionBlock\":true,\"featured\":false,\"woocommerceOnSale\":false,\"woocommerceStockStatus\":[\"instock\",\"outofstock\",\"onbackorder\"],\"woocommerceAttributes\":[],\"woocommerceHandPickedProducts\":[],\"filterable\":false,\"relatedBy\":{\"categories\":true,\"tags\":true}},\"tagName\":\"div\",\"displayLayout\":{\"type\":\"flex\",\"columns\":3,\"shrinkColumns\":true},\"dimensions\":{\"widthType\":\"fill\"},\"collection\":\"woocommerce\/product-collection\/cross-sells\",\"hideControls\":[\"filterable\"],\"queryContextIncludes\":[\"collection\"],\"__privatePreviewState\":{\"isPreview\":true,\"previewMessage\":\"Les produits d\u00e9pendront de la page consult\u00e9e.\"}} -->\n<div class=\"wp-block-woocommerce-product-collection\"><!-- wp:heading {\"textAlign\":\"left\",\"style\":{\"spacing\":{\"margin\":{\"bottom\":\"1rem\"}}}} -->\n<h2 class=\"wp-block-heading has-text-align-left\" style=\"margin-bottom:1rem\">\u00c7a peut vous int\u00e9resser...<\/h2>\n<!-- \/wp:heading -->\n\n<!-- wp:woocommerce\/product-template -->\n<!-- wp:woocommerce\/product-image {\"showSaleBadge\":false,\"imageSizing\":\"thumbnail\",\"isDescendentOfQueryLoop\":true} -->\n<!-- wp:woocommerce\/product-sale-badge {\"align\":\"right\"} \/-->\n<!-- \/wp:woocommerce\/product-image -->\n\n<!-- wp:post-title {\"textAlign\":\"center\",\"isLink\":true,\"style\":{\"spacing\":{\"margin\":{\"bottom\":\"0.75rem\",\"top\":\"0\"}},\"typography\":{\"lineHeight\":\"1.4\"}},\"fontSize\":\"medium\",\"__woocommerceNamespace\":\"woocommerce\/product-collection\/product-title\"} \/-->\n\n<!-- wp:woocommerce\/product-price {\"isDescendentOfQueryLoop\":true,\"textAlign\":\"center\",\"fontSize\":\"small\"} \/-->\n\n<!-- wp:woocommerce\/product-button {\"textAlign\":\"center\",\"isDescendentOfQueryLoop\":true,\"fontSize\":\"small\"} \/-->\n<!-- \/wp:woocommerce\/product-template --><\/div>\n<!-- \/wp:woocommerce\/product-collection --><\/div>\n<!-- \/wp:woocommerce\/cart-items-block -->\n\n<!-- wp:woocommerce\/cart-totals-block -->\n<div class=\"wp-block-woocommerce-cart-totals-block\"><!-- wp:woocommerce\/cart-order-summary-block -->\n<div class=\"wp-block-woocommerce-cart-order-summary-block\"><!-- wp:woocommerce\/cart-order-summary-heading-block {\"content\":\"Total panier\"} -->\n<div class=\"wp-block-woocommerce-cart-order-summary-heading-block\"><\/div>\n<!-- \/wp:woocommerce\/cart-order-summary-heading-block -->\n\n<!-- wp:woocommerce\/cart-order-summary-coupon-form-block -->\n<div class=\"wp-block-woocommerce-cart-order-summary-coupon-form-block\"><\/div>\n<!-- \/wp:woocommerce\/cart-order-summary-coupon-form-block -->\n\n<!-- wp:woocommerce\/cart-order-summary-totals-block -->\n<div class=\"wp-block-woocommerce-cart-order-summary-totals-block\"><!-- wp:woocommerce\/cart-order-summary-subtotal-block -->\n<div class=\"wp-block-woocommerce-cart-order-summary-subtotal-block\"><\/div>\n<!-- \/wp:woocommerce\/cart-order-summary-subtotal-block -->\n\n<!-- wp:woocommerce\/cart-order-summary-fee-block -->\n<div class=\"wp-block-woocommerce-cart-order-summary-fee-block\"><\/div>\n<!-- \/wp:woocommerce\/cart-order-summary-fee-block -->\n\n<!-- wp:woocommerce\/cart-order-summary-discount-block -->\n<div class=\"wp-block-woocommerce-cart-order-summary-discount-block\"><\/div>\n<!-- \/wp:woocommerce\/cart-order-summary-discount-block -->\n\n<!-- wp:woocommerce\/cart-order-summary-shipping-block -->\n<div class=\"wp-block-woocommerce-cart-order-summary-shipping-block\"><\/div>\n<!-- \/wp:woocommerce\/cart-order-summary-shipping-block -->\n\n<!-- wp:woocommerce\/cart-order-summary-taxes-block -->\n<div class=\"wp-block-woocommerce-cart-order-summary-taxes-block\"><\/div>\n<!-- \/wp:woocommerce\/cart-order-summary-taxes-block --><\/div>\n<!-- \/wp:woocommerce\/cart-order-summary-totals-block --><\/div>\n<!-- \/wp:woocommerce\/cart-order-summary-block -->\n\n<!-- wp:woocommerce\/cart-express-payment-block -->\n<div class=\"wp-block-woocommerce-cart-express-payment-block\"><\/div>\n<!-- \/wp:woocommerce\/cart-express-payment-block -->\n\n<!-- wp:woocommerce\/proceed-to-checkout-block -->\n<div class=\"wp-block-woocommerce-proceed-to-checkout-block\"><\/div>\n<!-- \/wp:woocommerce\/proceed-to-checkout-block -->\n\n<!-- wp:woocommerce\/cart-accepted-payment-methods-block -->\n<div class=\"wp-block-woocommerce-cart-accepted-payment-methods-block\"><\/div>\n<!-- \/wp:woocommerce\/cart-accepted-payment-methods-block --><\/div>\n<!-- \/wp:woocommerce\/cart-totals-block --><\/div>\n<!-- \/wp:woocommerce\/filled-cart-block -->\n\n<!-- wp:woocommerce\/empty-cart-block -->\n<div class=\"wp-block-woocommerce-empty-cart-block\"><!-- wp:heading {\"textAlign\":\"center\",\"className\":\"with-empty-cart-icon wc-block-cart__empty-cart__title\"} -->\n<h2 class=\"wp-block-heading has-text-align-center with-empty-cart-icon wc-block-cart__empty-cart__title\">Votre panier est actuellement vide\u00a0!<\/h2>\n<!-- \/wp:heading -->\n\n<!-- wp:paragraph {\"align\":\"center\"} -->\n<p class=\"has-text-align-center\"><a href=\"https:\/\/connec7e.com\/boutique\/\">Parcourir la boutique<\/a><\/p>\n<!-- \/wp:paragraph -->\n\n<!-- wp:separator {\"className\":\"is-style-dots\"} -->\n<hr class=\"wp-block-separator has-alpha-channel-opacity is-style-dots\"\/>\n<!-- \/wp:separator -->\n\n<!-- wp:heading {\"textAlign\":\"center\"} -->\n<h2 class=\"wp-block-heading has-text-align-center\">Nouveau dans la boutique<\/h2>\n<!-- \/wp:heading -->\n\n<!-- wp:woocommerce\/product-new {\"columns\":4,\"rows\":1} \/--><\/div>\n<!-- \/wp:woocommerce\/empty-cart-block --><\/div>\n<!-- \/wp:woocommerce\/cart -->","_et_gb_content_width":"2880","footnotes":""},"class_list":["post-127","page","type-page","status-publish","hentry"],"yoast_head":"<!-- This site is optimized with the Yoast SEO plugin v27.4 - https:\/\/yoast.com\/product\/yoast-seo-wordpress\/ -->\n<title>\ud83d\uded2 Votre Panier \u2013 Connec7e - Connec7e<\/title>\n<meta name=\"robots\" content=\"index, follow, max-snippet:-1, max-image-preview:large, max-video-preview:-1\" \/>\n<link rel=\"canonical\" href=\"https:\/\/connec7e.com\/en\/panier\/\" \/>\n<meta property=\"og:locale\" content=\"en_US\" \/>\n<meta property=\"og:type\" content=\"article\" \/>\n<meta property=\"og:title\" content=\"\ud83d\uded2 Votre Panier \u2013 Connec7e - Connec7e\" \/>\n<meta property=\"og:description\" content=\"\ud83d\uded2 Votre Panier - Connec7e Paiement 100% s\u00e9curis\u00e9 Exp\u00e9dition Suivie Conception fran\u00e7aise Cr\u00e9ations originales\" \/>\n<meta property=\"og:url\" content=\"https:\/\/connec7e.com\/en\/panier\/\" \/>\n<meta property=\"og:site_name\" content=\"Connec7e\" \/>\n<meta property=\"article:publisher\" content=\"https:\/\/www.facebook.com\/connec7e\/\" \/>\n<meta property=\"article:modified_time\" content=\"2026-04-09T09:48:45+00:00\" \/>\n<meta property=\"og:image\" content=\"https:\/\/connec7e.com\/wp-content\/themes\/Divi-child\/icons\/paiement-securise-4.svg\" \/>\n<meta name=\"twitter:card\" content=\"summary_large_image\" \/>\n<meta name=\"twitter:site\" content=\"@connec7e\" \/>\n<script type=\"application\/ld+json\" class=\"yoast-schema-graph\">{\"@context\":\"https:\\\/\\\/schema.org\",\"@graph\":[{\"@type\":\"WebPage\",\"@id\":\"https:\\\/\\\/connec7e.com\\\/panier\\\/\",\"url\":\"https:\\\/\\\/connec7e.com\\\/panier\\\/\",\"name\":\"\ud83d\uded2 Votre Panier \u2013 Connec7e - Connec7e\",\"isPartOf\":{\"@id\":\"https:\\\/\\\/connec7e.com\\\/#website\"},\"primaryImageOfPage\":{\"@id\":\"https:\\\/\\\/connec7e.com\\\/panier\\\/#primaryimage\"},\"image\":{\"@id\":\"https:\\\/\\\/connec7e.com\\\/panier\\\/#primaryimage\"},\"thumbnailUrl\":\"https:\\\/\\\/connec7e.com\\\/wp-content\\\/themes\\\/Divi-child\\\/icons\\\/paiement-securise-4.svg\",\"datePublished\":\"2025-10-01T07:02:51+00:00\",\"dateModified\":\"2026-04-09T09:48:45+00:00\",\"breadcrumb\":{\"@id\":\"https:\\\/\\\/connec7e.com\\\/panier\\\/#breadcrumb\"},\"inLanguage\":\"en-US\",\"potentialAction\":[{\"@type\":\"ReadAction\",\"target\":[\"https:\\\/\\\/connec7e.com\\\/panier\\\/\"]}]},{\"@type\":\"ImageObject\",\"inLanguage\":\"en-US\",\"@id\":\"https:\\\/\\\/connec7e.com\\\/panier\\\/#primaryimage\",\"url\":\"https:\\\/\\\/connec7e.com\\\/wp-content\\\/themes\\\/Divi-child\\\/icons\\\/paiement-securise-4.svg\",\"contentUrl\":\"https:\\\/\\\/connec7e.com\\\/wp-content\\\/themes\\\/Divi-child\\\/icons\\\/paiement-securise-4.svg\"},{\"@type\":\"BreadcrumbList\",\"@id\":\"https:\\\/\\\/connec7e.com\\\/panier\\\/#breadcrumb\",\"itemListElement\":[{\"@type\":\"ListItem\",\"position\":1,\"name\":\"Accueil\",\"item\":\"https:\\\/\\\/connec7e.com\\\/\"},{\"@type\":\"ListItem\",\"position\":2,\"name\":\"\ud83d\uded2 Votre Panier \u2013 Connec7e\"}]},{\"@type\":\"WebSite\",\"@id\":\"https:\\\/\\\/connec7e.com\\\/#website\",\"url\":\"https:\\\/\\\/connec7e.com\\\/\",\"name\":\"connec7e.com\",\"description\":\"Atelier cr\u00e9atif, impression 3D, custom et textile\",\"publisher\":{\"@id\":\"https:\\\/\\\/connec7e.com\\\/#organization\"},\"potentialAction\":[{\"@type\":\"SearchAction\",\"target\":{\"@type\":\"EntryPoint\",\"urlTemplate\":\"https:\\\/\\\/connec7e.com\\\/?s={search_term_string}\"},\"query-input\":{\"@type\":\"PropertyValueSpecification\",\"valueRequired\":true,\"valueName\":\"search_term_string\"}}],\"inLanguage\":\"en-US\"},{\"@type\":\"Organization\",\"@id\":\"https:\\\/\\\/connec7e.com\\\/#organization\",\"name\":\"connec7e\",\"url\":\"https:\\\/\\\/connec7e.com\\\/\",\"logo\":{\"@type\":\"ImageObject\",\"inLanguage\":\"en-US\",\"@id\":\"https:\\\/\\\/connec7e.com\\\/#\\\/schema\\\/logo\\\/image\\\/\",\"url\":\"https:\\\/\\\/connec7e.com\\\/wp-content\\\/uploads\\\/2025\\\/09\\\/Connec7e-Atelier-creatif-impression-3D-custom.png\",\"contentUrl\":\"https:\\\/\\\/connec7e.com\\\/wp-content\\\/uploads\\\/2025\\\/09\\\/Connec7e-Atelier-creatif-impression-3D-custom.png\",\"width\":512,\"height\":512,\"caption\":\"connec7e\"},\"image\":{\"@id\":\"https:\\\/\\\/connec7e.com\\\/#\\\/schema\\\/logo\\\/image\\\/\"},\"sameAs\":[\"https:\\\/\\\/www.facebook.com\\\/connec7e\\\/\",\"https:\\\/\\\/x.com\\\/connec7e\",\"https:\\\/\\\/www.instagram.com\\\/connec7e\\\/\",\"https:\\\/\\\/www.tiktok.com\\\/@connec7e\",\"https:\\\/\\\/www.youtube.com\\\/@connec7e\",\"https:\\\/\\\/www.reddit.com\\\/user\\\/connecTe\\\/\",\"https:\\\/\\\/cults3d.com\\\/fr\\\/utilisateurs\\\/connec7e\\\/fichiers-3d\"]}]}<\/script>\n<!-- \/ Yoast SEO plugin. -->","yoast_head_json":{"title":"\ud83d\uded2 Votre Panier \u2013 Connec7e - Connec7e","robots":{"index":"index","follow":"follow","max-snippet":"max-snippet:-1","max-image-preview":"max-image-preview:large","max-video-preview":"max-video-preview:-1"},"canonical":"https:\/\/connec7e.com\/en\/panier\/","og_locale":"en_US","og_type":"article","og_title":"\ud83d\uded2 Votre Panier \u2013 Connec7e - Connec7e","og_description":"\ud83d\uded2 Votre Panier - Connec7e Paiement 100% s\u00e9curis\u00e9 Exp\u00e9dition Suivie Conception fran\u00e7aise Cr\u00e9ations originales","og_url":"https:\/\/connec7e.com\/en\/panier\/","og_site_name":"Connec7e","article_publisher":"https:\/\/www.facebook.com\/connec7e\/","article_modified_time":"2026-04-09T09:48:45+00:00","og_image":[{"url":"https:\/\/connec7e.com\/wp-content\/themes\/Divi-child\/icons\/paiement-securise-4.svg","type":"","width":"","height":""}],"twitter_card":"summary_large_image","twitter_site":"@connec7e","schema":{"@context":"https:\/\/schema.org","@graph":[{"@type":"WebPage","@id":"https:\/\/connec7e.com\/panier\/","url":"https:\/\/connec7e.com\/panier\/","name":"\ud83d\uded2 Votre Panier \u2013 Connec7e - Connec7e","isPartOf":{"@id":"https:\/\/connec7e.com\/#website"},"primaryImageOfPage":{"@id":"https:\/\/connec7e.com\/panier\/#primaryimage"},"image":{"@id":"https:\/\/connec7e.com\/panier\/#primaryimage"},"thumbnailUrl":"https:\/\/connec7e.com\/wp-content\/themes\/Divi-child\/icons\/paiement-securise-4.svg","datePublished":"2025-10-01T07:02:51+00:00","dateModified":"2026-04-09T09:48:45+00:00","breadcrumb":{"@id":"https:\/\/connec7e.com\/panier\/#breadcrumb"},"inLanguage":"en-US","potentialAction":[{"@type":"ReadAction","target":["https:\/\/connec7e.com\/panier\/"]}]},{"@type":"ImageObject","inLanguage":"en-US","@id":"https:\/\/connec7e.com\/panier\/#primaryimage","url":"https:\/\/connec7e.com\/wp-content\/themes\/Divi-child\/icons\/paiement-securise-4.svg","contentUrl":"https:\/\/connec7e.com\/wp-content\/themes\/Divi-child\/icons\/paiement-securise-4.svg"},{"@type":"BreadcrumbList","@id":"https:\/\/connec7e.com\/panier\/#breadcrumb","itemListElement":[{"@type":"ListItem","position":1,"name":"Accueil","item":"https:\/\/connec7e.com\/"},{"@type":"ListItem","position":2,"name":"\ud83d\uded2 Votre Panier \u2013 Connec7e"}]},{"@type":"WebSite","@id":"https:\/\/connec7e.com\/#website","url":"https:\/\/connec7e.com\/","name":"connec7e.com","description":"Atelier cr\u00e9atif, impression 3D, custom et textile","publisher":{"@id":"https:\/\/connec7e.com\/#organization"},"potentialAction":[{"@type":"SearchAction","target":{"@type":"EntryPoint","urlTemplate":"https:\/\/connec7e.com\/?s={search_term_string}"},"query-input":{"@type":"PropertyValueSpecification","valueRequired":true,"valueName":"search_term_string"}}],"inLanguage":"en-US"},{"@type":"Organization","@id":"https:\/\/connec7e.com\/#organization","name":"connec7e","url":"https:\/\/connec7e.com\/","logo":{"@type":"ImageObject","inLanguage":"en-US","@id":"https:\/\/connec7e.com\/#\/schema\/logo\/image\/","url":"https:\/\/connec7e.com\/wp-content\/uploads\/2025\/09\/Connec7e-Atelier-creatif-impression-3D-custom.png","contentUrl":"https:\/\/connec7e.com\/wp-content\/uploads\/2025\/09\/Connec7e-Atelier-creatif-impression-3D-custom.png","width":512,"height":512,"caption":"connec7e"},"image":{"@id":"https:\/\/connec7e.com\/#\/schema\/logo\/image\/"},"sameAs":["https:\/\/www.facebook.com\/connec7e\/","https:\/\/x.com\/connec7e","https:\/\/www.instagram.com\/connec7e\/","https:\/\/www.tiktok.com\/@connec7e","https:\/\/www.youtube.com\/@connec7e","https:\/\/www.reddit.com\/user\/connecTe\/","https:\/\/cults3d.com\/fr\/utilisateurs\/connec7e\/fichiers-3d"]}]}},"_links":{"self":[{"href":"https:\/\/connec7e.com\/en\/wp-json\/wp\/v2\/pages\/127","targetHints":{"allow":["GET"]}}],"collection":[{"href":"https:\/\/connec7e.com\/en\/wp-json\/wp\/v2\/pages"}],"about":[{"href":"https:\/\/connec7e.com\/en\/wp-json\/wp\/v2\/types\/page"}],"author":[{"embeddable":true,"href":"https:\/\/connec7e.com\/en\/wp-json\/wp\/v2\/users\/1"}],"replies":[{"embeddable":true,"href":"https:\/\/connec7e.com\/en\/wp-json\/wp\/v2\/comments?post=127"}],"version-history":[{"count":80,"href":"https:\/\/connec7e.com\/en\/wp-json\/wp\/v2\/pages\/127\/revisions"}],"predecessor-version":[{"id":2872,"href":"https:\/\/connec7e.com\/en\/wp-json\/wp\/v2\/pages\/127\/revisions\/2872"}],"wp:attachment":[{"href":"https:\/\/connec7e.com\/en\/wp-json\/wp\/v2\/media?parent=127"}],"curies":[{"name":"wp","href":"https:\/\/api.w.org\/{rel}","templated":true}]}}