{"id":256,"date":"2025-10-03T09:58:39","date_gmt":"2025-10-03T09:58:39","guid":{"rendered":"https:\/\/connec7e.com\/?page_id=256"},"modified":"2025-10-23T12:57:21","modified_gmt":"2025-10-23T12:57:21","slug":"politique-de-confidentialite","status":"publish","type":"page","link":"https:\/\/connec7e.com\/en\/politique-de-confidentialite\/","title":{"rendered":"Politique de Confidentialit\u00e9"},"content":{"rendered":"<p>[et_pb_section fb_built=\u00a0\u00bb1&Prime; _builder_version=\u00a0\u00bb4.27.4&Prime; _module_preset=\u00a0\u00bbdefault\u00a0\u00bb global_colors_info=\u00a0\u00bb{}\u00a0\u00bb][et_pb_row _builder_version=\u00a0\u00bb4.27.4&Prime; _module_preset=\u00a0\u00bbdefault\u00a0\u00bb width=\u00a0\u00bb50%\u00a0\u00bb global_colors_info=\u00a0\u00bb{}\u00a0\u00bb][et_pb_column type=\u00a0\u00bb4_4&Prime; _builder_version=\u00a0\u00bb4.27.4&Prime; _module_preset=\u00a0\u00bbdefault\u00a0\u00bb global_colors_info=\u00a0\u00bb{}\u00a0\u00bb][et_pb_text ul_item_indent=\u00a0\u00bb40px\u00a0\u00bb _builder_version=\u00a0\u00bb4.27.4&Prime; _module_preset=\u00a0\u00bbdefault\u00a0\u00bb global_colors_info=\u00a0\u00bb{}\u00a0\u00bb]<\/p>\n<h1>Politique de confidentialit\u00e9<\/h1>\n<h2 data-start=\"378\" data-end=\"406\">Responsable du traitement<\/h2>\n<p>Les sites <a href=\"https:\/\/any-communication.com\" title=\"any-communication.com\"><strong>any-communication.com<\/strong><\/a> et <a href=\"https:\/\/connec7e.com\" title=\"connec7e.com\"><strong>connec7e.com<\/strong><\/a>, ainsi que les applications associ\u00e9es (Facebook, LinkedIn, Pinterest, YouTube, Instagram, etc.) sont exploit\u00e9s par :<\/p>\n<p>Any Communication<br \/>9 rue des Colonnes<br \/>75002 Paris<\/p>\n<p>Contact par courriel \u00e0 l&rsquo;aide du <span style=\"text-decoration: underline;\"><strong><a href=\"\/contact\" title=\"formulaire de contact\">formulaire<\/a><\/strong><\/span> ;<\/p>\n<p>Toute collecte et traitement de donn\u00e9es effectu\u00e9s via nos services sont conformes au R\u00e8glement G\u00e9n\u00e9ral sur la Protection des Donn\u00e9es (RGPD) et \u00e0 la loi Informatique et Libert\u00e9s.<\/p>\n<h2>Vos droits<\/h2>\n<p>Conform\u00e9ment \u00e0 la loi Informatique et Libert\u00e9s du 6 janvier 1978 et au RGPD, vous disposez d\u2019un droit d\u2019acc\u00e8s, de rectification, de modification et de suppression des donn\u00e9es vous concernant.<br data-start=\"919\" data-end=\"922\" \/>Vous pouvez exercer ce droit :<\/p>\n<ul>\n<li>Par courriel \u00e0 l&rsquo;aide du <span style=\"text-decoration: underline;\"><strong><a href=\"\/suppression-donnees\" title=\"formulaire de contact\">formulaire<\/a><\/strong><\/span> ;<\/li>\n<li>par courrier : Any Communication &#8211; 9 rue des Colonnes &#8211; 75002 Paris<\/li>\n<\/ul>\n<h2>Utilisation des int\u00e9grations avec des plateformes tierces<\/h2>\n<p>Lorsque vous utilisez nos applications ou int\u00e9grations avec des plateformes tierces (telles que Facebook, Instagram, LinkedIn, Pinterest, YouTube), nous pouvons \u00eatre amen\u00e9s \u00e0 collecter et traiter certaines donn\u00e9es rendues disponibles par ces services, notamment :<\/p>\n<ul>\n<li>Identifiant de compte,<\/li>\n<li>Adresse e-mail,<\/li>\n<li>Informations de profil public (nom, photo de profil),<\/li>\n<li>Informations li\u00e9es aux pages, cha\u00eenes ou tableaux que vous administrez,<\/li>\n<li>Statistiques d\u2019audience ou de performance.<\/li>\n<\/ul>\n<h3>Finalit\u00e9 de la collecte<\/h3>\n<p>Ces donn\u00e9es sont utilis\u00e9es uniquement afin de permettre :<\/p>\n<ul>\n<li>la connexion s\u00e9curis\u00e9e \u00e0 l\u2019application,<\/li>\n<li>la gestion des autorisations d\u2019acc\u00e8s,<\/li>\n<li>la planification ou la publication de contenus,<\/li>\n<li>la consultation et l\u2019analyse des performances associ\u00e9es.<\/li>\n<\/ul>\n<h3>Conservation et s\u00e9curit\u00e9<\/h3>\n<ul>\n<li>Les jetons d\u2019acc\u00e8s g\u00e9n\u00e9r\u00e9s par ces plateformes sont stock\u00e9s de mani\u00e8re s\u00e9curis\u00e9e.<\/li>\n<li>Ils ne sont conserv\u00e9s que pour la dur\u00e9e n\u00e9cessaire au fonctionnement de l\u2019application et supprim\u00e9s en cas de r\u00e9vocation ou d\u2019inactivit\u00e9 prolong\u00e9e.<\/li>\n<li>Nous ne partageons, revendons ni ne transf\u00e9rons vos donn\u00e9es personnelles \u00e0 des tiers, sauf obligation l\u00e9gale.<\/li>\n<li>Les donn\u00e9es transmises via nos formulaires de contact sont conserv\u00e9es pendant le temps n\u00e9cessaire au traitement de votre demande, et au maximum 12 mois apr\u00e8s le dernier \u00e9change.<\/li>\n<\/ul>\n<h2>Traceurs et cookies<\/h2>\n<p>Lorsque vous visitez notre site, des cookies peuvent \u00eatre d\u00e9pos\u00e9s sur votre appareil. Un bandeau d\u2019information vous permet d\u2019accepter ou de refuser ces traceurs.<\/p>\n<h3>Types de cookies utilis\u00e9s<\/h3>\n<ol>\n<li><strong>Cookies strictement n\u00e9cessaires :<\/strong> garantissent le bon fonctionnement du site.<\/li>\n<li><strong>Cookies tiers :<\/strong> destin\u00e9s \u00e0 am\u00e9liorer l\u2019interactivit\u00e9 (ex. vid\u00e9os, boutons de partage, protection anti-spam via reCAPTCHA).<\/li>\n<\/ol>\n<p>Vous pouvez g\u00e9rer vos pr\u00e9f\u00e9rences depuis notre outil de gestion des cookies ou via les param\u00e8tres de votre navigateur (Firefox, Chrome, Edge, Safari, Opera).<\/p>\n<h3>S\u00e9curit\u00e9<\/h3>\n<p>Nous mettons en \u0153uvre des mesures techniques et organisationnelles afin de prot\u00e9ger vos donn\u00e9es personnelles contre tout acc\u00e8s non autoris\u00e9, perte ou divulgation.<\/p>\n<p>[\/et_pb_text][\/et_pb_column][\/et_pb_row][\/et_pb_section]<\/p>\n","protected":false},"excerpt":{"rendered":"<p>Politique de confidentialit\u00e9 Responsable du traitement Les sites any-communication.com et connec7e.com, ainsi que les applications associ\u00e9es (Facebook, LinkedIn, Pinterest, YouTube, Instagram, etc.) sont exploit\u00e9s par : Any Communication9 rue des Colonnes75002 Paris Contact par courriel \u00e0 l&rsquo;aide du formulaire ; Toute collecte et traitement de donn\u00e9es effectu\u00e9s via nos services sont conformes au R\u00e8glement G\u00e9n\u00e9ral sur la Protection des Donn\u00e9es (RGPD) et \u00e0 la loi Informatique et Libert\u00e9s. Vos droits Conform\u00e9ment \u00e0 la loi Informatique et Libert\u00e9s du 6 janvier 1978 et au RGPD, vous disposez d\u2019un droit d\u2019acc\u00e8s, de rectification, de modification et de suppression des donn\u00e9es vous concernant.Vous pouvez exercer ce droit : Par courriel \u00e0 l&rsquo;aide du formulaire ; par courrier : Any Communication &#8211; 9 rue des Colonnes &#8211; 75002 Paris Utilisation des int\u00e9grations avec des plateformes tierces Lorsque vous utilisez nos applications ou int\u00e9grations avec des plateformes tierces (telles que Facebook, Instagram, LinkedIn, Pinterest, YouTube), nous pouvons \u00eatre amen\u00e9s \u00e0 collecter et traiter certaines donn\u00e9es rendues disponibles par ces services, notamment : Identifiant de compte, Adresse e-mail, Informations de profil public (nom, photo de profil), Informations li\u00e9es aux pages, cha\u00eenes ou tableaux que vous administrez, Statistiques d\u2019audience ou de performance. Finalit\u00e9 de la collecte Ces [&hellip;]<\/p>\n","protected":false},"author":1,"featured_media":0,"parent":0,"menu_order":996,"comment_status":"closed","ping_status":"closed","template":"","meta":{"_et_pb_use_builder":"on","_et_pb_old_content":"","_et_gb_content_width":"","footnotes":""},"class_list":["post-256","page","type-page","status-publish","hentry"],"yoast_head":"<!-- This site is optimized with the Yoast SEO plugin v27.4 - https:\/\/yoast.com\/product\/yoast-seo-wordpress\/ -->\n<title>Politique de Confidentialit\u00e9 - Connec7e<\/title>\n<meta name=\"description\" content=\"D\u00e9couvrez comment Connec7e, enseigne de Any Communication, collecte, utilise et prot\u00e8ge vos donn\u00e9es personnelles conform\u00e9ment au RGPD. Transparence et s\u00e9curit\u00e9 garanties.\" \/>\n<meta name=\"robots\" content=\"index, follow, max-snippet:-1, max-image-preview:large, max-video-preview:-1\" \/>\n<link rel=\"canonical\" href=\"https:\/\/connec7e.com\/en\/politique-de-confidentialite\/\" \/>\n<meta property=\"og:locale\" content=\"en_US\" \/>\n<meta property=\"og:type\" content=\"article\" \/>\n<meta property=\"og:title\" content=\"Politique de Confidentialit\u00e9 - Connec7e\" \/>\n<meta property=\"og:description\" content=\"D\u00e9couvrez comment Connec7e, enseigne de Any Communication, collecte, utilise et prot\u00e8ge vos donn\u00e9es personnelles conform\u00e9ment au RGPD. Transparence et s\u00e9curit\u00e9 garanties.\" \/>\n<meta property=\"og:url\" content=\"https:\/\/connec7e.com\/en\/politique-de-confidentialite\/\" \/>\n<meta property=\"og:site_name\" content=\"Connec7e\" \/>\n<meta property=\"article:publisher\" content=\"https:\/\/www.facebook.com\/connec7e\/\" \/>\n<meta property=\"article:modified_time\" content=\"2025-10-23T12:57:21+00:00\" \/>\n<meta name=\"twitter:card\" content=\"summary_large_image\" \/>\n<meta name=\"twitter:site\" content=\"@connec7e\" \/>\n<script type=\"application\/ld+json\" class=\"yoast-schema-graph\">{\"@context\":\"https:\\\/\\\/schema.org\",\"@graph\":[{\"@type\":\"WebPage\",\"@id\":\"https:\\\/\\\/connec7e.com\\\/politique-de-confidentialite\\\/\",\"url\":\"https:\\\/\\\/connec7e.com\\\/politique-de-confidentialite\\\/\",\"name\":\"Politique de Confidentialit\u00e9 - Connec7e\",\"isPartOf\":{\"@id\":\"https:\\\/\\\/connec7e.com\\\/#website\"},\"datePublished\":\"2025-10-03T09:58:39+00:00\",\"dateModified\":\"2025-10-23T12:57:21+00:00\",\"description\":\"D\u00e9couvrez comment Connec7e, enseigne de Any Communication, collecte, utilise et prot\u00e8ge vos donn\u00e9es personnelles conform\u00e9ment au RGPD. Transparence et s\u00e9curit\u00e9 garanties.\",\"breadcrumb\":{\"@id\":\"https:\\\/\\\/connec7e.com\\\/politique-de-confidentialite\\\/#breadcrumb\"},\"inLanguage\":\"en-US\",\"potentialAction\":[{\"@type\":\"ReadAction\",\"target\":[\"https:\\\/\\\/connec7e.com\\\/politique-de-confidentialite\\\/\"]}]},{\"@type\":\"BreadcrumbList\",\"@id\":\"https:\\\/\\\/connec7e.com\\\/politique-de-confidentialite\\\/#breadcrumb\",\"itemListElement\":[{\"@type\":\"ListItem\",\"position\":1,\"name\":\"Accueil\",\"item\":\"https:\\\/\\\/connec7e.com\\\/\"},{\"@type\":\"ListItem\",\"position\":2,\"name\":\"Politique de Confidentialit\u00e9\"}]},{\"@type\":\"WebSite\",\"@id\":\"https:\\\/\\\/connec7e.com\\\/#website\",\"url\":\"https:\\\/\\\/connec7e.com\\\/\",\"name\":\"connec7e.com\",\"description\":\"Atelier cr\u00e9atif, impression 3D, custom et textile\",\"publisher\":{\"@id\":\"https:\\\/\\\/connec7e.com\\\/#organization\"},\"potentialAction\":[{\"@type\":\"SearchAction\",\"target\":{\"@type\":\"EntryPoint\",\"urlTemplate\":\"https:\\\/\\\/connec7e.com\\\/?s={search_term_string}\"},\"query-input\":{\"@type\":\"PropertyValueSpecification\",\"valueRequired\":true,\"valueName\":\"search_term_string\"}}],\"inLanguage\":\"en-US\"},{\"@type\":\"Organization\",\"@id\":\"https:\\\/\\\/connec7e.com\\\/#organization\",\"name\":\"connec7e\",\"url\":\"https:\\\/\\\/connec7e.com\\\/\",\"logo\":{\"@type\":\"ImageObject\",\"inLanguage\":\"en-US\",\"@id\":\"https:\\\/\\\/connec7e.com\\\/#\\\/schema\\\/logo\\\/image\\\/\",\"url\":\"https:\\\/\\\/connec7e.com\\\/wp-content\\\/uploads\\\/2025\\\/09\\\/Connec7e-Atelier-creatif-impression-3D-custom.png\",\"contentUrl\":\"https:\\\/\\\/connec7e.com\\\/wp-content\\\/uploads\\\/2025\\\/09\\\/Connec7e-Atelier-creatif-impression-3D-custom.png\",\"width\":512,\"height\":512,\"caption\":\"connec7e\"},\"image\":{\"@id\":\"https:\\\/\\\/connec7e.com\\\/#\\\/schema\\\/logo\\\/image\\\/\"},\"sameAs\":[\"https:\\\/\\\/www.facebook.com\\\/connec7e\\\/\",\"https:\\\/\\\/x.com\\\/connec7e\",\"https:\\\/\\\/www.instagram.com\\\/connec7e\\\/\",\"https:\\\/\\\/www.tiktok.com\\\/@connec7e\",\"https:\\\/\\\/www.youtube.com\\\/@connec7e\",\"https:\\\/\\\/www.reddit.com\\\/user\\\/connecTe\\\/\",\"https:\\\/\\\/cults3d.com\\\/fr\\\/utilisateurs\\\/connec7e\\\/fichiers-3d\"]}]}<\/script>\n<!-- \/ Yoast SEO plugin. -->","yoast_head_json":{"title":"Politique de Confidentialit\u00e9 - Connec7e","description":"D\u00e9couvrez comment Connec7e, enseigne de Any Communication, collecte, utilise et prot\u00e8ge vos donn\u00e9es personnelles conform\u00e9ment au RGPD. Transparence et s\u00e9curit\u00e9 garanties.","robots":{"index":"index","follow":"follow","max-snippet":"max-snippet:-1","max-image-preview":"max-image-preview:large","max-video-preview":"max-video-preview:-1"},"canonical":"https:\/\/connec7e.com\/en\/politique-de-confidentialite\/","og_locale":"en_US","og_type":"article","og_title":"Politique de Confidentialit\u00e9 - Connec7e","og_description":"D\u00e9couvrez comment Connec7e, enseigne de Any Communication, collecte, utilise et prot\u00e8ge vos donn\u00e9es personnelles conform\u00e9ment au RGPD. Transparence et s\u00e9curit\u00e9 garanties.","og_url":"https:\/\/connec7e.com\/en\/politique-de-confidentialite\/","og_site_name":"Connec7e","article_publisher":"https:\/\/www.facebook.com\/connec7e\/","article_modified_time":"2025-10-23T12:57:21+00:00","twitter_card":"summary_large_image","twitter_site":"@connec7e","schema":{"@context":"https:\/\/schema.org","@graph":[{"@type":"WebPage","@id":"https:\/\/connec7e.com\/politique-de-confidentialite\/","url":"https:\/\/connec7e.com\/politique-de-confidentialite\/","name":"Politique de Confidentialit\u00e9 - Connec7e","isPartOf":{"@id":"https:\/\/connec7e.com\/#website"},"datePublished":"2025-10-03T09:58:39+00:00","dateModified":"2025-10-23T12:57:21+00:00","description":"D\u00e9couvrez comment Connec7e, enseigne de Any Communication, collecte, utilise et prot\u00e8ge vos donn\u00e9es personnelles conform\u00e9ment au RGPD. Transparence et s\u00e9curit\u00e9 garanties.","breadcrumb":{"@id":"https:\/\/connec7e.com\/politique-de-confidentialite\/#breadcrumb"},"inLanguage":"en-US","potentialAction":[{"@type":"ReadAction","target":["https:\/\/connec7e.com\/politique-de-confidentialite\/"]}]},{"@type":"BreadcrumbList","@id":"https:\/\/connec7e.com\/politique-de-confidentialite\/#breadcrumb","itemListElement":[{"@type":"ListItem","position":1,"name":"Accueil","item":"https:\/\/connec7e.com\/"},{"@type":"ListItem","position":2,"name":"Politique de Confidentialit\u00e9"}]},{"@type":"WebSite","@id":"https:\/\/connec7e.com\/#website","url":"https:\/\/connec7e.com\/","name":"connec7e.com","description":"Atelier cr\u00e9atif, impression 3D, custom et textile","publisher":{"@id":"https:\/\/connec7e.com\/#organization"},"potentialAction":[{"@type":"SearchAction","target":{"@type":"EntryPoint","urlTemplate":"https:\/\/connec7e.com\/?s={search_term_string}"},"query-input":{"@type":"PropertyValueSpecification","valueRequired":true,"valueName":"search_term_string"}}],"inLanguage":"en-US"},{"@type":"Organization","@id":"https:\/\/connec7e.com\/#organization","name":"connec7e","url":"https:\/\/connec7e.com\/","logo":{"@type":"ImageObject","inLanguage":"en-US","@id":"https:\/\/connec7e.com\/#\/schema\/logo\/image\/","url":"https:\/\/connec7e.com\/wp-content\/uploads\/2025\/09\/Connec7e-Atelier-creatif-impression-3D-custom.png","contentUrl":"https:\/\/connec7e.com\/wp-content\/uploads\/2025\/09\/Connec7e-Atelier-creatif-impression-3D-custom.png","width":512,"height":512,"caption":"connec7e"},"image":{"@id":"https:\/\/connec7e.com\/#\/schema\/logo\/image\/"},"sameAs":["https:\/\/www.facebook.com\/connec7e\/","https:\/\/x.com\/connec7e","https:\/\/www.instagram.com\/connec7e\/","https:\/\/www.tiktok.com\/@connec7e","https:\/\/www.youtube.com\/@connec7e","https:\/\/www.reddit.com\/user\/connecTe\/","https:\/\/cults3d.com\/fr\/utilisateurs\/connec7e\/fichiers-3d"]}]}},"_links":{"self":[{"href":"https:\/\/connec7e.com\/en\/wp-json\/wp\/v2\/pages\/256","targetHints":{"allow":["GET"]}}],"collection":[{"href":"https:\/\/connec7e.com\/en\/wp-json\/wp\/v2\/pages"}],"about":[{"href":"https:\/\/connec7e.com\/en\/wp-json\/wp\/v2\/types\/page"}],"author":[{"embeddable":true,"href":"https:\/\/connec7e.com\/en\/wp-json\/wp\/v2\/users\/1"}],"replies":[{"embeddable":true,"href":"https:\/\/connec7e.com\/en\/wp-json\/wp\/v2\/comments?post=256"}],"version-history":[{"count":8,"href":"https:\/\/connec7e.com\/en\/wp-json\/wp\/v2\/pages\/256\/revisions"}],"predecessor-version":[{"id":877,"href":"https:\/\/connec7e.com\/en\/wp-json\/wp\/v2\/pages\/256\/revisions\/877"}],"wp:attachment":[{"href":"https:\/\/connec7e.com\/en\/wp-json\/wp\/v2\/media?parent=256"}],"curies":[{"name":"wp","href":"https:\/\/api.w.org\/{rel}","templated":true}]}}