{"id":258,"date":"2025-10-03T13:25:19","date_gmt":"2025-10-03T13:25:19","guid":{"rendered":"https:\/\/connec7e.com\/?page_id=258"},"modified":"2025-10-03T14:56:31","modified_gmt":"2025-10-03T14:56:31","slug":"suppression-donnees","status":"publish","type":"page","link":"https:\/\/connec7e.com\/en\/suppression-donnees\/","title":{"rendered":"Suppression des donn\u00e9es utilisateur"},"content":{"rendered":"<p>[et_pb_section fb_built=\u00a0\u00bb1&Prime; _builder_version=\u00a0\u00bb4.27.4&Prime; _module_preset=\u00a0\u00bbdefault\u00a0\u00bb background_color=\u00a0\u00bbRGBA(255,255,255,0)\u00a0\u00bb background_enable_image=\u00a0\u00bboff\u00a0\u00bb background_repeat=\u00a0\u00bbrepeat\u00a0\u00bb background_blend=\u00a0\u00bbdifference\u00a0\u00bb custom_padding=\u00a0\u00bb||||false|false\u00a0\u00bb global_colors_info=\u00a0\u00bb{}\u00a0\u00bb][et_pb_row _builder_version=\u00a0\u00bb4.27.4&Prime; _module_preset=\u00a0\u00bbdefault\u00a0\u00bb hover_enabled=\u00a0\u00bb0&Prime; global_colors_info=\u00a0\u00bb{}\u00a0\u00bb custom_padding=\u00a0\u00bb||20px||false|false\u00a0\u00bb sticky_enabled=\u00a0\u00bb0&Prime;][et_pb_column type=\u00a0\u00bb4_4&Prime; _builder_version=\u00a0\u00bb4.27.4&Prime; _module_preset=\u00a0\u00bbdefault\u00a0\u00bb global_colors_info=\u00a0\u00bb{}\u00a0\u00bb][et_pb_post_title meta=\u00a0\u00bboff\u00a0\u00bb featured_image=\u00a0\u00bboff\u00a0\u00bb _builder_version=\u00a0\u00bb4.27.4&Prime; _module_preset=\u00a0\u00bbdefault\u00a0\u00bb global_colors_info=\u00a0\u00bb{}\u00a0\u00bb hover_enabled=\u00a0\u00bb0&Prime; sticky_enabled=\u00a0\u00bb0&Prime; custom_padding=\u00a0\u00bb||0px||false|false\u00a0\u00bb][\/et_pb_post_title][\/et_pb_column][\/et_pb_row][et_pb_row make_equal=\u00a0\u00bbon\u00a0\u00bb module_class=\u00a0\u00bbde-liquidGlass-wrapper\u00a0\u00bb _builder_version=\u00a0\u00bb4.27.4&Prime; _module_preset=\u00a0\u00bbdefault\u00a0\u00bb background_color=\u00a0\u00bbrgba(255,255,255,0.1)\u00a0\u00bb custom_margin=\u00a0\u00bb0px||30px||false|false\u00a0\u00bb custom_padding=\u00a0\u00bb20px|20px|20px|20px|false|false\u00a0\u00bb link_option_url=\u00a0\u00bbhttps:\/\/cults3d.com\/fr\/utilisateurs\/connec7e\/fichiers-3d\u00a0\u00bb border_radii=\u00a0\u00bbon|15px|15px|15px|15px\u00a0\u00bb border_width_all=\u00a0\u00bb2px\u00a0\u00bb border_color_all=\u00a0\u00bbrgba(255,255,255,0.27)\u00a0\u00bb box_shadow_style=\u00a0\u00bbpreset1&Prime; global_colors_info=\u00a0\u00bb{}\u00a0\u00bb background_color__hover=\u00a0\u00bbrgba(14,14,14,0.13)\u00a0\u00bb background_enable_color__hover=\u00a0\u00bbon\u00a0\u00bb][et_pb_column type=\u00a0\u00bb4_4&Prime; module_class=\u00a0\u00bbrow-vcenter\u00a0\u00bb _builder_version=\u00a0\u00bb4.27.4&Prime; _module_preset=\u00a0\u00bbdefault\u00a0\u00bb global_colors_info=\u00a0\u00bb{}\u00a0\u00bb][et_pb_text _builder_version=\u00a0\u00bb4.27.4&Prime; _module_preset=\u00a0\u00bbdefault\u00a0\u00bb global_colors_info=\u00a0\u00bb{}\u00a0\u00bb]<\/p>\n<p>Conform\u00e9ment au RGPD et aux exigences des plateformes (Facebook, LinkedIn, YouTube, Pinterest, etc.), vous pouvez \u00e0 tout moment demander la suppression de vos donn\u00e9es personnelles collect\u00e9es via nos sites et applications.<\/p>\n<p>Merci d\u2019utiliser le formulaire ci-dessous pour soumettre votre demande :<\/p>\n<p>[\/et_pb_text][\/et_pb_column][\/et_pb_row][et_pb_row make_equal=\u00a0\u00bbon\u00a0\u00bb module_class=\u00a0\u00bbde-liquidGlass-wrapper\u00a0\u00bb _builder_version=\u00a0\u00bb4.27.4&Prime; _module_preset=\u00a0\u00bbdefault\u00a0\u00bb background_color=\u00a0\u00bbrgba(255,255,255,0.1)\u00a0\u00bb custom_margin=\u00a0\u00bb0px||30px||false|false\u00a0\u00bb custom_padding=\u00a0\u00bb20px|20px|20px|20px|false|false\u00a0\u00bb border_radii=\u00a0\u00bbon|15px|15px|15px|15px\u00a0\u00bb border_width_all=\u00a0\u00bb2px\u00a0\u00bb border_color_all=\u00a0\u00bbrgba(255,255,255,0.27)\u00a0\u00bb box_shadow_style=\u00a0\u00bbpreset1&Prime; global_colors_info=\u00a0\u00bb{}\u00a0\u00bb background_color__hover=\u00a0\u00bbrgba(14,14,14,0.13)\u00a0\u00bb background_enable_color__hover=\u00a0\u00bbon\u00a0\u00bb][et_pb_column type=\u00a0\u00bb4_4&Prime; module_class=\u00a0\u00bbrow-vcenter\u00a0\u00bb _builder_version=\u00a0\u00bb4.27.4&Prime; _module_preset=\u00a0\u00bbdefault\u00a0\u00bb global_colors_info=\u00a0\u00bb{}\u00a0\u00bb][dsm_contact_form_7 cf7_library=\u00a0\u00bb322&Prime; _builder_version=\u00a0\u00bb4.27.4&Prime; _module_preset=\u00a0\u00bbdefault\u00a0\u00bb custom_button_one=\u00a0\u00bbon\u00a0\u00bb button_one_text_color=\u00a0\u00bb#FFFFFF\u00a0\u00bb button_one_bg_color=\u00a0\u00bb#e32c2c\u00a0\u00bb button_one_border_color=\u00a0\u00bbRGBA(255,255,255,0)\u00a0\u00bb button_one_border_radius=\u00a0\u00bb6px\u00a0\u00bb button_one_use_icon=\u00a0\u00bboff\u00a0\u00bb width=\u00a0\u00bb100%\u00a0\u00bb max_width=\u00a0\u00bb100%\u00a0\u00bb global_colors_info=\u00a0\u00bb{}\u00a0\u00bb button_one_bg_color__hover_enabled=\u00a0\u00bbon|hover\u00a0\u00bb button_one_bg_color__hover=\u00a0\u00bbrgba(227,44,44,0.57)\u00a0\u00bb button_one_bg_enable_color__hover=\u00a0\u00bbon\u00a0\u00bb][\/dsm_contact_form_7][\/et_pb_column][\/et_pb_row][\/et_pb_section]<\/p>\n","protected":false},"excerpt":{"rendered":"<p>Conform\u00e9ment au RGPD et aux exigences des plateformes (Facebook, LinkedIn, YouTube, Pinterest, etc.), vous pouvez \u00e0 tout moment demander la suppression de vos donn\u00e9es personnelles collect\u00e9es via nos sites et applications. Merci d\u2019utiliser le formulaire ci-dessous pour soumettre votre demande :<div class=\"et_pb_module dsm_contact_form_7 dsm_contact_form_7_0\">\n\t\t\t\t\n\t\t\t\t\n\t\t\t\t\n\t\t\t\t\n\t\t\t\t\n\t\t\t\t\n\t\t\t\t<div class=\"et_pb_module_inner\">\n\t\t\t\t\t<div class=\"\">\n\t\t\t\t\n<div class=\"wpcf7 no-js\" id=\"wpcf7-f322-o1\" lang=\"fr-FR\" dir=\"ltr\" data-wpcf7-id=\"322\">\n<div class=\"screen-reader-response\"><p role=\"status\" aria-live=\"polite\" aria-atomic=\"true\"><\/p> <ul><\/ul><\/div>\n<form action=\"\/en\/wp-json\/wp\/v2\/pages\/258#wpcf7-f322-o1\" method=\"post\" class=\"wpcf7-form init\" aria-label=\"Formulaire de contact\" novalidate=\"novalidate\" data-status=\"init\" data-trp-original-action=\"\/en\/wp-json\/wp\/v2\/pages\/258#wpcf7-f322-o1\">\n<fieldset class=\"hidden-fields-container\"><input type=\"hidden\" name=\"_wpcf7\" value=\"322\" \/><input type=\"hidden\" name=\"_wpcf7_version\" value=\"6.1.5\" \/><input type=\"hidden\" name=\"_wpcf7_locale\" value=\"fr_FR\" \/><input type=\"hidden\" name=\"_wpcf7_unit_tag\" value=\"wpcf7-f322-o1\" \/><input type=\"hidden\" name=\"_wpcf7_container_post\" value=\"0\" \/><input type=\"hidden\" name=\"_wpcf7_posted_data_hash\" value=\"\" \/>\n<\/fieldset>\n<p><label> Nom et pr\u00e9nom<br \/>\n<span class=\"wpcf7-form-control-wrap\" data-name=\"your-name\"><input size=\"40\" maxlength=\"400\" class=\"wpcf7-form-control wpcf7-text wpcf7-validates-as-required\" autocomplete=\"name\" aria-required=\"true\" aria-invalid=\"false\" value=\"\" type=\"text\" name=\"your-name\" \/><\/span> <\/label>\n<\/p>\n<p><label> Adresse email<br \/>\n<span class=\"wpcf7-form-control-wrap\" data-name=\"your-email\"><input size=\"40\" maxlength=\"400\" class=\"wpcf7-form-control wpcf7-email wpcf7-validates-as-required wpcf7-text wpcf7-validates-as-email\" autocomplete=\"email\" aria-required=\"true\" aria-invalid=\"false\" value=\"\" type=\"email\" name=\"your-email\" \/><\/span> <\/label>\n<\/p>\n<p><label>Je souhaite supprimer mes donn\u00e9es li\u00e9es \u00e0 Connec7e.com <\/label>\n<\/p>\n<p><label> Message compl\u00e9mentaire (optionnel)<br \/>\n<span class=\"wpcf7-form-control-wrap\" data-name=\"your-message\"><textarea cols=\"40\" rows=\"10\" maxlength=\"2000\" class=\"wpcf7-form-control wpcf7-textarea\" aria-invalid=\"false\" name=\"your-message\"><\/textarea><\/span> <\/label><br \/>\n<div class=\"cf-turnstile\" data-sitekey=\"0x4AAAAAAB0j66vAua3RNDqW\"><\/div><button class=\"wpcf7-form-control wpcf7-submit has-spinner et_pb_button et_pb_bg_layout_light\" type=\"submit\" value=\"Envoyer\">Send<\/button>\n<\/p><div class=\"wpcf7-response-output\" aria-hidden=\"true\"><\/div>\n<input type=\"hidden\" name=\"trp-form-language\" value=\"en\"\/><\/form>\n<\/div>\n\n\t\t\t<\/div>\n\t\t\t\t<\/div>\n\t\t\t<\/div><\/p>","protected":false},"author":1,"featured_media":0,"parent":0,"menu_order":1000,"comment_status":"closed","ping_status":"closed","template":"","meta":{"_et_pb_use_builder":"on","_et_pb_old_content":"","_et_gb_content_width":"","footnotes":""},"class_list":["post-258","page","type-page","status-publish","hentry"],"yoast_head":"<!-- This site is optimized with the Yoast SEO plugin v27.4 - https:\/\/yoast.com\/product\/yoast-seo-wordpress\/ -->\n<title>Suppression des donn\u00e9es utilisateur - Connec7e<\/title>\n<meta name=\"description\" content=\"Exercez vos droits RGPD avec Connec7e (Any Communication). Demandez la suppression, la modification ou la portabilit\u00e9 de vos donn\u00e9es personnelles en toute simplicit\u00e9.\" \/>\n<meta name=\"robots\" content=\"index, follow, max-snippet:-1, max-image-preview:large, max-video-preview:-1\" \/>\n<link rel=\"canonical\" href=\"https:\/\/connec7e.com\/en\/suppression-donnees\/\" \/>\n<meta property=\"og:locale\" content=\"en_US\" \/>\n<meta property=\"og:type\" content=\"article\" \/>\n<meta property=\"og:title\" content=\"Suppression des donn\u00e9es utilisateur - Connec7e\" \/>\n<meta property=\"og:description\" content=\"Exercez vos droits RGPD avec Connec7e (Any Communication). Demandez la suppression, la modification ou la portabilit\u00e9 de vos donn\u00e9es personnelles en toute simplicit\u00e9.\" \/>\n<meta property=\"og:url\" content=\"https:\/\/connec7e.com\/en\/suppression-donnees\/\" \/>\n<meta property=\"og:site_name\" content=\"Connec7e\" \/>\n<meta property=\"article:publisher\" content=\"https:\/\/www.facebook.com\/connec7e\/\" \/>\n<meta property=\"article:modified_time\" content=\"2025-10-03T14:56:31+00:00\" \/>\n<meta name=\"twitter:card\" content=\"summary_large_image\" \/>\n<meta name=\"twitter:site\" content=\"@connec7e\" \/>\n<script type=\"application\/ld+json\" class=\"yoast-schema-graph\">{\"@context\":\"https:\\\/\\\/schema.org\",\"@graph\":[{\"@type\":\"WebPage\",\"@id\":\"https:\\\/\\\/connec7e.com\\\/suppression-donnees\\\/\",\"url\":\"https:\\\/\\\/connec7e.com\\\/suppression-donnees\\\/\",\"name\":\"Suppression des donn\u00e9es utilisateur - Connec7e\",\"isPartOf\":{\"@id\":\"https:\\\/\\\/connec7e.com\\\/#website\"},\"datePublished\":\"2025-10-03T13:25:19+00:00\",\"dateModified\":\"2025-10-03T14:56:31+00:00\",\"description\":\"Exercez vos droits RGPD avec Connec7e (Any Communication). Demandez la suppression, la modification ou la portabilit\u00e9 de vos donn\u00e9es personnelles en toute simplicit\u00e9.\",\"breadcrumb\":{\"@id\":\"https:\\\/\\\/connec7e.com\\\/suppression-donnees\\\/#breadcrumb\"},\"inLanguage\":\"en-US\",\"potentialAction\":[{\"@type\":\"ReadAction\",\"target\":[\"https:\\\/\\\/connec7e.com\\\/suppression-donnees\\\/\"]}]},{\"@type\":\"BreadcrumbList\",\"@id\":\"https:\\\/\\\/connec7e.com\\\/suppression-donnees\\\/#breadcrumb\",\"itemListElement\":[{\"@type\":\"ListItem\",\"position\":1,\"name\":\"Accueil\",\"item\":\"https:\\\/\\\/connec7e.com\\\/\"},{\"@type\":\"ListItem\",\"position\":2,\"name\":\"Suppression des donn\u00e9es utilisateur\"}]},{\"@type\":\"WebSite\",\"@id\":\"https:\\\/\\\/connec7e.com\\\/#website\",\"url\":\"https:\\\/\\\/connec7e.com\\\/\",\"name\":\"connec7e.com\",\"description\":\"Atelier cr\u00e9atif, impression 3D, custom et textile\",\"publisher\":{\"@id\":\"https:\\\/\\\/connec7e.com\\\/#organization\"},\"potentialAction\":[{\"@type\":\"SearchAction\",\"target\":{\"@type\":\"EntryPoint\",\"urlTemplate\":\"https:\\\/\\\/connec7e.com\\\/?s={search_term_string}\"},\"query-input\":{\"@type\":\"PropertyValueSpecification\",\"valueRequired\":true,\"valueName\":\"search_term_string\"}}],\"inLanguage\":\"en-US\"},{\"@type\":\"Organization\",\"@id\":\"https:\\\/\\\/connec7e.com\\\/#organization\",\"name\":\"connec7e\",\"url\":\"https:\\\/\\\/connec7e.com\\\/\",\"logo\":{\"@type\":\"ImageObject\",\"inLanguage\":\"en-US\",\"@id\":\"https:\\\/\\\/connec7e.com\\\/#\\\/schema\\\/logo\\\/image\\\/\",\"url\":\"https:\\\/\\\/connec7e.com\\\/wp-content\\\/uploads\\\/2025\\\/09\\\/Connec7e-Atelier-creatif-impression-3D-custom.png\",\"contentUrl\":\"https:\\\/\\\/connec7e.com\\\/wp-content\\\/uploads\\\/2025\\\/09\\\/Connec7e-Atelier-creatif-impression-3D-custom.png\",\"width\":512,\"height\":512,\"caption\":\"connec7e\"},\"image\":{\"@id\":\"https:\\\/\\\/connec7e.com\\\/#\\\/schema\\\/logo\\\/image\\\/\"},\"sameAs\":[\"https:\\\/\\\/www.facebook.com\\\/connec7e\\\/\",\"https:\\\/\\\/x.com\\\/connec7e\",\"https:\\\/\\\/www.instagram.com\\\/connec7e\\\/\",\"https:\\\/\\\/www.tiktok.com\\\/@connec7e\",\"https:\\\/\\\/www.youtube.com\\\/@connec7e\",\"https:\\\/\\\/www.reddit.com\\\/user\\\/connecTe\\\/\",\"https:\\\/\\\/cults3d.com\\\/fr\\\/utilisateurs\\\/connec7e\\\/fichiers-3d\"]}]}<\/script>\n<!-- \/ Yoast SEO plugin. -->","yoast_head_json":{"title":"Suppression des donn\u00e9es utilisateur - Connec7e","description":"Exercez vos droits RGPD avec Connec7e (Any Communication). Demandez la suppression, la modification ou la portabilit\u00e9 de vos donn\u00e9es personnelles en toute simplicit\u00e9.","robots":{"index":"index","follow":"follow","max-snippet":"max-snippet:-1","max-image-preview":"max-image-preview:large","max-video-preview":"max-video-preview:-1"},"canonical":"https:\/\/connec7e.com\/en\/suppression-donnees\/","og_locale":"en_US","og_type":"article","og_title":"Suppression des donn\u00e9es utilisateur - Connec7e","og_description":"Exercez vos droits RGPD avec Connec7e (Any Communication). Demandez la suppression, la modification ou la portabilit\u00e9 de vos donn\u00e9es personnelles en toute simplicit\u00e9.","og_url":"https:\/\/connec7e.com\/en\/suppression-donnees\/","og_site_name":"Connec7e","article_publisher":"https:\/\/www.facebook.com\/connec7e\/","article_modified_time":"2025-10-03T14:56:31+00:00","twitter_card":"summary_large_image","twitter_site":"@connec7e","schema":{"@context":"https:\/\/schema.org","@graph":[{"@type":"WebPage","@id":"https:\/\/connec7e.com\/suppression-donnees\/","url":"https:\/\/connec7e.com\/suppression-donnees\/","name":"Suppression des donn\u00e9es utilisateur - Connec7e","isPartOf":{"@id":"https:\/\/connec7e.com\/#website"},"datePublished":"2025-10-03T13:25:19+00:00","dateModified":"2025-10-03T14:56:31+00:00","description":"Exercez vos droits RGPD avec Connec7e (Any Communication). Demandez la suppression, la modification ou la portabilit\u00e9 de vos donn\u00e9es personnelles en toute simplicit\u00e9.","breadcrumb":{"@id":"https:\/\/connec7e.com\/suppression-donnees\/#breadcrumb"},"inLanguage":"en-US","potentialAction":[{"@type":"ReadAction","target":["https:\/\/connec7e.com\/suppression-donnees\/"]}]},{"@type":"BreadcrumbList","@id":"https:\/\/connec7e.com\/suppression-donnees\/#breadcrumb","itemListElement":[{"@type":"ListItem","position":1,"name":"Accueil","item":"https:\/\/connec7e.com\/"},{"@type":"ListItem","position":2,"name":"Suppression des donn\u00e9es utilisateur"}]},{"@type":"WebSite","@id":"https:\/\/connec7e.com\/#website","url":"https:\/\/connec7e.com\/","name":"connec7e.com","description":"Atelier cr\u00e9atif, impression 3D, custom et textile","publisher":{"@id":"https:\/\/connec7e.com\/#organization"},"potentialAction":[{"@type":"SearchAction","target":{"@type":"EntryPoint","urlTemplate":"https:\/\/connec7e.com\/?s={search_term_string}"},"query-input":{"@type":"PropertyValueSpecification","valueRequired":true,"valueName":"search_term_string"}}],"inLanguage":"en-US"},{"@type":"Organization","@id":"https:\/\/connec7e.com\/#organization","name":"connec7e","url":"https:\/\/connec7e.com\/","logo":{"@type":"ImageObject","inLanguage":"en-US","@id":"https:\/\/connec7e.com\/#\/schema\/logo\/image\/","url":"https:\/\/connec7e.com\/wp-content\/uploads\/2025\/09\/Connec7e-Atelier-creatif-impression-3D-custom.png","contentUrl":"https:\/\/connec7e.com\/wp-content\/uploads\/2025\/09\/Connec7e-Atelier-creatif-impression-3D-custom.png","width":512,"height":512,"caption":"connec7e"},"image":{"@id":"https:\/\/connec7e.com\/#\/schema\/logo\/image\/"},"sameAs":["https:\/\/www.facebook.com\/connec7e\/","https:\/\/x.com\/connec7e","https:\/\/www.instagram.com\/connec7e\/","https:\/\/www.tiktok.com\/@connec7e","https:\/\/www.youtube.com\/@connec7e","https:\/\/www.reddit.com\/user\/connecTe\/","https:\/\/cults3d.com\/fr\/utilisateurs\/connec7e\/fichiers-3d"]}]}},"_links":{"self":[{"href":"https:\/\/connec7e.com\/en\/wp-json\/wp\/v2\/pages\/258","targetHints":{"allow":["GET"]}}],"collection":[{"href":"https:\/\/connec7e.com\/en\/wp-json\/wp\/v2\/pages"}],"about":[{"href":"https:\/\/connec7e.com\/en\/wp-json\/wp\/v2\/types\/page"}],"author":[{"embeddable":true,"href":"https:\/\/connec7e.com\/en\/wp-json\/wp\/v2\/users\/1"}],"replies":[{"embeddable":true,"href":"https:\/\/connec7e.com\/en\/wp-json\/wp\/v2\/comments?post=258"}],"version-history":[{"count":9,"href":"https:\/\/connec7e.com\/en\/wp-json\/wp\/v2\/pages\/258\/revisions"}],"predecessor-version":[{"id":380,"href":"https:\/\/connec7e.com\/en\/wp-json\/wp\/v2\/pages\/258\/revisions\/380"}],"wp:attachment":[{"href":"https:\/\/connec7e.com\/en\/wp-json\/wp\/v2\/media?parent=258"}],"curies":[{"name":"wp","href":"https:\/\/api.w.org\/{rel}","templated":true}]}}