{"id":424,"date":"2025-10-04T03:40:01","date_gmt":"2025-10-04T03:40:01","guid":{"rendered":"https:\/\/connec7e.com\/?page_id=424"},"modified":"2025-10-23T08:27:05","modified_gmt":"2025-10-23T08:27:05","slug":"legales","status":"publish","type":"page","link":"https:\/\/connec7e.com\/en\/legales\/","title":{"rendered":"Legal Notice"},"content":{"rendered":"<p>[et_pb_section fb_built=\u00a0\u00bb1&Prime; _builder_version=\u00a0\u00bb4.27.4&Prime; _module_preset=\u00a0\u00bbdefault\u00a0\u00bb global_colors_info=\u00a0\u00bb{}\u00a0\u00bb][et_pb_row admin_label=\u00a0\u00bbLigne\u00a0\u00bb _builder_version=\u00a0\u00bb4.27.4&Prime; _module_preset=\u00a0\u00bbdefault\u00a0\u00bb custom_margin=\u00a0\u00bb||0px||false|false\u00a0\u00bb custom_padding=\u00a0\u00bb||0px||false|false\u00a0\u00bb global_colors_info=\u00a0\u00bb{}\u00a0\u00bb][et_pb_column type=\u00a0\u00bb4_4&Prime; _builder_version=\u00a0\u00bb4.27.4&Prime; _module_preset=\u00a0\u00bbdefault\u00a0\u00bb global_colors_info=\u00a0\u00bb{}\u00a0\u00bb][et_pb_post_title meta=\u00a0\u00bboff\u00a0\u00bb featured_image=\u00a0\u00bboff\u00a0\u00bb _builder_version=\u00a0\u00bb4.27.4&Prime; _module_preset=\u00a0\u00bbdefault\u00a0\u00bb custom_margin=\u00a0\u00bb||0px||false|false\u00a0\u00bb custom_padding=\u00a0\u00bb||0px||false|false\u00a0\u00bb global_colors_info=\u00a0\u00bb{}\u00a0\u00bb][\/et_pb_post_title][\/et_pb_column][\/et_pb_row][et_pb_row column_structure=\u00a0\u00bb1_2,1_2&Prime; _builder_version=\u00a0\u00bb4.27.4&Prime; _module_preset=\u00a0\u00bbdefault\u00a0\u00bb custom_margin=\u00a0\u00bb||0px||false|false\u00a0\u00bb custom_padding=\u00a0\u00bb||0px||false|false\u00a0\u00bb global_colors_info=\u00a0\u00bb{}\u00a0\u00bb][et_pb_column type=\u00a0\u00bb1_2&Prime; _builder_version=\u00a0\u00bb4.27.4&Prime; _module_preset=\u00a0\u00bbdefault\u00a0\u00bb global_colors_info=\u00a0\u00bb{}\u00a0\u00bb][et_pb_text _builder_version=\u00a0\u00bb4.27.4&Prime; _module_preset=\u00a0\u00bbdefault\u00a0\u00bb hover_enabled=\u00a0\u00bb0&Prime; global_colors_info=\u00a0\u00bb{}\u00a0\u00bb sticky_enabled=\u00a0\u00bb0&Prime;]<\/p>\n<h2>\u00c9diteur du site<\/h2>\n<p>Les sites <strong>any-communication.com<\/strong> et <strong>connec7e.com<\/strong> (ainsi que leurs sous-domaines et applications associ\u00e9es) sont \u00e9dit\u00e9s par :<\/p>\n<p><span><strong>Any Communication<\/strong><br \/>\n9 rue des Colonnes<br \/>\n75002 Paris<br \/>\nEURL au capital de 1 000 \u20ac<br \/>\n920 682 473 R.C.S. Paris<br \/>\n<\/span><span>N\u00b0 de TVA : FR76920682473<\/span><br \/>\n<a id=\"phoneLink\" href=\"#\" onclick=\"callPhone();\" title=\"Appelez-nous\"><strong>\ud83d\udcde Apellez-nous<\/strong><\/a><script type=\"text\/javascript\"> function callPhone() { var part1 = \"+336\"; var part2 = \"51\"; var part3 = \"96\"; var part4 = \"78\"; var part5 = \"96\"; var phone = part1 + part2 + part3 + part4 + part5; window.location.href = \"tel:\" + phone; } function sendMail() { var part1 = \"guest\"; var part2 = \"belvederesaintevictoire\"; var part3 = \"com\"; var at = \"@\"; var dot = \".\"; var email = part1 + at + part2 + dot + part3; window.location.href = \"mailto:\" + email; } <\/script>[\/et_pb_text][\/et_pb_column][et_pb_column type=\u00a0\u00bb1_2&Prime; _builder_version=\u00a0\u00bb4.27.4&Prime; _module_preset=\u00a0\u00bbdefault\u00a0\u00bb global_colors_info=\u00a0\u00bb{}\u00a0\u00bb][et_pb_text _builder_version=\u00a0\u00bb4.27.4&Prime; _module_preset=\u00a0\u00bbdefault\u00a0\u00bb global_colors_info=\u00a0\u00bb{}\u00a0\u00bb]<\/p>\n<p><strong>Directeur de la publication<br \/><\/strong>M. Christophe Florio, en sa qualit\u00e9 de g\u00e9rant de Any Communication.<\/p>\n<h2 style=\"text-align: left;\">H\u00e9bergement<\/h2>\n<p style=\"text-align: left;\"><span>Hostinger International Ltd.<br \/>61 Lordou Vironos Street, 6023 Larnaca, Chypre<br \/><\/span>\ud83d\udce7 <a href=\"mailto:support@hostinger.com\">support@hostinger.com<\/a><br \/>\ud83c\udf0d <a href=\"https:\/\/www.hostinger.com\/fr\" title=\"Site Hostinger\">https:\/\/www.hostinger.com\/fr<\/a><\/p>\n<p>[\/et_pb_text][\/et_pb_column][\/et_pb_row][et_pb_row _builder_version=\u00a0\u00bb4.27.4&Prime; _module_preset=\u00a0\u00bbdefault\u00a0\u00bb global_colors_info=\u00a0\u00bb{}\u00a0\u00bb][et_pb_column type=\u00a0\u00bb4_4&Prime; _builder_version=\u00a0\u00bb4.27.4&Prime; _module_preset=\u00a0\u00bbdefault\u00a0\u00bb global_colors_info=\u00a0\u00bb{}\u00a0\u00bb][et_pb_text ul_item_indent=\u00a0\u00bb40px\u00a0\u00bb _builder_version=\u00a0\u00bb4.27.4&Prime; _module_preset=\u00a0\u00bbdefault\u00a0\u00bb global_colors_info=\u00a0\u00bb{}\u00a0\u00bb]<\/p>\n<h3>Propri\u00e9t\u00e9 intellectuelle<\/h3>\n<p>L\u2019ensemble des contenus pr\u00e9sents sur les sites <a href=\"https:\/\/any-communication.com\" title=\"https:\/\/any-communication.com\"><strong>any-communication.com<\/strong><\/a> et <a href=\"https:\/\/connec7e.com\" title=\"connec7e.com\"><strong>connec7e.com<\/strong><\/a> (textes, images, vid\u00e9os, logos, \u00e9l\u00e9ments graphiques, logiciels, codes sources, bases de donn\u00e9es, etc.) sont prot\u00e9g\u00e9s par le droit d\u2019auteur et\/ou le droit des marques.<\/p>\n<p>Ils sont la propri\u00e9t\u00e9 exclusive de <strong>Any Communication<\/strong> ou de ses partenaires. Toute reproduction, repr\u00e9sentation, modification, publication, adaptation ou exploitation, totale ou partielle, sans autorisation \u00e9crite pr\u00e9alable est interdite et constitutive de contrefa\u00e7on au sens des articles L.335-2 et suivants du Code de la propri\u00e9t\u00e9 intellectuelle.<\/p>\n<h3>Responsabilit\u00e9<\/h3>\n<p>Les informations diffus\u00e9es sur les sites sont fournies \u00e0 titre purement informatif. Bien que nous nous efforcions d\u2019assurer leur exactitude et leur mise \u00e0 jour, nous ne pouvons en garantir l\u2019exactitude, la compl\u00e9tude ni l\u2019actualit\u00e9.<\/p>\n<p>En cons\u00e9quence, <strong>Any Communication<\/strong> d\u00e9cline toute responsabilit\u00e9 en cas de :<\/p>\n<ul>\n<li>erreurs ou omissions dans les contenus publi\u00e9s,<\/li>\n<li>interruption ou indisponibilit\u00e9 temporaire du site,<\/li>\n<li>dommages directs ou indirects r\u00e9sultant de l\u2019acc\u00e8s ou de l\u2019utilisation des sites et de leurs services.<\/li>\n<\/ul>\n<h3>Liens hypertextes<\/h3>\n<p>Les sites peuvent contenir des liens hypertextes vers d\u2019autres ressources pr\u00e9sentes sur Internet. Ces liens sont propos\u00e9s \u00e0 titre informatif. Any Communication n\u2019exerce aucun contr\u00f4le sur ces sites et d\u00e9cline toute responsabilit\u00e9 quant \u00e0 leur contenu, leur accessibilit\u00e9 ou leur fonctionnement.<\/p>\n<p>De m\u00eame, l\u2019insertion de liens hypertextes vers nos sites est autoris\u00e9e sous r\u00e9serve de ne pas porter atteinte \u00e0 l\u2019image ou \u00e0 la r\u00e9putation de Any Communication.<\/p>\n<h3>Donn\u00e9es personnelles et cookies<\/h3>\n<p>Le traitement des donn\u00e9es personnelles et l\u2019utilisation des cookies sont r\u00e9gis par notre <a href=\"\/politique-de-confidentialite\" title=\"Politique de confidentialit\u00e9\"><strong>Politique de confidentialit\u00e9<\/strong><\/a>.<\/p>\n<h3>Droit applicable<\/h3>\n<p>Les pr\u00e9sentes mentions l\u00e9gales sont r\u00e9gies par le droit fran\u00e7ais. En cas de litige, comp\u00e9tence est attribu\u00e9e aux tribunaux fran\u00e7ais comp\u00e9tents.[\/et_pb_text][\/et_pb_column][\/et_pb_row][\/et_pb_section]<\/p>\n","protected":false},"excerpt":{"rendered":"<p>\u00c9diteur du site Les sites any-communication.com et connec7e.com (ainsi que leurs sous-domaines et applications associ\u00e9es) sont \u00e9dit\u00e9s par : Any Communication 9 rue des Colonnes 75002 Paris EURL au capital de 1 000 \u20ac 920 682 473 R.C.S. Paris N\u00b0 de TVA : FR76920682473 \ud83d\udcde Apellez-nousDirecteur de la publicationM. Christophe Florio, en sa qualit\u00e9 de g\u00e9rant de Any Communication. H\u00e9bergement Hostinger International Ltd.61 Lordou Vironos Street, 6023 Larnaca, Chypre\ud83d\udce7 support@hostinger.com\ud83c\udf0d https:\/\/www.hostinger.com\/frPropri\u00e9t\u00e9 intellectuelle L\u2019ensemble des contenus pr\u00e9sents sur les sites any-communication.com et connec7e.com (textes, images, vid\u00e9os, logos, \u00e9l\u00e9ments graphiques, logiciels, codes sources, bases de donn\u00e9es, etc.) sont prot\u00e9g\u00e9s par le droit d\u2019auteur et\/ou le droit des marques. Ils sont la propri\u00e9t\u00e9 exclusive de Any Communication ou de ses partenaires. Toute reproduction, repr\u00e9sentation, modification, publication, adaptation ou exploitation, totale ou partielle, sans autorisation \u00e9crite pr\u00e9alable est interdite et constitutive de contrefa\u00e7on au sens des articles L.335-2 et suivants du Code de la propri\u00e9t\u00e9 intellectuelle. Responsabilit\u00e9 Les informations diffus\u00e9es sur les sites sont fournies \u00e0 titre purement informatif. Bien que nous nous efforcions d\u2019assurer leur exactitude et leur mise \u00e0 jour, nous ne pouvons en garantir l\u2019exactitude, la compl\u00e9tude ni l\u2019actualit\u00e9. En cons\u00e9quence, Any Communication d\u00e9cline toute responsabilit\u00e9 en cas de : erreurs [&hellip;]<\/p>\n","protected":false},"author":1,"featured_media":0,"parent":0,"menu_order":999,"comment_status":"closed","ping_status":"closed","template":"","meta":{"_et_pb_use_builder":"on","_et_pb_old_content":"","_et_gb_content_width":"","footnotes":""},"class_list":["post-424","page","type-page","status-publish","hentry"],"yoast_head":"<!-- This site is optimized with the Yoast SEO plugin v27.4 - https:\/\/yoast.com\/product\/yoast-seo-wordpress\/ -->\n<title>Mentions L\u00e9gales - Connec7e<\/title>\n<meta name=\"description\" content=\"Mentions l\u00e9gales de Connec7e. Informations sur l\u2019\u00e9diteur, l\u2019h\u00e9bergement, la propri\u00e9t\u00e9 intellectuelle et la responsabilit\u00e9.\" \/>\n<meta name=\"robots\" content=\"index, follow, max-snippet:-1, max-image-preview:large, max-video-preview:-1\" \/>\n<link rel=\"canonical\" href=\"https:\/\/connec7e.com\/en\/legales\/\" \/>\n<meta property=\"og:locale\" content=\"en_US\" \/>\n<meta property=\"og:type\" content=\"article\" \/>\n<meta property=\"og:title\" content=\"Mentions L\u00e9gales - Connec7e\" \/>\n<meta property=\"og:description\" content=\"Mentions l\u00e9gales de Connec7e. Informations sur l\u2019\u00e9diteur, l\u2019h\u00e9bergement, la propri\u00e9t\u00e9 intellectuelle et la responsabilit\u00e9.\" \/>\n<meta property=\"og:url\" content=\"https:\/\/connec7e.com\/en\/legales\/\" \/>\n<meta property=\"og:site_name\" content=\"Connec7e\" \/>\n<meta property=\"article:publisher\" content=\"https:\/\/www.facebook.com\/connec7e\/\" \/>\n<meta property=\"article:modified_time\" content=\"2025-10-23T08:27:05+00:00\" \/>\n<meta name=\"twitter:card\" content=\"summary_large_image\" \/>\n<meta name=\"twitter:site\" content=\"@connec7e\" \/>\n<script type=\"application\/ld+json\" class=\"yoast-schema-graph\">{\"@context\":\"https:\\\/\\\/schema.org\",\"@graph\":[{\"@type\":\"WebPage\",\"@id\":\"https:\\\/\\\/connec7e.com\\\/legales\\\/\",\"url\":\"https:\\\/\\\/connec7e.com\\\/legales\\\/\",\"name\":\"Mentions L\u00e9gales - Connec7e\",\"isPartOf\":{\"@id\":\"https:\\\/\\\/connec7e.com\\\/#website\"},\"datePublished\":\"2025-10-04T03:40:01+00:00\",\"dateModified\":\"2025-10-23T08:27:05+00:00\",\"description\":\"Mentions l\u00e9gales de Connec7e. Informations sur l\u2019\u00e9diteur, l\u2019h\u00e9bergement, la propri\u00e9t\u00e9 intellectuelle et la responsabilit\u00e9.\",\"breadcrumb\":{\"@id\":\"https:\\\/\\\/connec7e.com\\\/legales\\\/#breadcrumb\"},\"inLanguage\":\"en-US\",\"potentialAction\":[{\"@type\":\"ReadAction\",\"target\":[\"https:\\\/\\\/connec7e.com\\\/legales\\\/\"]}]},{\"@type\":\"BreadcrumbList\",\"@id\":\"https:\\\/\\\/connec7e.com\\\/legales\\\/#breadcrumb\",\"itemListElement\":[{\"@type\":\"ListItem\",\"position\":1,\"name\":\"Accueil\",\"item\":\"https:\\\/\\\/connec7e.com\\\/\"},{\"@type\":\"ListItem\",\"position\":2,\"name\":\"Mentions L\u00e9gales\"}]},{\"@type\":\"WebSite\",\"@id\":\"https:\\\/\\\/connec7e.com\\\/#website\",\"url\":\"https:\\\/\\\/connec7e.com\\\/\",\"name\":\"connec7e.com\",\"description\":\"Atelier cr\u00e9atif, impression 3D, custom et textile\",\"publisher\":{\"@id\":\"https:\\\/\\\/connec7e.com\\\/#organization\"},\"potentialAction\":[{\"@type\":\"SearchAction\",\"target\":{\"@type\":\"EntryPoint\",\"urlTemplate\":\"https:\\\/\\\/connec7e.com\\\/?s={search_term_string}\"},\"query-input\":{\"@type\":\"PropertyValueSpecification\",\"valueRequired\":true,\"valueName\":\"search_term_string\"}}],\"inLanguage\":\"en-US\"},{\"@type\":\"Organization\",\"@id\":\"https:\\\/\\\/connec7e.com\\\/#organization\",\"name\":\"connec7e\",\"url\":\"https:\\\/\\\/connec7e.com\\\/\",\"logo\":{\"@type\":\"ImageObject\",\"inLanguage\":\"en-US\",\"@id\":\"https:\\\/\\\/connec7e.com\\\/#\\\/schema\\\/logo\\\/image\\\/\",\"url\":\"https:\\\/\\\/connec7e.com\\\/wp-content\\\/uploads\\\/2025\\\/09\\\/Connec7e-Atelier-creatif-impression-3D-custom.png\",\"contentUrl\":\"https:\\\/\\\/connec7e.com\\\/wp-content\\\/uploads\\\/2025\\\/09\\\/Connec7e-Atelier-creatif-impression-3D-custom.png\",\"width\":512,\"height\":512,\"caption\":\"connec7e\"},\"image\":{\"@id\":\"https:\\\/\\\/connec7e.com\\\/#\\\/schema\\\/logo\\\/image\\\/\"},\"sameAs\":[\"https:\\\/\\\/www.facebook.com\\\/connec7e\\\/\",\"https:\\\/\\\/x.com\\\/connec7e\",\"https:\\\/\\\/www.instagram.com\\\/connec7e\\\/\",\"https:\\\/\\\/www.tiktok.com\\\/@connec7e\",\"https:\\\/\\\/www.youtube.com\\\/@connec7e\",\"https:\\\/\\\/www.reddit.com\\\/user\\\/connecTe\\\/\",\"https:\\\/\\\/cults3d.com\\\/fr\\\/utilisateurs\\\/connec7e\\\/fichiers-3d\"]}]}<\/script>\n<!-- \/ Yoast SEO plugin. -->","yoast_head_json":{"title":"Mentions L\u00e9gales - Connec7e","description":"Mentions l\u00e9gales de Connec7e. Informations sur l\u2019\u00e9diteur, l\u2019h\u00e9bergement, la propri\u00e9t\u00e9 intellectuelle et la responsabilit\u00e9.","robots":{"index":"index","follow":"follow","max-snippet":"max-snippet:-1","max-image-preview":"max-image-preview:large","max-video-preview":"max-video-preview:-1"},"canonical":"https:\/\/connec7e.com\/en\/legales\/","og_locale":"en_US","og_type":"article","og_title":"Mentions L\u00e9gales - Connec7e","og_description":"Mentions l\u00e9gales de Connec7e. Informations sur l\u2019\u00e9diteur, l\u2019h\u00e9bergement, la propri\u00e9t\u00e9 intellectuelle et la responsabilit\u00e9.","og_url":"https:\/\/connec7e.com\/en\/legales\/","og_site_name":"Connec7e","article_publisher":"https:\/\/www.facebook.com\/connec7e\/","article_modified_time":"2025-10-23T08:27:05+00:00","twitter_card":"summary_large_image","twitter_site":"@connec7e","schema":{"@context":"https:\/\/schema.org","@graph":[{"@type":"WebPage","@id":"https:\/\/connec7e.com\/legales\/","url":"https:\/\/connec7e.com\/legales\/","name":"Mentions L\u00e9gales - Connec7e","isPartOf":{"@id":"https:\/\/connec7e.com\/#website"},"datePublished":"2025-10-04T03:40:01+00:00","dateModified":"2025-10-23T08:27:05+00:00","description":"Mentions l\u00e9gales de Connec7e. Informations sur l\u2019\u00e9diteur, l\u2019h\u00e9bergement, la propri\u00e9t\u00e9 intellectuelle et la responsabilit\u00e9.","breadcrumb":{"@id":"https:\/\/connec7e.com\/legales\/#breadcrumb"},"inLanguage":"en-US","potentialAction":[{"@type":"ReadAction","target":["https:\/\/connec7e.com\/legales\/"]}]},{"@type":"BreadcrumbList","@id":"https:\/\/connec7e.com\/legales\/#breadcrumb","itemListElement":[{"@type":"ListItem","position":1,"name":"Accueil","item":"https:\/\/connec7e.com\/"},{"@type":"ListItem","position":2,"name":"Mentions L\u00e9gales"}]},{"@type":"WebSite","@id":"https:\/\/connec7e.com\/#website","url":"https:\/\/connec7e.com\/","name":"connec7e.com","description":"Atelier cr\u00e9atif, impression 3D, custom et textile","publisher":{"@id":"https:\/\/connec7e.com\/#organization"},"potentialAction":[{"@type":"SearchAction","target":{"@type":"EntryPoint","urlTemplate":"https:\/\/connec7e.com\/?s={search_term_string}"},"query-input":{"@type":"PropertyValueSpecification","valueRequired":true,"valueName":"search_term_string"}}],"inLanguage":"en-US"},{"@type":"Organization","@id":"https:\/\/connec7e.com\/#organization","name":"connec7e","url":"https:\/\/connec7e.com\/","logo":{"@type":"ImageObject","inLanguage":"en-US","@id":"https:\/\/connec7e.com\/#\/schema\/logo\/image\/","url":"https:\/\/connec7e.com\/wp-content\/uploads\/2025\/09\/Connec7e-Atelier-creatif-impression-3D-custom.png","contentUrl":"https:\/\/connec7e.com\/wp-content\/uploads\/2025\/09\/Connec7e-Atelier-creatif-impression-3D-custom.png","width":512,"height":512,"caption":"connec7e"},"image":{"@id":"https:\/\/connec7e.com\/#\/schema\/logo\/image\/"},"sameAs":["https:\/\/www.facebook.com\/connec7e\/","https:\/\/x.com\/connec7e","https:\/\/www.instagram.com\/connec7e\/","https:\/\/www.tiktok.com\/@connec7e","https:\/\/www.youtube.com\/@connec7e","https:\/\/www.reddit.com\/user\/connecTe\/","https:\/\/cults3d.com\/fr\/utilisateurs\/connec7e\/fichiers-3d"]}]}},"_links":{"self":[{"href":"https:\/\/connec7e.com\/en\/wp-json\/wp\/v2\/pages\/424","targetHints":{"allow":["GET"]}}],"collection":[{"href":"https:\/\/connec7e.com\/en\/wp-json\/wp\/v2\/pages"}],"about":[{"href":"https:\/\/connec7e.com\/en\/wp-json\/wp\/v2\/types\/page"}],"author":[{"embeddable":true,"href":"https:\/\/connec7e.com\/en\/wp-json\/wp\/v2\/users\/1"}],"replies":[{"embeddable":true,"href":"https:\/\/connec7e.com\/en\/wp-json\/wp\/v2\/comments?post=424"}],"version-history":[{"count":7,"href":"https:\/\/connec7e.com\/en\/wp-json\/wp\/v2\/pages\/424\/revisions"}],"predecessor-version":[{"id":871,"href":"https:\/\/connec7e.com\/en\/wp-json\/wp\/v2\/pages\/424\/revisions\/871"}],"wp:attachment":[{"href":"https:\/\/connec7e.com\/en\/wp-json\/wp\/v2\/media?parent=424"}],"curies":[{"name":"wp","href":"https:\/\/api.w.org\/{rel}","templated":true}]}}