{"id":1181,"date":"2026-02-16T18:31:07","date_gmt":"2026-02-16T18:31:07","guid":{"rendered":"https:\/\/connec7e.com\/?post_type=product&#038;p=1181"},"modified":"2026-02-27T06:54:28","modified_gmt":"2026-02-27T06:54:28","slug":"presentoir-cd-invisible-fichier-stl","status":"publish","type":"product","link":"https:\/\/connec7e.com\/en\/product\/presentoir-cd-invisible-fichier-stl\/","title":{"rendered":"Pr\u00e9sentoir CD Invisible &#8211; Support Discret Compact Disc &#8211; Fichier STL"},"content":{"rendered":"<p>Pr\u00e9sentoir ultra discret pour <strong>CD<\/strong>, Compact Disc, pens\u00e9 pour donner un effet \u201cpresque invisible\u201d et mettre en avant la pochette. Petit, stable, minimaliste, et \u00e9tonnamment styl\u00e9, apr\u00e8s coup on dirait presque un insecte num\u00e9rique.<\/p>\n<div class=\"toggle-section\"><h2 class=\"toggle-title\" style=\"cursor:pointer;\">\ud83e\udde9 Compatibility<\/h2><div class=\"toggle-content\"><ul>\n<li><strong>Support :<\/strong> CD, bo\u00eetiers standards<\/li>\n<li><strong>Usage :<\/strong> vitrine, \u00e9tag\u00e8re, bureau, d\u00e9co<\/li>\n<\/ul>\n<p><\/div><\/div><br \/>\n<div class=\"toggle-section\"><h2 class=\"toggle-title\" style=\"cursor:pointer;\">Features<\/h2><div class=\"toggle-content\"><\/p>\n<ul>\n<li>Design tr\u00e8s compact<\/li>\n<li>Rendu discret, le CD reste la star<\/li>\n<li>Impression simple, bonne stabilit\u00e9<\/li>\n<\/ul>\n<p><\/div><\/div><br \/>\n<div class=\"toggle-section\"><h2 class=\"toggle-title\" style=\"cursor:pointer;\">\ud83d\udca1Avantages cl\u00e9s<\/h2><div class=\"toggle-content\"><p>\u2714 Pr\u00e9sentation minimaliste<br \/>\n\u2714 Parfait pour collections, \u00e9ditions limit\u00e9es, albums cultes<br \/>\n\u2714 Petit objet, gros effet visuel<br \/><\/p><\/div><\/div><br \/>\n<div class=\"toggle-section\"><h2 class=\"toggle-title\" style=\"cursor:pointer;\">\u2699 Param\u00e8tres d\u2019impression 3D<\/h2><div class=\"toggle-content\"><\/p>\n<ul>\n<li><strong>Mat\u00e9riau :<\/strong> PLA<\/li>\n<li><strong>Hauteur de couche :<\/strong> 0,16 mm, 0,20 mm fonctionne aussi<\/li>\n<li><strong>Remplissage :<\/strong> 15%<\/li>\n<li><strong>Parois :<\/strong> 1,2 mm, 3 lignes<\/li>\n<\/ul>\n<p><\/div><\/div><br \/>\n<div class=\"toggle-section\"><h2 class=\"toggle-title\" style=\"cursor:pointer;\">\ud83c\udfa5 Vid\u00e9o<\/h2><div class=\"toggle-content\"><p>D\u00e9monstration : <a href=\"https:\/\/youtu.be\/9ypk9tEaDE0\" target=\"_blank\" rel=\"noopener nofollow noreferrer\">https:\/\/youtu.be\/9ypk9tEaDE0<\/a><br \/><\/p><\/div><\/div><\/p>","protected":false},"excerpt":{"rendered":"<p>Pr\u00e9sentoir ultra discret pour CD et bo\u00eetiers Compact Disc. Effet quasi invisible qui met en valeur la pochette. Id\u00e9al pour les collections, \u00e9ditions limit\u00e9es et albums cultes. Fichier STL pr\u00eat \u00e0 imprimer.<\/p>","protected":false},"featured_media":1182,"comment_status":"open","ping_status":"closed","template":"","meta":{"_et_pb_use_builder":"","_et_pb_old_content":"","_et_gb_content_width":""},"product_brand":[60],"product_cat":[27,26,19,65],"product_tag":[162,146,161,101,100,164,158,159,160,163],"product_replica":[],"class_list":{"0":"post-1181","1":"product","2":"type-product","3":"status-publish","4":"has-post-thumbnail","6":"product_brand-nayoki","7":"product_cat-stl-maison","8":"product_cat-stl-mode-accessoires","9":"product_cat-plans-3d","10":"product_cat-stl-supports-presentation","11":"product_tag-collection-musique","12":"product_tag-deco-bureau","13":"product_tag-deco-etagere","14":"product_tag-fichier-stl","15":"product_tag-impression-3d","16":"product_tag-presentation-album","17":"product_tag-presentoir-cd","18":"product_tag-support-cd","19":"product_tag-support-compact-disc","20":"product_tag-support-minimaliste","22":"first","23":"instock","24":"downloadable","25":"virtual","26":"sold-individually","27":"taxable","28":"purchasable","29":"product-type-simple"},"yoast_head":"<!-- This site is optimized with the Yoast SEO plugin v27.4 - https:\/\/yoast.com\/product\/yoast-seo-wordpress\/ -->\n<title>Pr\u00e9sentoir CD Invisible - Support Discret Compact Disc - Fichier STL<\/title>\n<meta name=\"description\" content=\"Pr\u00e9sentoir ultra discret pour CD et bo\u00eetiers Compact Disc. Effet quasi invisible qui met en valeur la pochette. Id\u00e9al pour les collections, \u00e9ditions limit\u00e9es et albums cultes. Fichier STL pr\u00eat \u00e0 imprimer.\" \/>\n<meta name=\"robots\" content=\"index, follow, max-snippet:-1, max-image-preview:large, max-video-preview:-1\" \/>\n<link rel=\"canonical\" href=\"https:\/\/connec7e.com\/en\/product\/presentoir-cd-invisible-fichier-stl\/\" \/>\n<meta property=\"og:locale\" content=\"en_US\" \/>\n<meta property=\"og:type\" content=\"article\" \/>\n<meta property=\"og:title\" content=\"Pr\u00e9sentoir CD Invisible - Support Discret Compact Disc - Fichier STL\" \/>\n<meta property=\"og:description\" content=\"Pr\u00e9sentoir ultra discret pour CD et bo\u00eetiers Compact Disc. Effet quasi invisible qui met en valeur la pochette. Id\u00e9al pour les collections, \u00e9ditions limit\u00e9es et albums cultes. Fichier STL pr\u00eat \u00e0 imprimer.\" \/>\n<meta property=\"og:url\" content=\"https:\/\/connec7e.com\/en\/product\/presentoir-cd-invisible-fichier-stl\/\" \/>\n<meta property=\"og:site_name\" content=\"Connec7e\" \/>\n<meta property=\"article:publisher\" content=\"https:\/\/www.facebook.com\/connec7e\/\" \/>\n<meta property=\"article:modified_time\" content=\"2026-02-27T06:54:28+00:00\" \/>\n<meta name=\"twitter:card\" content=\"summary_large_image\" \/>\n<meta name=\"twitter:site\" content=\"@connec7e\" \/>\n<script type=\"application\/ld+json\" class=\"yoast-schema-graph\">{\"@context\":\"https:\\\/\\\/schema.org\",\"@graph\":[{\"@type\":\"WebPage\",\"@id\":\"https:\\\/\\\/connec7e.com\\\/produit\\\/presentoir-cd-invisible-fichier-stl\\\/\",\"url\":\"https:\\\/\\\/connec7e.com\\\/produit\\\/presentoir-cd-invisible-fichier-stl\\\/\",\"name\":\"Pr\u00e9sentoir CD Invisible - Support Discret Compact Disc - Fichier STL\",\"isPartOf\":{\"@id\":\"https:\\\/\\\/connec7e.com\\\/#website\"},\"primaryImageOfPage\":{\"@id\":\"https:\\\/\\\/connec7e.com\\\/produit\\\/presentoir-cd-invisible-fichier-stl\\\/#primaryimage\"},\"image\":{\"@id\":\"https:\\\/\\\/connec7e.com\\\/produit\\\/presentoir-cd-invisible-fichier-stl\\\/#primaryimage\"},\"thumbnailUrl\":\"https:\\\/\\\/connec7e.com\\\/wp-content\\\/uploads\\\/2026\\\/02\\\/Presentoir-CD-design-imprime-en-3D-\u2013-Support-de-disque-compact.avif\",\"datePublished\":\"2026-02-16T18:31:07+00:00\",\"dateModified\":\"2026-02-27T06:54:28+00:00\",\"description\":\"Pr\u00e9sentoir ultra discret pour CD et bo\u00eetiers Compact Disc. Effet quasi invisible qui met en valeur la pochette. Id\u00e9al pour les collections, \u00e9ditions limit\u00e9es et albums cultes. Fichier STL pr\u00eat \u00e0 imprimer.\",\"breadcrumb\":{\"@id\":\"https:\\\/\\\/connec7e.com\\\/produit\\\/presentoir-cd-invisible-fichier-stl\\\/#breadcrumb\"},\"inLanguage\":\"en-US\",\"potentialAction\":[{\"@type\":\"ReadAction\",\"target\":[\"https:\\\/\\\/connec7e.com\\\/produit\\\/presentoir-cd-invisible-fichier-stl\\\/\"]}]},{\"@type\":\"ImageObject\",\"inLanguage\":\"en-US\",\"@id\":\"https:\\\/\\\/connec7e.com\\\/produit\\\/presentoir-cd-invisible-fichier-stl\\\/#primaryimage\",\"url\":\"https:\\\/\\\/connec7e.com\\\/wp-content\\\/uploads\\\/2026\\\/02\\\/Presentoir-CD-design-imprime-en-3D-\u2013-Support-de-disque-compact.avif\",\"contentUrl\":\"https:\\\/\\\/connec7e.com\\\/wp-content\\\/uploads\\\/2026\\\/02\\\/Presentoir-CD-design-imprime-en-3D-\u2013-Support-de-disque-compact.avif\",\"width\":900,\"height\":900,\"caption\":\"Pr\u00e9sentoir CD imprim\u00e9 en 3D permettant d\u2019exposer vos disques de mani\u00e8re stable et esth\u00e9tique. Id\u00e9al pour collectionneurs ou d\u00e9coration geek.\"},{\"@type\":\"BreadcrumbList\",\"@id\":\"https:\\\/\\\/connec7e.com\\\/produit\\\/presentoir-cd-invisible-fichier-stl\\\/#breadcrumb\",\"itemListElement\":[{\"@type\":\"ListItem\",\"position\":1,\"name\":\"Accueil\",\"item\":\"https:\\\/\\\/connec7e.com\\\/\"},{\"@type\":\"ListItem\",\"position\":2,\"name\":\"Boutique\",\"item\":\"https:\\\/\\\/connec7e.com\\\/boutique\\\/\"},{\"@type\":\"ListItem\",\"position\":3,\"name\":\"Pr\u00e9sentoir CD Invisible &#8211; Support Discret Compact Disc &#8211; Fichier STL\"}]},{\"@type\":\"WebSite\",\"@id\":\"https:\\\/\\\/connec7e.com\\\/#website\",\"url\":\"https:\\\/\\\/connec7e.com\\\/\",\"name\":\"connec7e.com\",\"description\":\"Atelier cr\u00e9atif, impression 3D, custom et textile\",\"publisher\":{\"@id\":\"https:\\\/\\\/connec7e.com\\\/#organization\"},\"potentialAction\":[{\"@type\":\"SearchAction\",\"target\":{\"@type\":\"EntryPoint\",\"urlTemplate\":\"https:\\\/\\\/connec7e.com\\\/?s={search_term_string}\"},\"query-input\":{\"@type\":\"PropertyValueSpecification\",\"valueRequired\":true,\"valueName\":\"search_term_string\"}}],\"inLanguage\":\"en-US\"},{\"@type\":\"Organization\",\"@id\":\"https:\\\/\\\/connec7e.com\\\/#organization\",\"name\":\"connec7e\",\"url\":\"https:\\\/\\\/connec7e.com\\\/\",\"logo\":{\"@type\":\"ImageObject\",\"inLanguage\":\"en-US\",\"@id\":\"https:\\\/\\\/connec7e.com\\\/#\\\/schema\\\/logo\\\/image\\\/\",\"url\":\"https:\\\/\\\/connec7e.com\\\/wp-content\\\/uploads\\\/2025\\\/09\\\/Connec7e-Atelier-creatif-impression-3D-custom.png\",\"contentUrl\":\"https:\\\/\\\/connec7e.com\\\/wp-content\\\/uploads\\\/2025\\\/09\\\/Connec7e-Atelier-creatif-impression-3D-custom.png\",\"width\":512,\"height\":512,\"caption\":\"connec7e\"},\"image\":{\"@id\":\"https:\\\/\\\/connec7e.com\\\/#\\\/schema\\\/logo\\\/image\\\/\"},\"sameAs\":[\"https:\\\/\\\/www.facebook.com\\\/connec7e\\\/\",\"https:\\\/\\\/x.com\\\/connec7e\",\"https:\\\/\\\/www.instagram.com\\\/connec7e\\\/\",\"https:\\\/\\\/www.tiktok.com\\\/@connec7e\",\"https:\\\/\\\/www.youtube.com\\\/@connec7e\",\"https:\\\/\\\/www.reddit.com\\\/user\\\/connecTe\\\/\",\"https:\\\/\\\/cults3d.com\\\/fr\\\/utilisateurs\\\/connec7e\\\/fichiers-3d\"]}]}<\/script>\n<!-- \/ Yoast SEO plugin. -->","yoast_head_json":{"title":"Pr\u00e9sentoir CD Invisible - Support Discret Compact Disc - Fichier STL","description":"Pr\u00e9sentoir ultra discret pour CD et bo\u00eetiers Compact Disc. Effet quasi invisible qui met en valeur la pochette. Id\u00e9al pour les collections, \u00e9ditions limit\u00e9es et albums cultes. Fichier STL pr\u00eat \u00e0 imprimer.","robots":{"index":"index","follow":"follow","max-snippet":"max-snippet:-1","max-image-preview":"max-image-preview:large","max-video-preview":"max-video-preview:-1"},"canonical":"https:\/\/connec7e.com\/en\/product\/presentoir-cd-invisible-fichier-stl\/","og_locale":"en_US","og_type":"article","og_title":"Pr\u00e9sentoir CD Invisible - Support Discret Compact Disc - Fichier STL","og_description":"Pr\u00e9sentoir ultra discret pour CD et bo\u00eetiers Compact Disc. Effet quasi invisible qui met en valeur la pochette. Id\u00e9al pour les collections, \u00e9ditions limit\u00e9es et albums cultes. Fichier STL pr\u00eat \u00e0 imprimer.","og_url":"https:\/\/connec7e.com\/en\/product\/presentoir-cd-invisible-fichier-stl\/","og_site_name":"Connec7e","article_publisher":"https:\/\/www.facebook.com\/connec7e\/","article_modified_time":"2026-02-27T06:54:28+00:00","twitter_card":"summary_large_image","twitter_site":"@connec7e","schema":{"@context":"https:\/\/schema.org","@graph":[{"@type":"WebPage","@id":"https:\/\/connec7e.com\/produit\/presentoir-cd-invisible-fichier-stl\/","url":"https:\/\/connec7e.com\/produit\/presentoir-cd-invisible-fichier-stl\/","name":"Pr\u00e9sentoir CD Invisible - Support Discret Compact Disc - Fichier STL","isPartOf":{"@id":"https:\/\/connec7e.com\/#website"},"primaryImageOfPage":{"@id":"https:\/\/connec7e.com\/produit\/presentoir-cd-invisible-fichier-stl\/#primaryimage"},"image":{"@id":"https:\/\/connec7e.com\/produit\/presentoir-cd-invisible-fichier-stl\/#primaryimage"},"thumbnailUrl":"https:\/\/connec7e.com\/wp-content\/uploads\/2026\/02\/Presentoir-CD-design-imprime-en-3D-\u2013-Support-de-disque-compact.avif","datePublished":"2026-02-16T18:31:07+00:00","dateModified":"2026-02-27T06:54:28+00:00","description":"Pr\u00e9sentoir ultra discret pour CD et bo\u00eetiers Compact Disc. Effet quasi invisible qui met en valeur la pochette. Id\u00e9al pour les collections, \u00e9ditions limit\u00e9es et albums cultes. Fichier STL pr\u00eat \u00e0 imprimer.","breadcrumb":{"@id":"https:\/\/connec7e.com\/produit\/presentoir-cd-invisible-fichier-stl\/#breadcrumb"},"inLanguage":"en-US","potentialAction":[{"@type":"ReadAction","target":["https:\/\/connec7e.com\/produit\/presentoir-cd-invisible-fichier-stl\/"]}]},{"@type":"ImageObject","inLanguage":"en-US","@id":"https:\/\/connec7e.com\/produit\/presentoir-cd-invisible-fichier-stl\/#primaryimage","url":"https:\/\/connec7e.com\/wp-content\/uploads\/2026\/02\/Presentoir-CD-design-imprime-en-3D-\u2013-Support-de-disque-compact.avif","contentUrl":"https:\/\/connec7e.com\/wp-content\/uploads\/2026\/02\/Presentoir-CD-design-imprime-en-3D-\u2013-Support-de-disque-compact.avif","width":900,"height":900,"caption":"Pr\u00e9sentoir CD imprim\u00e9 en 3D permettant d\u2019exposer vos disques de mani\u00e8re stable et esth\u00e9tique. Id\u00e9al pour collectionneurs ou d\u00e9coration geek."},{"@type":"BreadcrumbList","@id":"https:\/\/connec7e.com\/produit\/presentoir-cd-invisible-fichier-stl\/#breadcrumb","itemListElement":[{"@type":"ListItem","position":1,"name":"Accueil","item":"https:\/\/connec7e.com\/"},{"@type":"ListItem","position":2,"name":"Boutique","item":"https:\/\/connec7e.com\/boutique\/"},{"@type":"ListItem","position":3,"name":"Pr\u00e9sentoir CD Invisible &#8211; Support Discret Compact Disc &#8211; Fichier STL"}]},{"@type":"WebSite","@id":"https:\/\/connec7e.com\/#website","url":"https:\/\/connec7e.com\/","name":"connec7e.com","description":"Atelier cr\u00e9atif, impression 3D, custom et textile","publisher":{"@id":"https:\/\/connec7e.com\/#organization"},"potentialAction":[{"@type":"SearchAction","target":{"@type":"EntryPoint","urlTemplate":"https:\/\/connec7e.com\/?s={search_term_string}"},"query-input":{"@type":"PropertyValueSpecification","valueRequired":true,"valueName":"search_term_string"}}],"inLanguage":"en-US"},{"@type":"Organization","@id":"https:\/\/connec7e.com\/#organization","name":"connec7e","url":"https:\/\/connec7e.com\/","logo":{"@type":"ImageObject","inLanguage":"en-US","@id":"https:\/\/connec7e.com\/#\/schema\/logo\/image\/","url":"https:\/\/connec7e.com\/wp-content\/uploads\/2025\/09\/Connec7e-Atelier-creatif-impression-3D-custom.png","contentUrl":"https:\/\/connec7e.com\/wp-content\/uploads\/2025\/09\/Connec7e-Atelier-creatif-impression-3D-custom.png","width":512,"height":512,"caption":"connec7e"},"image":{"@id":"https:\/\/connec7e.com\/#\/schema\/logo\/image\/"},"sameAs":["https:\/\/www.facebook.com\/connec7e\/","https:\/\/x.com\/connec7e","https:\/\/www.instagram.com\/connec7e\/","https:\/\/www.tiktok.com\/@connec7e","https:\/\/www.youtube.com\/@connec7e","https:\/\/www.reddit.com\/user\/connecTe\/","https:\/\/cults3d.com\/fr\/utilisateurs\/connec7e\/fichiers-3d"]}]}},"_links":{"self":[{"href":"https:\/\/connec7e.com\/en\/wp-json\/wp\/v2\/product\/1181","targetHints":{"allow":["GET"]}}],"collection":[{"href":"https:\/\/connec7e.com\/en\/wp-json\/wp\/v2\/product"}],"about":[{"href":"https:\/\/connec7e.com\/en\/wp-json\/wp\/v2\/types\/product"}],"replies":[{"embeddable":true,"href":"https:\/\/connec7e.com\/en\/wp-json\/wp\/v2\/comments?post=1181"}],"wp:featuredmedia":[{"embeddable":true,"href":"https:\/\/connec7e.com\/en\/wp-json\/wp\/v2\/media\/1182"}],"wp:attachment":[{"href":"https:\/\/connec7e.com\/en\/wp-json\/wp\/v2\/media?parent=1181"}],"wp:term":[{"taxonomy":"product_brand","embeddable":true,"href":"https:\/\/connec7e.com\/en\/wp-json\/wp\/v2\/product_brand?post=1181"},{"taxonomy":"product_cat","embeddable":true,"href":"https:\/\/connec7e.com\/en\/wp-json\/wp\/v2\/product_cat?post=1181"},{"taxonomy":"product_tag","embeddable":true,"href":"https:\/\/connec7e.com\/en\/wp-json\/wp\/v2\/product_tag?post=1181"},{"taxonomy":"product_replica","embeddable":true,"href":"https:\/\/connec7e.com\/en\/wp-json\/wp\/v2\/product_replica?post=1181"}],"curies":[{"name":"wp","href":"https:\/\/api.w.org\/{rel}","templated":true}]}}