{"id":1755,"date":"2026-02-25T08:02:30","date_gmt":"2026-02-25T08:02:30","guid":{"rendered":"https:\/\/connec7e.com\/?post_type=product&#038;p=1755"},"modified":"2026-04-05T06:09:15","modified_gmt":"2026-04-05T06:09:15","slug":"presentoir-support-cd-invisible","status":"publish","type":"product","link":"https:\/\/connec7e.com\/en\/product\/presentoir-support-cd-invisible\/","title":{"rendered":"Pr\u00e9sentoir \/ Support CD Invisible"},"content":{"rendered":"<p>Pr\u00e9sentoir ultra discret pour <strong>CD<\/strong>, Compact Disc, pens\u00e9 pour donner un effet \u201cpresque invisible\u201d et mettre en avant la pochette. Petit, stable, minimaliste, et \u00e9tonnamment styl\u00e9, apr\u00e8s coup on dirait presque un insecte num\u00e9rique.<\/p>\n<p>Produit physique livr\u00e9 complet, assembl\u00e9 et pr\u00eat \u00e0 \u00eatre utilis\u00e9 (ceci n\u2019est pas un fichier STL).<\/p>\n<div class=\"toggle-section\"><h2 class=\"toggle-title\" style=\"cursor:pointer;\">\ud83e\udde9 Compatibility<\/h2><div class=\"toggle-content\"><\/p>\n<ul>\n<li><strong>Support :<\/strong> CD, bo\u00eetiers standards<\/li>\n<li><strong>Usage :<\/strong> vitrine, \u00e9tag\u00e8re, bureau, d\u00e9co<\/li>\n<\/ul>\n<p><\/div><\/div>\n<div class=\"toggle-section\"><h2 class=\"toggle-title\" style=\"cursor:pointer;\">Features<\/h2><div class=\"toggle-content\"><\/p>\n<ul>\n<li>Design tr\u00e8s compact<\/li>\n<li>Rendu discret, le CD reste la star<\/li>\n<li>Bonne stabilit\u00e9<\/li>\n<\/ul>\n<p><\/div><\/div>\n<div class=\"toggle-section\"><h2 class=\"toggle-title\" style=\"cursor:pointer;\">\ud83d\udca1Avantages cl\u00e9s<\/h2><div class=\"toggle-content\"><\/p>\n<p>\u2714 Pr\u00e9sentation minimaliste<\/p>\n<p>\u2714 Parfait pour collections, \u00e9ditions limit\u00e9es, albums cultes<\/p>\n<p>\u2714 Petit objet, gros effet visuel<\/p>\n<p><\/div><\/div>\n<div class=\"toggle-section\"><h2 class=\"toggle-title\" style=\"cursor:pointer;\">\ud83c\udfa5 Vid\u00e9o<\/h2><div class=\"toggle-content\"><\/p>\n<p>D\u00e9monstration : <a href=\"https:\/\/youtu.be\/9ypk9tEaDE0\" target=\"_blank\" rel=\"noopener nofollow noreferrer\">https:\/\/youtu.be\/9ypk9tEaDE0<\/a><\/p>\n<p><\/div><\/div>\n<div class=\"toggle-section\"><h2 class=\"toggle-title\" style=\"cursor:pointer;\">\ud83d\udce6 Fabrication et livraison<\/h2><div class=\"toggle-content\"><\/p>\n<ul>\n<li><strong>Mat\u00e9riau :<\/strong> PLA biosourc\u00e9 de haute qualit\u00e9<\/li>\n<li><strong>Fabrication :<\/strong> impression 3D professionnelle, contr\u00f4le qualit\u00e9 syst\u00e9matique<\/li>\n<li><strong>D\u00e9lai de fabrication :<\/strong> 3 \u00e0 4 jours ouvr\u00e9s<\/li>\n<li><strong>Produit fabriqu\u00e9 sur commande :<\/strong> pas de stock, chaque pi\u00e8ce est imprim\u00e9e sp\u00e9cialement pour vous<\/li>\n<\/ul>\n<p><\/div><\/div>\n<div class=\"toggle-section\"><h2 class=\"toggle-title\" style=\"cursor:pointer;\">Cr\u00e9ation Connec7e<\/h2><div class=\"toggle-content\"><p>Con\u00e7u, fabriqu\u00e9 et test\u00e9 par <strong>Connec7e<\/strong>, atelier fran\u00e7ais d&rsquo;impression 3D fonctionnelle.<br \/>\n<em>Tomber. Se relever. Cr\u00e9er.<\/em><br \/><\/p><\/div><\/div>","protected":false},"excerpt":{"rendered":"<p>Pr\u00e9sentoir ultra discret pour CD et bo\u00eetiers Compact Disc. Effet quasi invisible qui met en valeur la pochette. Id\u00e9al pour les collections, \u00e9ditions limit\u00e9es et albums cultes. pr\u00eat \u00e0 imprimer. Fabriqu\u00e9 en France par impression 3D professionnelle, livraison sous 3-4 jours.<\/p>","protected":false},"featured_media":1182,"comment_status":"open","ping_status":"closed","template":"","meta":{"_et_pb_use_builder":"","_et_pb_old_content":"","_et_gb_content_width":""},"product_brand":[60],"product_cat":[34,20,296],"product_tag":[162,146,161,292,100,293,294,164,158,159,160,163],"product_replica":[],"class_list":{"0":"post-1755","1":"product","2":"type-product","3":"status-publish","4":"has-post-thumbnail","6":"product_brand-nayoki","7":"product_cat-art-design","8":"product_cat-objets-3d","9":"product_cat-supports-presentation","10":"product_tag-collection-musique","11":"product_tag-deco-bureau","12":"product_tag-deco-etagere","13":"product_tag-fabrication-francaise","14":"product_tag-impression-3d","15":"product_tag-impression-3d-france","16":"product_tag-made-in-france","17":"product_tag-presentation-album","18":"product_tag-presentoir-cd","19":"product_tag-support-cd","20":"product_tag-support-compact-disc","21":"product_tag-support-minimaliste","22":"product_shipping_class-std","24":"first","25":"instock","26":"taxable","27":"shipping-taxable","28":"purchasable","29":"product-type-variable","30":"has-default-attributes"},"yoast_head":"<!-- This site is optimized with the Yoast SEO plugin v27.4 - https:\/\/yoast.com\/product\/yoast-seo-wordpress\/ -->\n<title>Pr\u00e9sentoir \/ Support CD Invisible - Connec7e<\/title>\n<meta name=\"description\" content=\"Pr\u00e9sentoir ultra discret pour CD et bo\u00eetiers Compact Disc. Effet quasi invisible qui met en valeur la pochette. Id\u00e9al pour les collections, \u00e9ditions limit\u00e9es et albums cultes. pr\u00eat \u00e0 imprimer. Fabriqu\u00e9 en France par impression 3D professionnelle, livraison sous 3-4 jours.\" \/>\n<meta name=\"robots\" content=\"index, follow, max-snippet:-1, max-image-preview:large, max-video-preview:-1\" \/>\n<link rel=\"canonical\" href=\"https:\/\/connec7e.com\/en\/product\/presentoir-support-cd-invisible\/\" \/>\n<meta property=\"og:locale\" content=\"en_US\" \/>\n<meta property=\"og:type\" content=\"article\" \/>\n<meta property=\"og:title\" content=\"Pr\u00e9sentoir \/ Support CD Invisible - Connec7e\" \/>\n<meta property=\"og:description\" content=\"Pr\u00e9sentoir ultra discret pour CD et bo\u00eetiers Compact Disc. Effet quasi invisible qui met en valeur la pochette. Id\u00e9al pour les collections, \u00e9ditions limit\u00e9es et albums cultes. pr\u00eat \u00e0 imprimer. Fabriqu\u00e9 en France par impression 3D professionnelle, livraison sous 3-4 jours.\" \/>\n<meta property=\"og:url\" content=\"https:\/\/connec7e.com\/en\/product\/presentoir-support-cd-invisible\/\" \/>\n<meta property=\"og:site_name\" content=\"Connec7e\" \/>\n<meta property=\"article:publisher\" content=\"https:\/\/www.facebook.com\/connec7e\/\" \/>\n<meta property=\"article:modified_time\" content=\"2026-04-05T06:09:15+00:00\" \/>\n<meta name=\"twitter:card\" content=\"summary_large_image\" \/>\n<meta name=\"twitter:site\" content=\"@connec7e\" \/>\n<script type=\"application\/ld+json\" class=\"yoast-schema-graph\">{\"@context\":\"https:\\\/\\\/schema.org\",\"@graph\":[{\"@type\":\"WebPage\",\"@id\":\"https:\\\/\\\/connec7e.com\\\/produit\\\/presentoir-support-cd-invisible\\\/\",\"url\":\"https:\\\/\\\/connec7e.com\\\/produit\\\/presentoir-support-cd-invisible\\\/\",\"name\":\"Pr\u00e9sentoir \\\/ Support CD Invisible - Connec7e\",\"isPartOf\":{\"@id\":\"https:\\\/\\\/connec7e.com\\\/#website\"},\"primaryImageOfPage\":{\"@id\":\"https:\\\/\\\/connec7e.com\\\/produit\\\/presentoir-support-cd-invisible\\\/#primaryimage\"},\"image\":{\"@id\":\"https:\\\/\\\/connec7e.com\\\/produit\\\/presentoir-support-cd-invisible\\\/#primaryimage\"},\"thumbnailUrl\":\"https:\\\/\\\/connec7e.com\\\/wp-content\\\/uploads\\\/2026\\\/02\\\/Presentoir-CD-design-imprime-en-3D-\u2013-Support-de-disque-compact.avif\",\"datePublished\":\"2026-02-25T08:02:30+00:00\",\"dateModified\":\"2026-04-05T06:09:15+00:00\",\"description\":\"Pr\u00e9sentoir ultra discret pour CD et bo\u00eetiers Compact Disc. Effet quasi invisible qui met en valeur la pochette. Id\u00e9al pour les collections, \u00e9ditions limit\u00e9es et albums cultes. pr\u00eat \u00e0 imprimer. Fabriqu\u00e9 en France par impression 3D professionnelle, livraison sous 3-4 jours.\",\"breadcrumb\":{\"@id\":\"https:\\\/\\\/connec7e.com\\\/produit\\\/presentoir-support-cd-invisible\\\/#breadcrumb\"},\"inLanguage\":\"en-US\",\"potentialAction\":[{\"@type\":\"ReadAction\",\"target\":[\"https:\\\/\\\/connec7e.com\\\/produit\\\/presentoir-support-cd-invisible\\\/\"]}]},{\"@type\":\"ImageObject\",\"inLanguage\":\"en-US\",\"@id\":\"https:\\\/\\\/connec7e.com\\\/produit\\\/presentoir-support-cd-invisible\\\/#primaryimage\",\"url\":\"https:\\\/\\\/connec7e.com\\\/wp-content\\\/uploads\\\/2026\\\/02\\\/Presentoir-CD-design-imprime-en-3D-\u2013-Support-de-disque-compact.avif\",\"contentUrl\":\"https:\\\/\\\/connec7e.com\\\/wp-content\\\/uploads\\\/2026\\\/02\\\/Presentoir-CD-design-imprime-en-3D-\u2013-Support-de-disque-compact.avif\",\"width\":900,\"height\":900,\"caption\":\"Pr\u00e9sentoir CD imprim\u00e9 en 3D permettant d\u2019exposer vos disques de mani\u00e8re stable et esth\u00e9tique. Id\u00e9al pour collectionneurs ou d\u00e9coration geek.\"},{\"@type\":\"BreadcrumbList\",\"@id\":\"https:\\\/\\\/connec7e.com\\\/produit\\\/presentoir-support-cd-invisible\\\/#breadcrumb\",\"itemListElement\":[{\"@type\":\"ListItem\",\"position\":1,\"name\":\"Accueil\",\"item\":\"https:\\\/\\\/connec7e.com\\\/\"},{\"@type\":\"ListItem\",\"position\":2,\"name\":\"Boutique\",\"item\":\"https:\\\/\\\/connec7e.com\\\/boutique\\\/\"},{\"@type\":\"ListItem\",\"position\":3,\"name\":\"Pr\u00e9sentoir \\\/ Support CD Invisible\"}]},{\"@type\":\"WebSite\",\"@id\":\"https:\\\/\\\/connec7e.com\\\/#website\",\"url\":\"https:\\\/\\\/connec7e.com\\\/\",\"name\":\"connec7e.com\",\"description\":\"Atelier cr\u00e9atif, impression 3D, custom et textile\",\"publisher\":{\"@id\":\"https:\\\/\\\/connec7e.com\\\/#organization\"},\"potentialAction\":[{\"@type\":\"SearchAction\",\"target\":{\"@type\":\"EntryPoint\",\"urlTemplate\":\"https:\\\/\\\/connec7e.com\\\/?s={search_term_string}\"},\"query-input\":{\"@type\":\"PropertyValueSpecification\",\"valueRequired\":true,\"valueName\":\"search_term_string\"}}],\"inLanguage\":\"en-US\"},{\"@type\":\"Organization\",\"@id\":\"https:\\\/\\\/connec7e.com\\\/#organization\",\"name\":\"connec7e\",\"url\":\"https:\\\/\\\/connec7e.com\\\/\",\"logo\":{\"@type\":\"ImageObject\",\"inLanguage\":\"en-US\",\"@id\":\"https:\\\/\\\/connec7e.com\\\/#\\\/schema\\\/logo\\\/image\\\/\",\"url\":\"https:\\\/\\\/connec7e.com\\\/wp-content\\\/uploads\\\/2025\\\/09\\\/Connec7e-Atelier-creatif-impression-3D-custom.png\",\"contentUrl\":\"https:\\\/\\\/connec7e.com\\\/wp-content\\\/uploads\\\/2025\\\/09\\\/Connec7e-Atelier-creatif-impression-3D-custom.png\",\"width\":512,\"height\":512,\"caption\":\"connec7e\"},\"image\":{\"@id\":\"https:\\\/\\\/connec7e.com\\\/#\\\/schema\\\/logo\\\/image\\\/\"},\"sameAs\":[\"https:\\\/\\\/www.facebook.com\\\/connec7e\\\/\",\"https:\\\/\\\/x.com\\\/connec7e\",\"https:\\\/\\\/www.instagram.com\\\/connec7e\\\/\",\"https:\\\/\\\/www.tiktok.com\\\/@connec7e\",\"https:\\\/\\\/www.youtube.com\\\/@connec7e\",\"https:\\\/\\\/www.reddit.com\\\/user\\\/connecTe\\\/\",\"https:\\\/\\\/cults3d.com\\\/fr\\\/utilisateurs\\\/connec7e\\\/fichiers-3d\"]}]}<\/script>\n<!-- \/ Yoast SEO plugin. -->","yoast_head_json":{"title":"Pr\u00e9sentoir \/ Support CD Invisible - Connec7e","description":"Pr\u00e9sentoir ultra discret pour CD et bo\u00eetiers Compact Disc. Effet quasi invisible qui met en valeur la pochette. Id\u00e9al pour les collections, \u00e9ditions limit\u00e9es et albums cultes. pr\u00eat \u00e0 imprimer. Fabriqu\u00e9 en France par impression 3D professionnelle, livraison sous 3-4 jours.","robots":{"index":"index","follow":"follow","max-snippet":"max-snippet:-1","max-image-preview":"max-image-preview:large","max-video-preview":"max-video-preview:-1"},"canonical":"https:\/\/connec7e.com\/en\/product\/presentoir-support-cd-invisible\/","og_locale":"en_US","og_type":"article","og_title":"Pr\u00e9sentoir \/ Support CD Invisible - Connec7e","og_description":"Pr\u00e9sentoir ultra discret pour CD et bo\u00eetiers Compact Disc. Effet quasi invisible qui met en valeur la pochette. Id\u00e9al pour les collections, \u00e9ditions limit\u00e9es et albums cultes. pr\u00eat \u00e0 imprimer. Fabriqu\u00e9 en France par impression 3D professionnelle, livraison sous 3-4 jours.","og_url":"https:\/\/connec7e.com\/en\/product\/presentoir-support-cd-invisible\/","og_site_name":"Connec7e","article_publisher":"https:\/\/www.facebook.com\/connec7e\/","article_modified_time":"2026-04-05T06:09:15+00:00","twitter_card":"summary_large_image","twitter_site":"@connec7e","schema":{"@context":"https:\/\/schema.org","@graph":[{"@type":"WebPage","@id":"https:\/\/connec7e.com\/produit\/presentoir-support-cd-invisible\/","url":"https:\/\/connec7e.com\/produit\/presentoir-support-cd-invisible\/","name":"Pr\u00e9sentoir \/ Support CD Invisible - Connec7e","isPartOf":{"@id":"https:\/\/connec7e.com\/#website"},"primaryImageOfPage":{"@id":"https:\/\/connec7e.com\/produit\/presentoir-support-cd-invisible\/#primaryimage"},"image":{"@id":"https:\/\/connec7e.com\/produit\/presentoir-support-cd-invisible\/#primaryimage"},"thumbnailUrl":"https:\/\/connec7e.com\/wp-content\/uploads\/2026\/02\/Presentoir-CD-design-imprime-en-3D-\u2013-Support-de-disque-compact.avif","datePublished":"2026-02-25T08:02:30+00:00","dateModified":"2026-04-05T06:09:15+00:00","description":"Pr\u00e9sentoir ultra discret pour CD et bo\u00eetiers Compact Disc. Effet quasi invisible qui met en valeur la pochette. Id\u00e9al pour les collections, \u00e9ditions limit\u00e9es et albums cultes. pr\u00eat \u00e0 imprimer. Fabriqu\u00e9 en France par impression 3D professionnelle, livraison sous 3-4 jours.","breadcrumb":{"@id":"https:\/\/connec7e.com\/produit\/presentoir-support-cd-invisible\/#breadcrumb"},"inLanguage":"en-US","potentialAction":[{"@type":"ReadAction","target":["https:\/\/connec7e.com\/produit\/presentoir-support-cd-invisible\/"]}]},{"@type":"ImageObject","inLanguage":"en-US","@id":"https:\/\/connec7e.com\/produit\/presentoir-support-cd-invisible\/#primaryimage","url":"https:\/\/connec7e.com\/wp-content\/uploads\/2026\/02\/Presentoir-CD-design-imprime-en-3D-\u2013-Support-de-disque-compact.avif","contentUrl":"https:\/\/connec7e.com\/wp-content\/uploads\/2026\/02\/Presentoir-CD-design-imprime-en-3D-\u2013-Support-de-disque-compact.avif","width":900,"height":900,"caption":"Pr\u00e9sentoir CD imprim\u00e9 en 3D permettant d\u2019exposer vos disques de mani\u00e8re stable et esth\u00e9tique. Id\u00e9al pour collectionneurs ou d\u00e9coration geek."},{"@type":"BreadcrumbList","@id":"https:\/\/connec7e.com\/produit\/presentoir-support-cd-invisible\/#breadcrumb","itemListElement":[{"@type":"ListItem","position":1,"name":"Accueil","item":"https:\/\/connec7e.com\/"},{"@type":"ListItem","position":2,"name":"Boutique","item":"https:\/\/connec7e.com\/boutique\/"},{"@type":"ListItem","position":3,"name":"Pr\u00e9sentoir \/ Support CD Invisible"}]},{"@type":"WebSite","@id":"https:\/\/connec7e.com\/#website","url":"https:\/\/connec7e.com\/","name":"connec7e.com","description":"Atelier cr\u00e9atif, impression 3D, custom et textile","publisher":{"@id":"https:\/\/connec7e.com\/#organization"},"potentialAction":[{"@type":"SearchAction","target":{"@type":"EntryPoint","urlTemplate":"https:\/\/connec7e.com\/?s={search_term_string}"},"query-input":{"@type":"PropertyValueSpecification","valueRequired":true,"valueName":"search_term_string"}}],"inLanguage":"en-US"},{"@type":"Organization","@id":"https:\/\/connec7e.com\/#organization","name":"connec7e","url":"https:\/\/connec7e.com\/","logo":{"@type":"ImageObject","inLanguage":"en-US","@id":"https:\/\/connec7e.com\/#\/schema\/logo\/image\/","url":"https:\/\/connec7e.com\/wp-content\/uploads\/2025\/09\/Connec7e-Atelier-creatif-impression-3D-custom.png","contentUrl":"https:\/\/connec7e.com\/wp-content\/uploads\/2025\/09\/Connec7e-Atelier-creatif-impression-3D-custom.png","width":512,"height":512,"caption":"connec7e"},"image":{"@id":"https:\/\/connec7e.com\/#\/schema\/logo\/image\/"},"sameAs":["https:\/\/www.facebook.com\/connec7e\/","https:\/\/x.com\/connec7e","https:\/\/www.instagram.com\/connec7e\/","https:\/\/www.tiktok.com\/@connec7e","https:\/\/www.youtube.com\/@connec7e","https:\/\/www.reddit.com\/user\/connecTe\/","https:\/\/cults3d.com\/fr\/utilisateurs\/connec7e\/fichiers-3d"]}]}},"_links":{"self":[{"href":"https:\/\/connec7e.com\/en\/wp-json\/wp\/v2\/product\/1755","targetHints":{"allow":["GET"]}}],"collection":[{"href":"https:\/\/connec7e.com\/en\/wp-json\/wp\/v2\/product"}],"about":[{"href":"https:\/\/connec7e.com\/en\/wp-json\/wp\/v2\/types\/product"}],"replies":[{"embeddable":true,"href":"https:\/\/connec7e.com\/en\/wp-json\/wp\/v2\/comments?post=1755"}],"wp:featuredmedia":[{"embeddable":true,"href":"https:\/\/connec7e.com\/en\/wp-json\/wp\/v2\/media\/1182"}],"wp:attachment":[{"href":"https:\/\/connec7e.com\/en\/wp-json\/wp\/v2\/media?parent=1755"}],"wp:term":[{"taxonomy":"product_brand","embeddable":true,"href":"https:\/\/connec7e.com\/en\/wp-json\/wp\/v2\/product_brand?post=1755"},{"taxonomy":"product_cat","embeddable":true,"href":"https:\/\/connec7e.com\/en\/wp-json\/wp\/v2\/product_cat?post=1755"},{"taxonomy":"product_tag","embeddable":true,"href":"https:\/\/connec7e.com\/en\/wp-json\/wp\/v2\/product_tag?post=1755"},{"taxonomy":"product_replica","embeddable":true,"href":"https:\/\/connec7e.com\/en\/wp-json\/wp\/v2\/product_replica?post=1755"}],"curies":[{"name":"wp","href":"https:\/\/api.w.org\/{rel}","templated":true}]}}