{"id":2213,"date":"2026-03-30T15:34:05","date_gmt":"2026-03-30T15:34:05","guid":{"rendered":"https:\/\/connec7e.com\/?post_type=product&#038;p=2213"},"modified":"2026-04-11T16:25:37","modified_gmt":"2026-04-11T16:25:37","slug":"t-shirt-parachutisme-replik-pds-destockage-coton-ring-spun-pre-retreci","status":"publish","type":"product","link":"https:\/\/connec7e.com\/en\/product\/t-shirt-parachutisme-replik-pds-destockage-coton-ring-spun-pre-retreci\/","title":{"rendered":"T-shirt parachutisme RepliK PDS D\u00e9stockage &#8211; Coton Ring-Spun Pr\u00e9-R\u00e9tr\u00e9ci"},"content":{"rendered":"<p><strong>T-shirt RepliK Skydive PDS<\/strong> en \u00e9dition d\u00e9stockage, propos\u00e9 \u00e0 prix r\u00e9duit dans la limite des stocks disponibles. M\u00eame concept RepliK, m\u00eame double personnalisation DTF, sur une base textile coton ring-spun pr\u00e9-r\u00e9tr\u00e9ci. Une opportunit\u00e9 pour d\u00e9couvrir la gamme RepliK \u00e0 prix contenu.<\/p>\n<p>&nbsp;<\/p>\n<h2>\ud83e\ude82 Personnalisation Skydive PDS<\/h2>\n<ul>\n<li>Marquage bas sp\u00e9cial PDS avec les \u00e9tapes, emplacements poign\u00e9es et la phrase \u00ab\u00a0Si tu lis \u00e7a vole proxy\u00a0\u00bb.<\/li>\n<li>Placement optimis\u00e9 pour rester visible m\u00eame en mouvement.<\/li>\n<\/ul>\n<h2>\ud83c\udfac Personnalisation r\u00e9plique de film<\/h2>\n<ul>\n<li>Marquage haut, r\u00e9plique de film personnalis\u00e9e par vos soins.<\/li>\n<li>Vous fournissez votre texte, je m&rsquo;occupe de la mise au propre typographique pour un rendu soign\u00e9 sur textile.<\/li>\n<\/ul>\n<div class=\"toggle-section\"><h2 class=\"toggle-title\" style=\"cursor:pointer;\">\u2705 Avantages cl\u00e9s<\/h2><div class=\"toggle-content\"><\/p>\n<ul>\n<li>\u2705 Prix r\u00e9duit, stocks limit\u00e9s<\/li>\n<li>\u2705 Coton ring-spun pr\u00e9-r\u00e9tr\u00e9ci 185 g\/m\u00b2, stable au lavage<\/li>\n<li>\u2705 Construction tubulaire, coupe classique contemporaine<\/li>\n<li>\u2705 Bande de propret\u00e9 au col<\/li>\n<li>\u2705 Marquage DTF fabriqu\u00e9 et press\u00e9 en France, en Provence<\/li>\n<\/ul>\n<p><\/div><\/div>\n<div class=\"toggle-section\"><h2 class=\"toggle-title\" style=\"cursor:pointer;\">\ud83c\udf3f Caract\u00e9ristiques<\/h2><div class=\"toggle-content\"><\/p>\n<ul>\n<li><strong>Coupe<\/strong> : classique contemporaine, tubulaire, unisexe<\/li>\n<li><strong>Composition<\/strong> : 100% coton pr\u00e9-r\u00e9tr\u00e9ci ring-spun (coloris Ash : 99% coton \/ 1% viscose \u2014 Sport Grey : 85% coton \/ 15% viscose)<\/li>\n<li><strong>Col<\/strong> : bord-c\u00f4te, finitions fines<\/li>\n<li><strong>Finitions<\/strong> : bande de propret\u00e9 au col, construction tubulaire<\/li>\n<li><strong>Entretien<\/strong> : lavage 40\u00b0C possible<\/li>\n<\/ul>\n<p><\/div><\/div>\n<div class=\"toggle-section\"><h2 class=\"toggle-title\" style=\"cursor:pointer;\">\ud83c\uddeb\ud83c\uddf7 Fabrication<\/h2><div class=\"toggle-content\"><\/p>\n<ul>\n<li><strong>V\u00eatement<\/strong> : confectionn\u00e9 au Bangladesh<\/li>\n<li><strong>Marquage DTF<\/strong> : fabriqu\u00e9 en France<\/li>\n<li><strong>Pressage et contr\u00f4le<\/strong> : r\u00e9alis\u00e9s en France, en Provence<\/li>\n<\/ul>\n<p><\/div><\/div>\n<div class=\"toggle-section\"><h2 class=\"toggle-title\" style=\"cursor:pointer;\">\ud83e\uddfc Entretien<\/h2><div class=\"toggle-content\"><\/p>\n<ul>\n<li>Lavage 30\u00b0C recommand\u00e9<\/li>\n<li>Laver sur l&rsquo;envers pour pr\u00e9server le marquage DTF<\/li>\n<li>S\u00e8che-linge possible, d\u00e9conseill\u00e9 pour pr\u00e9server le marquage<\/li>\n<li>Repassage doux sur l&rsquo;envers uniquement<\/li>\n<\/ul>\n<p><\/div><\/div>\n<div class=\"toggle-section\"><h2 class=\"toggle-title\" style=\"cursor:pointer;\">\ud83e\udde0 Notes pratiques<\/h2><div class=\"toggle-content\"><p>\u00c9dition d\u00e9stockage : les coloris et tailles disponibles varient selon les stocks restants.<br \/>\nLe coton pr\u00e9-r\u00e9tr\u00e9ci ring-spun garantit une stabilit\u00e9 dimensionnelle au lavage sup\u00e9rieure<br \/>\naux cotons standards. Pas de mauvaise surprise sur la taille apr\u00e8s lavage.<br \/>\n\u26a0\ufe0f Quantit\u00e9s limit\u00e9es, sans r\u00e9assort.<br \/><\/p><\/div><\/div>\n<div class=\"toggle-section\"><h2 class=\"toggle-title\" style=\"cursor:pointer;\">\ud83c\udfa5 Videos<\/h2><div class=\"toggle-content\"><\/p>\n<ul>\n<li style=\"list-style-type: none;\">\n<ul>\n<li><strong>Vid\u00e9o de d\u00e9monstration<\/strong> : <a href=\"https:\/\/youtube.com\/shorts\/Vk5Ik88tbUg\">https:\/\/youtube.com\/shorts\/Vk5Ik88tbUg<\/a><\/li>\n<\/ul>\n<\/li>\n<\/ul>\n<p><\/div><\/div>\n<div class=\"toggle-section\"><h2 class=\"toggle-title\" style=\"cursor:pointer;\">RepliK<\/h2><div class=\"toggle-content\"><p>RepliK, des phrases qui claquent, du textile solide, et un clin d&rsquo;\u0153il \u00e0 la culture skydive. Une pi\u00e8ce pens\u00e9e pour \u00eatre port\u00e9e, pas seulement affich\u00e9e.<br \/>\nTomber. Se relever. Cr\u00e9er.<br \/><\/p><\/div><\/div>","protected":false},"excerpt":{"rendered":"<p>Le <strong>T-shirt RepliK Skydive PDS D\u00e9stockage<\/strong>, m\u00eame concept, m\u00eame double personnalisation, sur une base textile coton ring-spun pr\u00e9-r\u00e9tr\u00e9ci issue d&rsquo;un stock pr\u00e9c\u00e9dent. Prix r\u00e9duit dans la limite des stocks disponibles. Id\u00e9al pour entrer dans l&rsquo;univers RepliK sans compromis sur la personnalisation.<\/p>","protected":false},"featured_media":2253,"comment_status":"open","ping_status":"closed","template":"","meta":{"_et_pb_use_builder":"","_et_pb_old_content":"","_et_gb_content_width":""},"product_brand":[61],"product_cat":[21,66,22,44],"product_tag":[],"product_replica":[],"class_list":{"0":"post-2213","1":"product","2":"type-product","3":"status-publish","4":"has-post-thumbnail","6":"product_brand-replik","7":"product_cat-skydive","8":"product_cat-t-shirts","9":"product_cat-textiles","10":"product_cat-skydive-textiles","11":"product_shipping_class-std","13":"first","14":"instock","15":"taxable","16":"shipping-taxable","17":"purchasable","18":"product-type-variable"},"yoast_head":"<!-- This site is optimized with the Yoast SEO plugin v27.4 - https:\/\/yoast.com\/product\/yoast-seo-wordpress\/ -->\n<title>T-shirt parachutisme RepliK PDS D\u00e9stockage - Coton Ring-Spun Pr\u00e9-R\u00e9tr\u00e9ci<\/title>\n<meta name=\"description\" content=\"Le T-shirt RepliK Skydive PDS D\u00e9stockage, m\u00eame concept, m\u00eame double personnalisation, sur une base textile coton ring-spun pr\u00e9-r\u00e9tr\u00e9ci issue d&#039;un stock pr\u00e9c\u00e9dent. Prix r\u00e9duit dans la limite des stocks disponibles. Id\u00e9al pour entrer dans l&#039;univers RepliK sans compromis sur la personnalisation.\" \/>\n<meta name=\"robots\" content=\"index, follow, max-snippet:-1, max-image-preview:large, max-video-preview:-1\" \/>\n<link rel=\"canonical\" href=\"https:\/\/connec7e.com\/en\/product\/t-shirt-parachutisme-replik-pds-destockage-coton-ring-spun-pre-retreci\/\" \/>\n<meta property=\"og:locale\" content=\"en_US\" \/>\n<meta property=\"og:type\" content=\"article\" \/>\n<meta property=\"og:title\" content=\"T-shirt parachutisme RepliK PDS D\u00e9stockage - Coton Ring-Spun Pr\u00e9-R\u00e9tr\u00e9ci\" \/>\n<meta property=\"og:description\" content=\"Le T-shirt RepliK Skydive PDS D\u00e9stockage, m\u00eame concept, m\u00eame double personnalisation, sur une base textile coton ring-spun pr\u00e9-r\u00e9tr\u00e9ci issue d&#039;un stock pr\u00e9c\u00e9dent. Prix r\u00e9duit dans la limite des stocks disponibles. Id\u00e9al pour entrer dans l&#039;univers RepliK sans compromis sur la personnalisation.\" \/>\n<meta property=\"og:url\" content=\"https:\/\/connec7e.com\/en\/product\/t-shirt-parachutisme-replik-pds-destockage-coton-ring-spun-pre-retreci\/\" \/>\n<meta property=\"og:site_name\" content=\"Connec7e\" \/>\n<meta property=\"article:publisher\" content=\"https:\/\/www.facebook.com\/connec7e\/\" \/>\n<meta property=\"article:modified_time\" content=\"2026-04-11T16:25:37+00:00\" \/>\n<meta name=\"twitter:card\" content=\"summary_large_image\" \/>\n<meta name=\"twitter:site\" content=\"@connec7e\" \/>\n<script type=\"application\/ld+json\" class=\"yoast-schema-graph\">{\"@context\":\"https:\\\/\\\/schema.org\",\"@graph\":[{\"@type\":\"WebPage\",\"@id\":\"https:\\\/\\\/connec7e.com\\\/produit\\\/t-shirt-parachutisme-replik-pds-destockage-coton-ring-spun-pre-retreci\\\/\",\"url\":\"https:\\\/\\\/connec7e.com\\\/produit\\\/t-shirt-parachutisme-replik-pds-destockage-coton-ring-spun-pre-retreci\\\/\",\"name\":\"T-shirt parachutisme RepliK PDS D\u00e9stockage - Coton Ring-Spun Pr\u00e9-R\u00e9tr\u00e9ci\",\"isPartOf\":{\"@id\":\"https:\\\/\\\/connec7e.com\\\/#website\"},\"primaryImageOfPage\":{\"@id\":\"https:\\\/\\\/connec7e.com\\\/produit\\\/t-shirt-parachutisme-replik-pds-destockage-coton-ring-spun-pre-retreci\\\/#primaryimage\"},\"image\":{\"@id\":\"https:\\\/\\\/connec7e.com\\\/produit\\\/t-shirt-parachutisme-replik-pds-destockage-coton-ring-spun-pre-retreci\\\/#primaryimage\"},\"thumbnailUrl\":\"https:\\\/\\\/connec7e.com\\\/wp-content\\\/uploads\\\/2026\\\/03\\\/T-shirt-RepliK-PDS-gris-clair-coton-ring-spun-copie.avif\",\"datePublished\":\"2026-03-30T15:34:05+00:00\",\"dateModified\":\"2026-04-11T16:25:37+00:00\",\"description\":\"Le T-shirt RepliK Skydive PDS D\u00e9stockage, m\u00eame concept, m\u00eame double personnalisation, sur une base textile coton ring-spun pr\u00e9-r\u00e9tr\u00e9ci issue d'un stock pr\u00e9c\u00e9dent. Prix r\u00e9duit dans la limite des stocks disponibles. Id\u00e9al pour entrer dans l'univers RepliK sans compromis sur la personnalisation.\",\"breadcrumb\":{\"@id\":\"https:\\\/\\\/connec7e.com\\\/produit\\\/t-shirt-parachutisme-replik-pds-destockage-coton-ring-spun-pre-retreci\\\/#breadcrumb\"},\"inLanguage\":\"en-US\",\"potentialAction\":[{\"@type\":\"ReadAction\",\"target\":[\"https:\\\/\\\/connec7e.com\\\/produit\\\/t-shirt-parachutisme-replik-pds-destockage-coton-ring-spun-pre-retreci\\\/\"]}]},{\"@type\":\"ImageObject\",\"inLanguage\":\"en-US\",\"@id\":\"https:\\\/\\\/connec7e.com\\\/produit\\\/t-shirt-parachutisme-replik-pds-destockage-coton-ring-spun-pre-retreci\\\/#primaryimage\",\"url\":\"https:\\\/\\\/connec7e.com\\\/wp-content\\\/uploads\\\/2026\\\/03\\\/T-shirt-RepliK-PDS-gris-clair-coton-ring-spun-copie.avif\",\"contentUrl\":\"https:\\\/\\\/connec7e.com\\\/wp-content\\\/uploads\\\/2026\\\/03\\\/T-shirt-RepliK-PDS-gris-clair-coton-ring-spun-copie.avif\",\"width\":900,\"height\":900,\"caption\":\"T-shirt parachutisme RepliK PDS gris clair en coton ring spun pr\u00e9-r\u00e9tr\u00e9ci. Mod\u00e8le confortable et durable avec design skydiving plan B, id\u00e9al pour un usage quotidien ou en dropzone.\"},{\"@type\":\"BreadcrumbList\",\"@id\":\"https:\\\/\\\/connec7e.com\\\/produit\\\/t-shirt-parachutisme-replik-pds-destockage-coton-ring-spun-pre-retreci\\\/#breadcrumb\",\"itemListElement\":[{\"@type\":\"ListItem\",\"position\":1,\"name\":\"Accueil\",\"item\":\"https:\\\/\\\/connec7e.com\\\/\"},{\"@type\":\"ListItem\",\"position\":2,\"name\":\"Boutique\",\"item\":\"https:\\\/\\\/connec7e.com\\\/boutique\\\/\"},{\"@type\":\"ListItem\",\"position\":3,\"name\":\"T-shirt parachutisme RepliK PDS D\u00e9stockage &#8211; Coton Ring-Spun Pr\u00e9-R\u00e9tr\u00e9ci\"}]},{\"@type\":\"WebSite\",\"@id\":\"https:\\\/\\\/connec7e.com\\\/#website\",\"url\":\"https:\\\/\\\/connec7e.com\\\/\",\"name\":\"connec7e.com\",\"description\":\"Atelier cr\u00e9atif, impression 3D, custom et textile\",\"publisher\":{\"@id\":\"https:\\\/\\\/connec7e.com\\\/#organization\"},\"potentialAction\":[{\"@type\":\"SearchAction\",\"target\":{\"@type\":\"EntryPoint\",\"urlTemplate\":\"https:\\\/\\\/connec7e.com\\\/?s={search_term_string}\"},\"query-input\":{\"@type\":\"PropertyValueSpecification\",\"valueRequired\":true,\"valueName\":\"search_term_string\"}}],\"inLanguage\":\"en-US\"},{\"@type\":\"Organization\",\"@id\":\"https:\\\/\\\/connec7e.com\\\/#organization\",\"name\":\"connec7e\",\"url\":\"https:\\\/\\\/connec7e.com\\\/\",\"logo\":{\"@type\":\"ImageObject\",\"inLanguage\":\"en-US\",\"@id\":\"https:\\\/\\\/connec7e.com\\\/#\\\/schema\\\/logo\\\/image\\\/\",\"url\":\"https:\\\/\\\/connec7e.com\\\/wp-content\\\/uploads\\\/2025\\\/09\\\/Connec7e-Atelier-creatif-impression-3D-custom.png\",\"contentUrl\":\"https:\\\/\\\/connec7e.com\\\/wp-content\\\/uploads\\\/2025\\\/09\\\/Connec7e-Atelier-creatif-impression-3D-custom.png\",\"width\":512,\"height\":512,\"caption\":\"connec7e\"},\"image\":{\"@id\":\"https:\\\/\\\/connec7e.com\\\/#\\\/schema\\\/logo\\\/image\\\/\"},\"sameAs\":[\"https:\\\/\\\/www.facebook.com\\\/connec7e\\\/\",\"https:\\\/\\\/x.com\\\/connec7e\",\"https:\\\/\\\/www.instagram.com\\\/connec7e\\\/\",\"https:\\\/\\\/www.tiktok.com\\\/@connec7e\",\"https:\\\/\\\/www.youtube.com\\\/@connec7e\",\"https:\\\/\\\/www.reddit.com\\\/user\\\/connecTe\\\/\",\"https:\\\/\\\/cults3d.com\\\/fr\\\/utilisateurs\\\/connec7e\\\/fichiers-3d\"]}]}<\/script>\n<!-- \/ Yoast SEO plugin. -->","yoast_head_json":{"title":"T-shirt parachutisme RepliK PDS D\u00e9stockage - Coton Ring-Spun Pr\u00e9-R\u00e9tr\u00e9ci","description":"Le T-shirt RepliK Skydive PDS D\u00e9stockage, m\u00eame concept, m\u00eame double personnalisation, sur une base textile coton ring-spun pr\u00e9-r\u00e9tr\u00e9ci issue d'un stock pr\u00e9c\u00e9dent. Prix r\u00e9duit dans la limite des stocks disponibles. Id\u00e9al pour entrer dans l'univers RepliK sans compromis sur la personnalisation.","robots":{"index":"index","follow":"follow","max-snippet":"max-snippet:-1","max-image-preview":"max-image-preview:large","max-video-preview":"max-video-preview:-1"},"canonical":"https:\/\/connec7e.com\/en\/product\/t-shirt-parachutisme-replik-pds-destockage-coton-ring-spun-pre-retreci\/","og_locale":"en_US","og_type":"article","og_title":"T-shirt parachutisme RepliK PDS D\u00e9stockage - Coton Ring-Spun Pr\u00e9-R\u00e9tr\u00e9ci","og_description":"Le T-shirt RepliK Skydive PDS D\u00e9stockage, m\u00eame concept, m\u00eame double personnalisation, sur une base textile coton ring-spun pr\u00e9-r\u00e9tr\u00e9ci issue d'un stock pr\u00e9c\u00e9dent. Prix r\u00e9duit dans la limite des stocks disponibles. Id\u00e9al pour entrer dans l'univers RepliK sans compromis sur la personnalisation.","og_url":"https:\/\/connec7e.com\/en\/product\/t-shirt-parachutisme-replik-pds-destockage-coton-ring-spun-pre-retreci\/","og_site_name":"Connec7e","article_publisher":"https:\/\/www.facebook.com\/connec7e\/","article_modified_time":"2026-04-11T16:25:37+00:00","twitter_card":"summary_large_image","twitter_site":"@connec7e","schema":{"@context":"https:\/\/schema.org","@graph":[{"@type":"WebPage","@id":"https:\/\/connec7e.com\/produit\/t-shirt-parachutisme-replik-pds-destockage-coton-ring-spun-pre-retreci\/","url":"https:\/\/connec7e.com\/produit\/t-shirt-parachutisme-replik-pds-destockage-coton-ring-spun-pre-retreci\/","name":"T-shirt parachutisme RepliK PDS D\u00e9stockage - Coton Ring-Spun Pr\u00e9-R\u00e9tr\u00e9ci","isPartOf":{"@id":"https:\/\/connec7e.com\/#website"},"primaryImageOfPage":{"@id":"https:\/\/connec7e.com\/produit\/t-shirt-parachutisme-replik-pds-destockage-coton-ring-spun-pre-retreci\/#primaryimage"},"image":{"@id":"https:\/\/connec7e.com\/produit\/t-shirt-parachutisme-replik-pds-destockage-coton-ring-spun-pre-retreci\/#primaryimage"},"thumbnailUrl":"https:\/\/connec7e.com\/wp-content\/uploads\/2026\/03\/T-shirt-RepliK-PDS-gris-clair-coton-ring-spun-copie.avif","datePublished":"2026-03-30T15:34:05+00:00","dateModified":"2026-04-11T16:25:37+00:00","description":"Le T-shirt RepliK Skydive PDS D\u00e9stockage, m\u00eame concept, m\u00eame double personnalisation, sur une base textile coton ring-spun pr\u00e9-r\u00e9tr\u00e9ci issue d'un stock pr\u00e9c\u00e9dent. Prix r\u00e9duit dans la limite des stocks disponibles. Id\u00e9al pour entrer dans l'univers RepliK sans compromis sur la personnalisation.","breadcrumb":{"@id":"https:\/\/connec7e.com\/produit\/t-shirt-parachutisme-replik-pds-destockage-coton-ring-spun-pre-retreci\/#breadcrumb"},"inLanguage":"en-US","potentialAction":[{"@type":"ReadAction","target":["https:\/\/connec7e.com\/produit\/t-shirt-parachutisme-replik-pds-destockage-coton-ring-spun-pre-retreci\/"]}]},{"@type":"ImageObject","inLanguage":"en-US","@id":"https:\/\/connec7e.com\/produit\/t-shirt-parachutisme-replik-pds-destockage-coton-ring-spun-pre-retreci\/#primaryimage","url":"https:\/\/connec7e.com\/wp-content\/uploads\/2026\/03\/T-shirt-RepliK-PDS-gris-clair-coton-ring-spun-copie.avif","contentUrl":"https:\/\/connec7e.com\/wp-content\/uploads\/2026\/03\/T-shirt-RepliK-PDS-gris-clair-coton-ring-spun-copie.avif","width":900,"height":900,"caption":"T-shirt parachutisme RepliK PDS gris clair en coton ring spun pr\u00e9-r\u00e9tr\u00e9ci. Mod\u00e8le confortable et durable avec design skydiving plan B, id\u00e9al pour un usage quotidien ou en dropzone."},{"@type":"BreadcrumbList","@id":"https:\/\/connec7e.com\/produit\/t-shirt-parachutisme-replik-pds-destockage-coton-ring-spun-pre-retreci\/#breadcrumb","itemListElement":[{"@type":"ListItem","position":1,"name":"Accueil","item":"https:\/\/connec7e.com\/"},{"@type":"ListItem","position":2,"name":"Boutique","item":"https:\/\/connec7e.com\/boutique\/"},{"@type":"ListItem","position":3,"name":"T-shirt parachutisme RepliK PDS D\u00e9stockage &#8211; Coton Ring-Spun Pr\u00e9-R\u00e9tr\u00e9ci"}]},{"@type":"WebSite","@id":"https:\/\/connec7e.com\/#website","url":"https:\/\/connec7e.com\/","name":"connec7e.com","description":"Atelier cr\u00e9atif, impression 3D, custom et textile","publisher":{"@id":"https:\/\/connec7e.com\/#organization"},"potentialAction":[{"@type":"SearchAction","target":{"@type":"EntryPoint","urlTemplate":"https:\/\/connec7e.com\/?s={search_term_string}"},"query-input":{"@type":"PropertyValueSpecification","valueRequired":true,"valueName":"search_term_string"}}],"inLanguage":"en-US"},{"@type":"Organization","@id":"https:\/\/connec7e.com\/#organization","name":"connec7e","url":"https:\/\/connec7e.com\/","logo":{"@type":"ImageObject","inLanguage":"en-US","@id":"https:\/\/connec7e.com\/#\/schema\/logo\/image\/","url":"https:\/\/connec7e.com\/wp-content\/uploads\/2025\/09\/Connec7e-Atelier-creatif-impression-3D-custom.png","contentUrl":"https:\/\/connec7e.com\/wp-content\/uploads\/2025\/09\/Connec7e-Atelier-creatif-impression-3D-custom.png","width":512,"height":512,"caption":"connec7e"},"image":{"@id":"https:\/\/connec7e.com\/#\/schema\/logo\/image\/"},"sameAs":["https:\/\/www.facebook.com\/connec7e\/","https:\/\/x.com\/connec7e","https:\/\/www.instagram.com\/connec7e\/","https:\/\/www.tiktok.com\/@connec7e","https:\/\/www.youtube.com\/@connec7e","https:\/\/www.reddit.com\/user\/connecTe\/","https:\/\/cults3d.com\/fr\/utilisateurs\/connec7e\/fichiers-3d"]}]}},"_links":{"self":[{"href":"https:\/\/connec7e.com\/en\/wp-json\/wp\/v2\/product\/2213","targetHints":{"allow":["GET"]}}],"collection":[{"href":"https:\/\/connec7e.com\/en\/wp-json\/wp\/v2\/product"}],"about":[{"href":"https:\/\/connec7e.com\/en\/wp-json\/wp\/v2\/types\/product"}],"replies":[{"embeddable":true,"href":"https:\/\/connec7e.com\/en\/wp-json\/wp\/v2\/comments?post=2213"}],"wp:featuredmedia":[{"embeddable":true,"href":"https:\/\/connec7e.com\/en\/wp-json\/wp\/v2\/media\/2253"}],"wp:attachment":[{"href":"https:\/\/connec7e.com\/en\/wp-json\/wp\/v2\/media?parent=2213"}],"wp:term":[{"taxonomy":"product_brand","embeddable":true,"href":"https:\/\/connec7e.com\/en\/wp-json\/wp\/v2\/product_brand?post=2213"},{"taxonomy":"product_cat","embeddable":true,"href":"https:\/\/connec7e.com\/en\/wp-json\/wp\/v2\/product_cat?post=2213"},{"taxonomy":"product_tag","embeddable":true,"href":"https:\/\/connec7e.com\/en\/wp-json\/wp\/v2\/product_tag?post=2213"},{"taxonomy":"product_replica","embeddable":true,"href":"https:\/\/connec7e.com\/en\/wp-json\/wp\/v2\/product_replica?post=2213"}],"curies":[{"name":"wp","href":"https:\/\/api.w.org\/{rel}","templated":true}]}}