{"id":2260,"date":"2026-03-31T16:38:21","date_gmt":"2026-03-31T16:38:21","guid":{"rendered":"https:\/\/connec7e.com\/?post_type=product&#038;p=2260"},"modified":"2026-04-11T16:24:56","modified_gmt":"2026-04-11T16:24:56","slug":"sweatshirt-skyporn-skydive-coton-bio-gots","status":"publish","type":"product","link":"https:\/\/connec7e.com\/en\/product\/sweatshirt-skyporn-skydive-coton-bio-gots\/","title":{"rendered":"Sweatshirt #SkyPorn Skydive &#8211; Coton Bio GOTS"},"content":{"rendered":"<p><strong>Sweatshirt #Skyporn Coton Bio GOTS<\/strong>, un sweat noir pens\u00e9 pour les passionn\u00e9s de chute libre, avec un visuel fort inspir\u00e9 des sensations en vol. Confort premium, coupe droite unisexe, et marquage embl\u00e9matique #Skyporn sur la poitrine accompagn\u00e9 d\u2019un visuel skydiving impactant : Une bonne Track \/ Trace.<\/p>\n<p>Un sweat con\u00e7u pour \u00eatre port\u00e9 en dropzone comme au quotidien, avec un style assum\u00e9 et reconnaissable.<\/p>\n<p>Si vous souhaitez optimiser le rendu et la dur\u00e9e de vie du marquage, je recommande un lavage sur l\u2019envers et d\u2019\u00e9viter le s\u00e8che-linge, pour pr\u00e9server l\u2019impression dans le temps (bien qu\u2019elle soit con\u00e7ue pour y r\u00e9sister).<\/p>\n<p>&nbsp;<\/p>\n<h2>\ud83e\ude82 Design #Skyporn<\/h2>\n<ul>\n<li>Marquage poitrine #Skyporn avec contraste visuel bleu et rose.<\/li>\n<li>Visuel central skydiving fort, inspir\u00e9 des sensations de chute libre.<\/li>\n<li>Placement optimis\u00e9 pour un rendu visible avec ou sans harnais.<\/li>\n<\/ul>\n<h2>\ud83c\udfaf Esprit du produit<\/h2>\n<ul>\n<li>Un sweat identitaire pour les passionn\u00e9s de parachutisme.<\/li>\n<li>Un design visuel pens\u00e9 pour ressortir en photo et en vid\u00e9o.<\/li>\n<\/ul>\n<div class=\"toggle-section\"><h2 class=\"toggle-title\" style=\"cursor:pointer;\">\u2705 Avantages cl\u00e9s<\/h2><div class=\"toggle-content\"><\/p>\n<ul>\n<li>\u2705 Sweat \u00e9pais et durable, 350 g\/m\u00b2<\/li>\n<li>\u2705 Molleton 3 fils LSF, plus stable au lavage, toucher doux<\/li>\n<li>\u2705 Design #Skyporn unique et impactant<\/li>\n<li>\u2705 Marquage DTF fabriqu\u00e9 en France, pressage r\u00e9alis\u00e9 en Provence<\/li>\n<li>\u2705 Base textile coton bio certifi\u00e9 GOTS<\/li>\n<\/ul>\n<p><\/div><\/div>\n<div class=\"toggle-section\"><h2 class=\"toggle-title\" style=\"cursor:pointer;\">\ud83c\udf3f Caract\u00e9ristiques du sweat<\/h2><div class=\"toggle-content\"><\/p>\n<ul>\n<li><strong>Couleur<\/strong> : Noir<\/li>\n<li><strong>Coupe<\/strong> : droite, unisexe<\/li>\n<li><strong>Composition<\/strong> : 85% coton biologique, 15% polyester recycl\u00e9 post consumer<\/li>\n<li><strong>Confection<\/strong> : coton peign\u00e9 ringspun, lav\u00e9 aux enzymes<\/li>\n<li><strong>Molleton<\/strong> : gratt\u00e9 3 fils LSF, pr\u00e9 r\u00e9tr\u00e9ci (Low Shrinkage Fleece)<\/li>\n<li><strong>Grammage<\/strong> : 350 g\/m\u00b2<\/li>\n<li><strong>Finitions<\/strong> : bord cote 1&#215;1, double surpiq\u00fbre bas de manches, emmanchures, bas de v\u00eatement<\/li>\n<li><strong>Origine du v\u00eatement<\/strong> : Bangladesh<\/li>\n<\/ul>\n<p><\/div><\/div>\n<div class=\"toggle-section\"><h2 class=\"toggle-title\" style=\"cursor:pointer;\">\ud83c\uddeb\ud83c\uddf7 Fabrication, marquage, assemblage<\/h2><div class=\"toggle-content\"><\/p>\n<ul>\n<li><strong>V\u00eatement<\/strong> : confectionn\u00e9 au Bangladesh<\/li>\n<li><strong>Marquage DTF<\/strong> : fabriqu\u00e9 en France<\/li>\n<li><strong>Pressage et contr\u00f4le<\/strong> : r\u00e9alis\u00e9s en France, en Provence<\/li>\n<\/ul>\n<p><\/div><\/div>\n<div class=\"toggle-section\"><h2 class=\"toggle-title\" style=\"cursor:pointer;\">\ud83e\uddfc Entretien<\/h2><div class=\"toggle-content\"><\/p>\n<ul>\n<li>Lavage 40\u00b0C recommand\u00e9<\/li>\n<li>Laver sur l\u2019envers pour pr\u00e9server le marquage<\/li>\n<li>\u00c9viter le s\u00e8che-linge<\/li>\n<li>Repassage doux, id\u00e9alement sur l\u2019envers<\/li>\n<\/ul>\n<p><\/div><\/div>\n<div class=\"toggle-section\"><h2 class=\"toggle-title\" style=\"cursor:pointer;\">\ud83e\udde0 Notes pratiques<\/h2><div class=\"toggle-content\"><p>Le marquage est con\u00e7u pour un usage r\u00e9el : dropzone, tunnel, vie quotidienne. Pour maximiser sa dur\u00e9e de vie, privil\u00e9giez un entretien doux.<br \/><\/p><\/div><\/div>\n<div class=\"toggle-section\"><h2 class=\"toggle-title\" style=\"cursor:pointer;\">\ud83c\udfa5 Videos<\/h2><div class=\"toggle-content\"><\/p>\n<ul>\n<li><strong>Vid\u00e9o de d\u00e9monstration<\/strong> : <a href=\"https:\/\/youtube.com\/shorts\/Vk5Ik88tbUg\">https:\/\/youtube.com\/shorts\/Vk5Ik88tbUg<\/a><\/li>\n<\/ul>\n<p><\/div><\/div>","protected":false},"excerpt":{"rendered":"<p>Sweatshirt #Skyporn noir en coton bio GOTS, \u00e9pais et confortable, avec un visuel skydiving impactant et le marquage embl\u00e9matique #Skyporn sur la poitrine.<\/p>\n<ul>\n<li>\ud83e\uddf5 350 g\/m\u00b2, molleton 3 fils LSF<\/li>\n<li>\ud83c\udf3f Coton bio certifi\u00e9 GOTS<\/li>\n<li>\ud83e\ude82 Design chute libre, style affirm\u00e9<\/li>\n<li>\ud83c\uddeb\ud83c\uddf7 DTF France, press\u00e9 en Provence<\/li>\n<\/ul>","protected":false},"featured_media":2265,"comment_status":"open","ping_status":"closed","template":"","meta":{"_et_pb_use_builder":"","_et_pb_old_content":"","_et_gb_content_width":""},"product_brand":[301],"product_cat":[21,67,22,44],"product_tag":[],"product_replica":[],"class_list":{"0":"post-2260","1":"product","2":"type-product","3":"status-publish","4":"has-post-thumbnail","6":"product_brand-skyporn","7":"product_cat-skydive","8":"product_cat-sweatshirts","9":"product_cat-textiles","10":"product_cat-skydive-textiles","11":"product_shipping_class-std","13":"first","14":"instock","15":"taxable","16":"shipping-taxable","17":"purchasable","18":"product-type-variable"},"yoast_head":"<!-- This site is optimized with the Yoast SEO plugin v27.4 - https:\/\/yoast.com\/product\/yoast-seo-wordpress\/ -->\n<title>Sweatshirt #SkyPorn Skydive - Coton Bio GOTS<\/title>\n<meta name=\"description\" content=\"Sweatshirt RepliK Skydive PDS noir, personnalis\u00e9 avec votre r\u00e9plique et marquage parachutisme. 85% coton bio, 350 g\/m\u00b2, molleton 3 fils LSF, DTF fabriqu\u00e9 en France, press\u00e9 en Provence.\" \/>\n<meta name=\"robots\" content=\"index, follow, max-snippet:-1, max-image-preview:large, max-video-preview:-1\" \/>\n<link rel=\"canonical\" href=\"https:\/\/connec7e.com\/en\/product\/sweatshirt-skyporn-skydive-coton-bio-gots\/\" \/>\n<meta property=\"og:locale\" content=\"en_US\" \/>\n<meta property=\"og:type\" content=\"article\" \/>\n<meta property=\"og:title\" content=\"Sweatshirt #SkyPorn Skydive - Coton Bio GOTS\" \/>\n<meta property=\"og:description\" content=\"Sweatshirt RepliK Skydive PDS noir, personnalis\u00e9 avec votre r\u00e9plique et marquage parachutisme. 85% coton bio, 350 g\/m\u00b2, molleton 3 fils LSF, DTF fabriqu\u00e9 en France, press\u00e9 en Provence.\" \/>\n<meta property=\"og:url\" content=\"https:\/\/connec7e.com\/en\/product\/sweatshirt-skyporn-skydive-coton-bio-gots\/\" \/>\n<meta property=\"og:site_name\" content=\"Connec7e\" \/>\n<meta property=\"article:publisher\" content=\"https:\/\/www.facebook.com\/connec7e\/\" \/>\n<meta property=\"article:modified_time\" content=\"2026-04-11T16:24:56+00:00\" \/>\n<meta property=\"og:image\" content=\"https:\/\/connec7e.com\/wp-content\/uploads\/2026\/03\/Sweatshirt-SkyPorn-Skydive-Coton-Bio-GOTS.jpg\" \/>\n\t<meta property=\"og:image:width\" content=\"1080\" \/>\n\t<meta property=\"og:image:height\" content=\"1080\" \/>\n\t<meta property=\"og:image:type\" content=\"image\/jpeg\" \/>\n<meta name=\"twitter:card\" content=\"summary_large_image\" \/>\n<meta name=\"twitter:site\" content=\"@connec7e\" \/>\n<script type=\"application\/ld+json\" class=\"yoast-schema-graph\">{\"@context\":\"https:\\\/\\\/schema.org\",\"@graph\":[{\"@type\":\"WebPage\",\"@id\":\"https:\\\/\\\/connec7e.com\\\/produit\\\/sweatshirt-skyporn-skydive-coton-bio-gots\\\/\",\"url\":\"https:\\\/\\\/connec7e.com\\\/produit\\\/sweatshirt-skyporn-skydive-coton-bio-gots\\\/\",\"name\":\"Sweatshirt #SkyPorn Skydive - Coton Bio GOTS\",\"isPartOf\":{\"@id\":\"https:\\\/\\\/connec7e.com\\\/#website\"},\"primaryImageOfPage\":{\"@id\":\"https:\\\/\\\/connec7e.com\\\/produit\\\/sweatshirt-skyporn-skydive-coton-bio-gots\\\/#primaryimage\"},\"image\":{\"@id\":\"https:\\\/\\\/connec7e.com\\\/produit\\\/sweatshirt-skyporn-skydive-coton-bio-gots\\\/#primaryimage\"},\"thumbnailUrl\":\"https:\\\/\\\/connec7e.com\\\/wp-content\\\/uploads\\\/2026\\\/03\\\/Sweatshirt-SkyPorn-Skydive-Coton-Bio-GOTS.jpg\",\"datePublished\":\"2026-03-31T16:38:21+00:00\",\"dateModified\":\"2026-04-11T16:24:56+00:00\",\"description\":\"Sweatshirt RepliK Skydive PDS noir, personnalis\u00e9 avec votre r\u00e9plique et marquage parachutisme. 85% coton bio, 350 g\\\/m\u00b2, molleton 3 fils LSF, DTF fabriqu\u00e9 en France, press\u00e9 en Provence.\",\"breadcrumb\":{\"@id\":\"https:\\\/\\\/connec7e.com\\\/produit\\\/sweatshirt-skyporn-skydive-coton-bio-gots\\\/#breadcrumb\"},\"inLanguage\":\"en-US\",\"potentialAction\":[{\"@type\":\"ReadAction\",\"target\":[\"https:\\\/\\\/connec7e.com\\\/produit\\\/sweatshirt-skyporn-skydive-coton-bio-gots\\\/\"]}]},{\"@type\":\"ImageObject\",\"inLanguage\":\"en-US\",\"@id\":\"https:\\\/\\\/connec7e.com\\\/produit\\\/sweatshirt-skyporn-skydive-coton-bio-gots\\\/#primaryimage\",\"url\":\"https:\\\/\\\/connec7e.com\\\/wp-content\\\/uploads\\\/2026\\\/03\\\/Sweatshirt-SkyPorn-Skydive-Coton-Bio-GOTS.jpg\",\"contentUrl\":\"https:\\\/\\\/connec7e.com\\\/wp-content\\\/uploads\\\/2026\\\/03\\\/Sweatshirt-SkyPorn-Skydive-Coton-Bio-GOTS.jpg\",\"width\":1080,\"height\":1080,\"caption\":\"Sweatshirt #Skyporn noir en coton bio certifi\u00e9 GOTS, avec un design inspir\u00e9 de la chute libre et du parachutisme. Coupe unisexe, tissu \u00e9pais 350 g\\\/m\u00b2 et marquage DTF r\u00e9sistant, id\u00e9al pour les passionn\u00e9s de skydiving.\"},{\"@type\":\"BreadcrumbList\",\"@id\":\"https:\\\/\\\/connec7e.com\\\/produit\\\/sweatshirt-skyporn-skydive-coton-bio-gots\\\/#breadcrumb\",\"itemListElement\":[{\"@type\":\"ListItem\",\"position\":1,\"name\":\"Accueil\",\"item\":\"https:\\\/\\\/connec7e.com\\\/\"},{\"@type\":\"ListItem\",\"position\":2,\"name\":\"Boutique\",\"item\":\"https:\\\/\\\/connec7e.com\\\/boutique\\\/\"},{\"@type\":\"ListItem\",\"position\":3,\"name\":\"Sweatshirt #SkyPorn Skydive &#8211; Coton Bio GOTS\"}]},{\"@type\":\"WebSite\",\"@id\":\"https:\\\/\\\/connec7e.com\\\/#website\",\"url\":\"https:\\\/\\\/connec7e.com\\\/\",\"name\":\"connec7e.com\",\"description\":\"Atelier cr\u00e9atif, impression 3D, custom et textile\",\"publisher\":{\"@id\":\"https:\\\/\\\/connec7e.com\\\/#organization\"},\"potentialAction\":[{\"@type\":\"SearchAction\",\"target\":{\"@type\":\"EntryPoint\",\"urlTemplate\":\"https:\\\/\\\/connec7e.com\\\/?s={search_term_string}\"},\"query-input\":{\"@type\":\"PropertyValueSpecification\",\"valueRequired\":true,\"valueName\":\"search_term_string\"}}],\"inLanguage\":\"en-US\"},{\"@type\":\"Organization\",\"@id\":\"https:\\\/\\\/connec7e.com\\\/#organization\",\"name\":\"connec7e\",\"url\":\"https:\\\/\\\/connec7e.com\\\/\",\"logo\":{\"@type\":\"ImageObject\",\"inLanguage\":\"en-US\",\"@id\":\"https:\\\/\\\/connec7e.com\\\/#\\\/schema\\\/logo\\\/image\\\/\",\"url\":\"https:\\\/\\\/connec7e.com\\\/wp-content\\\/uploads\\\/2025\\\/09\\\/Connec7e-Atelier-creatif-impression-3D-custom.png\",\"contentUrl\":\"https:\\\/\\\/connec7e.com\\\/wp-content\\\/uploads\\\/2025\\\/09\\\/Connec7e-Atelier-creatif-impression-3D-custom.png\",\"width\":512,\"height\":512,\"caption\":\"connec7e\"},\"image\":{\"@id\":\"https:\\\/\\\/connec7e.com\\\/#\\\/schema\\\/logo\\\/image\\\/\"},\"sameAs\":[\"https:\\\/\\\/www.facebook.com\\\/connec7e\\\/\",\"https:\\\/\\\/x.com\\\/connec7e\",\"https:\\\/\\\/www.instagram.com\\\/connec7e\\\/\",\"https:\\\/\\\/www.tiktok.com\\\/@connec7e\",\"https:\\\/\\\/www.youtube.com\\\/@connec7e\",\"https:\\\/\\\/www.reddit.com\\\/user\\\/connecTe\\\/\",\"https:\\\/\\\/cults3d.com\\\/fr\\\/utilisateurs\\\/connec7e\\\/fichiers-3d\"]}]}<\/script>\n<!-- \/ Yoast SEO plugin. -->","yoast_head_json":{"title":"Sweatshirt #SkyPorn Skydive - Coton Bio GOTS","description":"Sweatshirt RepliK Skydive PDS noir, personnalis\u00e9 avec votre r\u00e9plique et marquage parachutisme. 85% coton bio, 350 g\/m\u00b2, molleton 3 fils LSF, DTF fabriqu\u00e9 en France, press\u00e9 en Provence.","robots":{"index":"index","follow":"follow","max-snippet":"max-snippet:-1","max-image-preview":"max-image-preview:large","max-video-preview":"max-video-preview:-1"},"canonical":"https:\/\/connec7e.com\/en\/product\/sweatshirt-skyporn-skydive-coton-bio-gots\/","og_locale":"en_US","og_type":"article","og_title":"Sweatshirt #SkyPorn Skydive - Coton Bio GOTS","og_description":"Sweatshirt RepliK Skydive PDS noir, personnalis\u00e9 avec votre r\u00e9plique et marquage parachutisme. 85% coton bio, 350 g\/m\u00b2, molleton 3 fils LSF, DTF fabriqu\u00e9 en France, press\u00e9 en Provence.","og_url":"https:\/\/connec7e.com\/en\/product\/sweatshirt-skyporn-skydive-coton-bio-gots\/","og_site_name":"Connec7e","article_publisher":"https:\/\/www.facebook.com\/connec7e\/","article_modified_time":"2026-04-11T16:24:56+00:00","og_image":[{"width":1080,"height":1080,"url":"https:\/\/connec7e.com\/wp-content\/uploads\/2026\/03\/Sweatshirt-SkyPorn-Skydive-Coton-Bio-GOTS.jpg","type":"image\/jpeg"}],"twitter_card":"summary_large_image","twitter_site":"@connec7e","schema":{"@context":"https:\/\/schema.org","@graph":[{"@type":"WebPage","@id":"https:\/\/connec7e.com\/produit\/sweatshirt-skyporn-skydive-coton-bio-gots\/","url":"https:\/\/connec7e.com\/produit\/sweatshirt-skyporn-skydive-coton-bio-gots\/","name":"Sweatshirt #SkyPorn Skydive - Coton Bio GOTS","isPartOf":{"@id":"https:\/\/connec7e.com\/#website"},"primaryImageOfPage":{"@id":"https:\/\/connec7e.com\/produit\/sweatshirt-skyporn-skydive-coton-bio-gots\/#primaryimage"},"image":{"@id":"https:\/\/connec7e.com\/produit\/sweatshirt-skyporn-skydive-coton-bio-gots\/#primaryimage"},"thumbnailUrl":"https:\/\/connec7e.com\/wp-content\/uploads\/2026\/03\/Sweatshirt-SkyPorn-Skydive-Coton-Bio-GOTS.jpg","datePublished":"2026-03-31T16:38:21+00:00","dateModified":"2026-04-11T16:24:56+00:00","description":"Sweatshirt RepliK Skydive PDS noir, personnalis\u00e9 avec votre r\u00e9plique et marquage parachutisme. 85% coton bio, 350 g\/m\u00b2, molleton 3 fils LSF, DTF fabriqu\u00e9 en France, press\u00e9 en Provence.","breadcrumb":{"@id":"https:\/\/connec7e.com\/produit\/sweatshirt-skyporn-skydive-coton-bio-gots\/#breadcrumb"},"inLanguage":"en-US","potentialAction":[{"@type":"ReadAction","target":["https:\/\/connec7e.com\/produit\/sweatshirt-skyporn-skydive-coton-bio-gots\/"]}]},{"@type":"ImageObject","inLanguage":"en-US","@id":"https:\/\/connec7e.com\/produit\/sweatshirt-skyporn-skydive-coton-bio-gots\/#primaryimage","url":"https:\/\/connec7e.com\/wp-content\/uploads\/2026\/03\/Sweatshirt-SkyPorn-Skydive-Coton-Bio-GOTS.jpg","contentUrl":"https:\/\/connec7e.com\/wp-content\/uploads\/2026\/03\/Sweatshirt-SkyPorn-Skydive-Coton-Bio-GOTS.jpg","width":1080,"height":1080,"caption":"Sweatshirt #Skyporn noir en coton bio certifi\u00e9 GOTS, avec un design inspir\u00e9 de la chute libre et du parachutisme. Coupe unisexe, tissu \u00e9pais 350 g\/m\u00b2 et marquage DTF r\u00e9sistant, id\u00e9al pour les passionn\u00e9s de skydiving."},{"@type":"BreadcrumbList","@id":"https:\/\/connec7e.com\/produit\/sweatshirt-skyporn-skydive-coton-bio-gots\/#breadcrumb","itemListElement":[{"@type":"ListItem","position":1,"name":"Accueil","item":"https:\/\/connec7e.com\/"},{"@type":"ListItem","position":2,"name":"Boutique","item":"https:\/\/connec7e.com\/boutique\/"},{"@type":"ListItem","position":3,"name":"Sweatshirt #SkyPorn Skydive &#8211; Coton Bio GOTS"}]},{"@type":"WebSite","@id":"https:\/\/connec7e.com\/#website","url":"https:\/\/connec7e.com\/","name":"connec7e.com","description":"Atelier cr\u00e9atif, impression 3D, custom et textile","publisher":{"@id":"https:\/\/connec7e.com\/#organization"},"potentialAction":[{"@type":"SearchAction","target":{"@type":"EntryPoint","urlTemplate":"https:\/\/connec7e.com\/?s={search_term_string}"},"query-input":{"@type":"PropertyValueSpecification","valueRequired":true,"valueName":"search_term_string"}}],"inLanguage":"en-US"},{"@type":"Organization","@id":"https:\/\/connec7e.com\/#organization","name":"connec7e","url":"https:\/\/connec7e.com\/","logo":{"@type":"ImageObject","inLanguage":"en-US","@id":"https:\/\/connec7e.com\/#\/schema\/logo\/image\/","url":"https:\/\/connec7e.com\/wp-content\/uploads\/2025\/09\/Connec7e-Atelier-creatif-impression-3D-custom.png","contentUrl":"https:\/\/connec7e.com\/wp-content\/uploads\/2025\/09\/Connec7e-Atelier-creatif-impression-3D-custom.png","width":512,"height":512,"caption":"connec7e"},"image":{"@id":"https:\/\/connec7e.com\/#\/schema\/logo\/image\/"},"sameAs":["https:\/\/www.facebook.com\/connec7e\/","https:\/\/x.com\/connec7e","https:\/\/www.instagram.com\/connec7e\/","https:\/\/www.tiktok.com\/@connec7e","https:\/\/www.youtube.com\/@connec7e","https:\/\/www.reddit.com\/user\/connecTe\/","https:\/\/cults3d.com\/fr\/utilisateurs\/connec7e\/fichiers-3d"]}]}},"_links":{"self":[{"href":"https:\/\/connec7e.com\/en\/wp-json\/wp\/v2\/product\/2260","targetHints":{"allow":["GET"]}}],"collection":[{"href":"https:\/\/connec7e.com\/en\/wp-json\/wp\/v2\/product"}],"about":[{"href":"https:\/\/connec7e.com\/en\/wp-json\/wp\/v2\/types\/product"}],"replies":[{"embeddable":true,"href":"https:\/\/connec7e.com\/en\/wp-json\/wp\/v2\/comments?post=2260"}],"wp:featuredmedia":[{"embeddable":true,"href":"https:\/\/connec7e.com\/en\/wp-json\/wp\/v2\/media\/2265"}],"wp:attachment":[{"href":"https:\/\/connec7e.com\/en\/wp-json\/wp\/v2\/media?parent=2260"}],"wp:term":[{"taxonomy":"product_brand","embeddable":true,"href":"https:\/\/connec7e.com\/en\/wp-json\/wp\/v2\/product_brand?post=2260"},{"taxonomy":"product_cat","embeddable":true,"href":"https:\/\/connec7e.com\/en\/wp-json\/wp\/v2\/product_cat?post=2260"},{"taxonomy":"product_tag","embeddable":true,"href":"https:\/\/connec7e.com\/en\/wp-json\/wp\/v2\/product_tag?post=2260"},{"taxonomy":"product_replica","embeddable":true,"href":"https:\/\/connec7e.com\/en\/wp-json\/wp\/v2\/product_replica?post=2260"}],"curies":[{"name":"wp","href":"https:\/\/api.w.org\/{rel}","templated":true}]}}