{"id":809,"date":"2025-10-21T04:21:11","date_gmt":"2025-10-21T04:21:11","guid":{"rendered":"https:\/\/connec7e.com\/?post_type=product&#038;p=809"},"modified":"2026-03-03T15:39:57","modified_gmt":"2026-03-03T15:39:57","slug":"adaptateur-roller-mount-cookie-pour-insta360-stl","status":"publish","type":"product","link":"https:\/\/connec7e.com\/en\/product\/adaptateur-roller-mount-cookie-pour-insta360-stl\/","title":{"rendered":"Roller Mount Cookie Adapter for Insta360 X3, X4 and X5, STL File"},"content":{"rendered":"<p>Passez \u00e0 l\u2019Insta360 X3, X4 ou X5 sans changer tout votre \u00e9quipement. Ce plan 3d d&rsquo;adaptateur permet de fixer votre cam\u00e9ra sur tous les <strong>Roller Mounts Cookie<\/strong> (G35, Fuel, etc.) tout en conservant votre support d\u2019origine. Une solution l\u00e9g\u00e8re, solide et polyvalente, test\u00e9e en conditions r\u00e9elles de parachutisme.<\/p>\n<h2><\/h2>\n<h2>Accessoires et compl\u00e9ments recommand\u00e9s<\/h2>\n<ul>\n<li>Pour fixer votre Insta 360 sur cet adaptateur, vous aurez besoin d&rsquo;une <strong>Vis 1\/4-20 mm<\/strong> :<a href=\"https:\/\/amzn.to\/40f7DHg\" target=\"_blank\" rel=\"noopener\"> voir sur Amazon<\/a><\/li>\n<li>Chargeur de batterie externe pour recharger l&rsquo;<strong>Insta360 X5<\/strong> sur le mount : <a href=\"https:\/\/amzn.to\/3HE5vTB\" target=\"_blank\" rel=\"noopener\">voir sur Amazon<\/a><\/li>\n<\/ul>\n<div class=\"toggle-section\"><h2 class=\"toggle-title\" style=\"cursor:pointer;\">\ud83e\udde9 Compatibility<\/h2><div class=\"toggle-content\"><\/p>\n<ul>\n<li><strong>Cam\u00e9ras compatibles selon variante :<\/strong> Insta360 X3, Insta360 X4, Insta360 X5<\/li>\n<li><strong>Supports compatibles :<\/strong> Roller Mount Cookie (Toutes versions GoPro \/ X3 \/ X4 \/ X5)<\/li>\n<li><strong>Casques compatibles :<\/strong> Cookie G35, Cookie Fuel et casques utilisant un Roller Mount Cookie<\/li>\n<li><strong>Fixation cam\u00e9ra :<\/strong> filetage 1\/4-20 standard<\/li>\n<\/ul>\n<p><\/div><\/div>\n<div class=\"toggle-section\"><h2 class=\"toggle-title\" style=\"cursor:pointer;\">Features<\/h2><div class=\"toggle-content\"><\/p>\n<ul>\n<li>Poids approximatif : environ 10 g (bien plus l\u00e9ger que le support officiel)<\/li>\n<li>Design compact pour limiter la prise au vent<\/li>\n<li>Fichier <strong>STL<\/strong> pr\u00eat \u00e0 imprimer<\/li>\n<li>Impression sans supports<\/li>\n<li>Compatibilit\u00e9 avec plusieurs g\u00e9n\u00e9rations de Roller Mount<\/li>\n<\/ul>\n<p><\/div><\/div>\n<div class=\"toggle-section\"><h2 class=\"toggle-title\" style=\"cursor:pointer;\">\ud83d\udca1Avantages cl\u00e9s<\/h2><div class=\"toggle-content\"><\/p>\n<p>\u2714 \u00c9vite l\u2019achat d\u2019un nouveau support co\u00fbteux<br \/>\n\u2714 Solution l\u00e9g\u00e8re et confortable pour le cou en vol<br \/>\n\u2714 Installation simple et montage rapide<br \/>\n\u2714 Angles de captation plus libres (pas de but\u00e9e restrictive)<br \/>\n\u2714 Ajustement pr\u00e9cis sur le Roller Mount existant<br \/>\n\u2714 Accessoire test\u00e9 en conditions r\u00e9elles de chute libre<\/p>\n<p><\/div><\/div>\n<div class=\"toggle-section\"><h2 class=\"toggle-title\" style=\"cursor:pointer;\">\u2699 Param\u00e8tres d\u2019impression 3D<\/h2><div class=\"toggle-content\"><\/p>\n<ul>\n<li><strong>Mat\u00e9riaux conseill\u00e9s :<\/strong> PETG, ABS ou PLA+ \/ Carbone<\/li>\n<li><strong>Buse :<\/strong> 0,4 mm<\/li>\n<li><strong>Hauteur de couche :<\/strong> 0,08 mm<\/li>\n<li><strong>Remplissage :<\/strong> 15 %<\/li>\n<li><strong>Parois :<\/strong> 1,2 mm (3 lignes)<\/li>\n<li><strong>Supports :<\/strong> aucun<\/li>\n<\/ul>\n<p><\/div><\/div>\n<div class=\"toggle-section\"><h2 class=\"toggle-title\" style=\"cursor:pointer;\">\ud83e\ude9b Assemblage<\/h2><div class=\"toggle-content\"><\/p>\n<ol>\n<li>Imprimez l\u2019adaptateur avec les param\u00e8tres recommand\u00e9s.<\/li>\n<li>Fixez la cam\u00e9ra Insta360 \u00e0 l\u2019aide d\u2019une vis 1\/4-20 mm.<\/li>\n<li>Ins\u00e9rez l\u2019adaptateur dans votre Roller Mount Cookie existant.<\/li>\n<li>V\u00e9rifiez l\u2019alignement de la cam\u00e9ra et la stabilit\u00e9 de l\u2019ensemble.<\/li>\n<li>Testez le montage dans un contexte ma\u00eetris\u00e9 avant les sauts r\u00e9els.<\/li>\n<\/ol>\n<p><\/div><\/div>\n<div class=\"toggle-section\"><h2 class=\"toggle-title\" style=\"cursor:pointer;\">\ud83e\udde0 Notes pratiques<\/h2><div class=\"toggle-content\"><\/p>\n<p>Cet adaptateur maximise le rapport poids \/ solidit\u00e9 pour limiter la fatigue cervicale en vol. Il est pens\u00e9 pour \u00eatre facile \u00e0 manipuler sur la dropzone, m\u00eame avec peu de temps entre les rotations.<br \/>\nPour la version Insta360 X5 : Le port de charge de l\u2019Insta360 X5 se trouve sous la cam\u00e9ra et n\u2019est pas accessible une fois mont\u00e9e. Pour \u00e9viter tout point de fragilit\u00e9, le design Connec7e int\u00e8gre une base pleine, ce qui rend l\u2019adaptateur plus rigide et durable. L\u2019usage d\u2019un chargeur de batterie externe est fortement recommand\u00e9 pour pr\u00e9server la cam\u00e9ra et \u00e9viter les manipulations r\u00e9p\u00e9t\u00e9es sur le mount.<\/p>\n<p><\/div><\/div>\n<div class=\"toggle-section\"><h2 class=\"toggle-title\" style=\"cursor:pointer;\">Cr\u00e9ation Connec7e<\/h2><div class=\"toggle-content\"><\/p>\n<p>Cr\u00e9\u00e9 et test\u00e9 par <strong>Connec7e<\/strong>, atelier fran\u00e7ais m\u00ealant parachutisme, impression 3D et design fonctionnel.<br \/>\n<em>Tomber. Se relever. Cr\u00e9er.<\/em><\/p>\n<p><\/div><\/div>\n<div class=\"toggle-section\"><h2 class=\"toggle-title\" style=\"cursor:pointer;\">\ud83c\udfa5 Videos<\/h2><div class=\"toggle-content\"><\/p>\n<ul>\n<li><strong>Vid\u00e9o de d\u00e9monstration<\/strong> : <a href=\"https:\/\/www.youtube.com\/watch?v=qdgcdTwDD2k\" target=\"_blank\" rel=\"noopener nofollow\">d\u00e9monstration de l&rsquo;Adaptateur Roller Mount sur mon casque sur YouTube<\/a><\/li>\n<li><strong>Vid\u00e9o de montage pas \u00e0 pas<\/strong> : <a href=\"https:\/\/www.youtube.com\/watch?v=8ygXGOVHvqk\" target=\"_blank\" rel=\"noopener nofollow\">tutoriel de montage d\u00e9taill\u00e9 sur YouTube<\/a><\/li>\n<\/ul>\n<p><\/div><\/div>","protected":false},"excerpt":{"rendered":"<p>Fixez votre cam\u00e9ra Insta360 X3, X4 ou X5 sur votre Roller Mount Cookie sans racheter un nouveau support. Fichier STL pr\u00eat \u00e0 imprimer, con\u00e7u et test\u00e9 en conditions r\u00e9elles de chute libre par Connec7e.<\/p>","protected":false},"featured_media":841,"comment_status":"open","ping_status":"closed","template":"","meta":{"_et_pb_use_builder":"","_et_pb_old_content":"","_et_gb_content_width":""},"product_brand":[60],"product_cat":[19,24],"product_tag":[112,111,113,109,108,101,100,104,105,106,107,102,110,103],"product_replica":[],"class_list":{"0":"post-809","1":"product","2":"type-product","3":"status-publish","4":"has-post-thumbnail","6":"product_brand-nayoki","7":"product_cat-plans-3d","8":"product_cat-stl-skydive","9":"product_tag-accessoire-casque","10":"product_tag-adaptateur-camera","11":"product_tag-chute-libre","12":"product_tag-cookie-fuel","13":"product_tag-cookie-g35","14":"product_tag-fichier-stl","15":"product_tag-impression-3d","16":"product_tag-insta360","17":"product_tag-insta360-x3","18":"product_tag-insta360-x4","19":"product_tag-insta360-x5","20":"product_tag-parachutisme","21":"product_tag-roller-mount","22":"product_tag-skydive","23":"pa_actioncam-insta360-x3","24":"pa_actioncam-insta360-x4","25":"pa_actioncam-insta360-x5","26":"has-video","27":"video-809","29":"first","30":"instock","31":"sale","32":"sold-individually","33":"taxable","34":"shipping-taxable","35":"purchasable","36":"product-type-variable"},"yoast_head":"<!-- This site is optimized with the Yoast SEO plugin v27.4 - https:\/\/yoast.com\/product\/yoast-seo-wordpress\/ -->\n<title>Adaptateur Roller Mount Cookie pour Insta360 X3, X4 et X5 - Fichier STL<\/title>\n<meta name=\"description\" content=\"Fixez votre cam\u00e9ra Insta360 X3, X4 ou X5 sur votre Roller Mount Cookie sans racheter un nouveau support. Fichier STL pr\u00eat \u00e0 imprimer, con\u00e7u et test\u00e9 en conditions r\u00e9elles de chute libre par Connec7e.\" \/>\n<meta name=\"robots\" content=\"index, follow, max-snippet:-1, max-image-preview:large, max-video-preview:-1\" \/>\n<link rel=\"canonical\" href=\"https:\/\/connec7e.com\/en\/product\/adaptateur-roller-mount-cookie-pour-insta360-stl\/\" \/>\n<meta property=\"og:locale\" content=\"en_US\" \/>\n<meta property=\"og:type\" content=\"article\" \/>\n<meta property=\"og:title\" content=\"Adaptateur Roller Mount Cookie pour Insta360 X3, X4 et X5 - Fichier STL\" \/>\n<meta property=\"og:description\" content=\"Fixez votre cam\u00e9ra Insta360 X3, X4 ou X5 sur votre Roller Mount Cookie sans racheter un nouveau support. Fichier STL pr\u00eat \u00e0 imprimer, con\u00e7u et test\u00e9 en conditions r\u00e9elles de chute libre par Connec7e.\" \/>\n<meta property=\"og:url\" content=\"https:\/\/connec7e.com\/en\/product\/adaptateur-roller-mount-cookie-pour-insta360-stl\/\" \/>\n<meta property=\"og:site_name\" content=\"Connec7e\" \/>\n<meta property=\"article:publisher\" content=\"https:\/\/www.facebook.com\/connec7e\/\" \/>\n<meta property=\"article:modified_time\" content=\"2026-03-03T15:39:57+00:00\" \/>\n<meta name=\"twitter:card\" content=\"summary_large_image\" \/>\n<meta name=\"twitter:site\" content=\"@connec7e\" \/>\n<script type=\"application\/ld+json\" class=\"yoast-schema-graph\">{\"@context\":\"https:\\\/\\\/schema.org\",\"@graph\":[{\"@type\":\"WebPage\",\"@id\":\"https:\\\/\\\/connec7e.com\\\/produit\\\/adaptateur-roller-mount-cookie-pour-insta360-stl\\\/\",\"url\":\"https:\\\/\\\/connec7e.com\\\/produit\\\/adaptateur-roller-mount-cookie-pour-insta360-stl\\\/\",\"name\":\"Adaptateur Roller Mount Cookie pour Insta360 X3, X4 et X5 - Fichier STL\",\"isPartOf\":{\"@id\":\"https:\\\/\\\/connec7e.com\\\/#website\"},\"primaryImageOfPage\":{\"@id\":\"https:\\\/\\\/connec7e.com\\\/produit\\\/adaptateur-roller-mount-cookie-pour-insta360-stl\\\/#primaryimage\"},\"image\":{\"@id\":\"https:\\\/\\\/connec7e.com\\\/produit\\\/adaptateur-roller-mount-cookie-pour-insta360-stl\\\/#primaryimage\"},\"thumbnailUrl\":\"https:\\\/\\\/connec7e.com\\\/wp-content\\\/uploads\\\/2025\\\/10\\\/Cookie-Roller-Mount-insta360-X5-5.avif\",\"datePublished\":\"2025-10-21T04:21:11+00:00\",\"dateModified\":\"2026-03-03T15:39:57+00:00\",\"description\":\"Fixez votre cam\u00e9ra Insta360 X3, X4 ou X5 sur votre Roller Mount Cookie sans racheter un nouveau support. Fichier STL pr\u00eat \u00e0 imprimer, con\u00e7u et test\u00e9 en conditions r\u00e9elles de chute libre par Connec7e.\",\"breadcrumb\":{\"@id\":\"https:\\\/\\\/connec7e.com\\\/produit\\\/adaptateur-roller-mount-cookie-pour-insta360-stl\\\/#breadcrumb\"},\"inLanguage\":\"en-US\",\"potentialAction\":[{\"@type\":\"ReadAction\",\"target\":[\"https:\\\/\\\/connec7e.com\\\/produit\\\/adaptateur-roller-mount-cookie-pour-insta360-stl\\\/\"]}]},{\"@type\":\"ImageObject\",\"inLanguage\":\"en-US\",\"@id\":\"https:\\\/\\\/connec7e.com\\\/produit\\\/adaptateur-roller-mount-cookie-pour-insta360-stl\\\/#primaryimage\",\"url\":\"https:\\\/\\\/connec7e.com\\\/wp-content\\\/uploads\\\/2025\\\/10\\\/Cookie-Roller-Mount-insta360-X5-5.avif\",\"contentUrl\":\"https:\\\/\\\/connec7e.com\\\/wp-content\\\/uploads\\\/2025\\\/10\\\/Cookie-Roller-Mount-insta360-X5-5.avif\",\"width\":900,\"height\":900,\"caption\":\"Support 3D Connec7e pour casque Cookie, \u00e9quip\u00e9 d\u2019une cam\u00e9ra Insta360 X5. Parfait \u00e9quilibre entre design a\u00e9rodynamique et r\u00e9sistance m\u00e9canique.\"},{\"@type\":\"BreadcrumbList\",\"@id\":\"https:\\\/\\\/connec7e.com\\\/produit\\\/adaptateur-roller-mount-cookie-pour-insta360-stl\\\/#breadcrumb\",\"itemListElement\":[{\"@type\":\"ListItem\",\"position\":1,\"name\":\"Accueil\",\"item\":\"https:\\\/\\\/connec7e.com\\\/\"},{\"@type\":\"ListItem\",\"position\":2,\"name\":\"Boutique\",\"item\":\"https:\\\/\\\/connec7e.com\\\/boutique\\\/\"},{\"@type\":\"ListItem\",\"position\":3,\"name\":\"Adaptateur Roller Mount Cookie pour Insta360 X3, X4 et X5 &#8211; Fichier STL\"}]},{\"@type\":\"WebSite\",\"@id\":\"https:\\\/\\\/connec7e.com\\\/#website\",\"url\":\"https:\\\/\\\/connec7e.com\\\/\",\"name\":\"connec7e.com\",\"description\":\"Atelier cr\u00e9atif, impression 3D, custom et textile\",\"publisher\":{\"@id\":\"https:\\\/\\\/connec7e.com\\\/#organization\"},\"potentialAction\":[{\"@type\":\"SearchAction\",\"target\":{\"@type\":\"EntryPoint\",\"urlTemplate\":\"https:\\\/\\\/connec7e.com\\\/?s={search_term_string}\"},\"query-input\":{\"@type\":\"PropertyValueSpecification\",\"valueRequired\":true,\"valueName\":\"search_term_string\"}}],\"inLanguage\":\"en-US\"},{\"@type\":\"Organization\",\"@id\":\"https:\\\/\\\/connec7e.com\\\/#organization\",\"name\":\"connec7e\",\"url\":\"https:\\\/\\\/connec7e.com\\\/\",\"logo\":{\"@type\":\"ImageObject\",\"inLanguage\":\"en-US\",\"@id\":\"https:\\\/\\\/connec7e.com\\\/#\\\/schema\\\/logo\\\/image\\\/\",\"url\":\"https:\\\/\\\/connec7e.com\\\/wp-content\\\/uploads\\\/2025\\\/09\\\/Connec7e-Atelier-creatif-impression-3D-custom.png\",\"contentUrl\":\"https:\\\/\\\/connec7e.com\\\/wp-content\\\/uploads\\\/2025\\\/09\\\/Connec7e-Atelier-creatif-impression-3D-custom.png\",\"width\":512,\"height\":512,\"caption\":\"connec7e\"},\"image\":{\"@id\":\"https:\\\/\\\/connec7e.com\\\/#\\\/schema\\\/logo\\\/image\\\/\"},\"sameAs\":[\"https:\\\/\\\/www.facebook.com\\\/connec7e\\\/\",\"https:\\\/\\\/x.com\\\/connec7e\",\"https:\\\/\\\/www.instagram.com\\\/connec7e\\\/\",\"https:\\\/\\\/www.tiktok.com\\\/@connec7e\",\"https:\\\/\\\/www.youtube.com\\\/@connec7e\",\"https:\\\/\\\/www.reddit.com\\\/user\\\/connecTe\\\/\",\"https:\\\/\\\/cults3d.com\\\/fr\\\/utilisateurs\\\/connec7e\\\/fichiers-3d\"]}]}<\/script>\n<!-- \/ Yoast SEO plugin. -->","yoast_head_json":{"title":"Adaptateur Roller Mount Cookie pour Insta360 X3, X4 et X5 - Fichier STL","description":"Fixez votre cam\u00e9ra Insta360 X3, X4 ou X5 sur votre Roller Mount Cookie sans racheter un nouveau support. Fichier STL pr\u00eat \u00e0 imprimer, con\u00e7u et test\u00e9 en conditions r\u00e9elles de chute libre par Connec7e.","robots":{"index":"index","follow":"follow","max-snippet":"max-snippet:-1","max-image-preview":"max-image-preview:large","max-video-preview":"max-video-preview:-1"},"canonical":"https:\/\/connec7e.com\/en\/product\/adaptateur-roller-mount-cookie-pour-insta360-stl\/","og_locale":"en_US","og_type":"article","og_title":"Adaptateur Roller Mount Cookie pour Insta360 X3, X4 et X5 - Fichier STL","og_description":"Fixez votre cam\u00e9ra Insta360 X3, X4 ou X5 sur votre Roller Mount Cookie sans racheter un nouveau support. Fichier STL pr\u00eat \u00e0 imprimer, con\u00e7u et test\u00e9 en conditions r\u00e9elles de chute libre par Connec7e.","og_url":"https:\/\/connec7e.com\/en\/product\/adaptateur-roller-mount-cookie-pour-insta360-stl\/","og_site_name":"Connec7e","article_publisher":"https:\/\/www.facebook.com\/connec7e\/","article_modified_time":"2026-03-03T15:39:57+00:00","twitter_card":"summary_large_image","twitter_site":"@connec7e","schema":{"@context":"https:\/\/schema.org","@graph":[{"@type":"WebPage","@id":"https:\/\/connec7e.com\/produit\/adaptateur-roller-mount-cookie-pour-insta360-stl\/","url":"https:\/\/connec7e.com\/produit\/adaptateur-roller-mount-cookie-pour-insta360-stl\/","name":"Adaptateur Roller Mount Cookie pour Insta360 X3, X4 et X5 - Fichier STL","isPartOf":{"@id":"https:\/\/connec7e.com\/#website"},"primaryImageOfPage":{"@id":"https:\/\/connec7e.com\/produit\/adaptateur-roller-mount-cookie-pour-insta360-stl\/#primaryimage"},"image":{"@id":"https:\/\/connec7e.com\/produit\/adaptateur-roller-mount-cookie-pour-insta360-stl\/#primaryimage"},"thumbnailUrl":"https:\/\/connec7e.com\/wp-content\/uploads\/2025\/10\/Cookie-Roller-Mount-insta360-X5-5.avif","datePublished":"2025-10-21T04:21:11+00:00","dateModified":"2026-03-03T15:39:57+00:00","description":"Fixez votre cam\u00e9ra Insta360 X3, X4 ou X5 sur votre Roller Mount Cookie sans racheter un nouveau support. Fichier STL pr\u00eat \u00e0 imprimer, con\u00e7u et test\u00e9 en conditions r\u00e9elles de chute libre par Connec7e.","breadcrumb":{"@id":"https:\/\/connec7e.com\/produit\/adaptateur-roller-mount-cookie-pour-insta360-stl\/#breadcrumb"},"inLanguage":"en-US","potentialAction":[{"@type":"ReadAction","target":["https:\/\/connec7e.com\/produit\/adaptateur-roller-mount-cookie-pour-insta360-stl\/"]}]},{"@type":"ImageObject","inLanguage":"en-US","@id":"https:\/\/connec7e.com\/produit\/adaptateur-roller-mount-cookie-pour-insta360-stl\/#primaryimage","url":"https:\/\/connec7e.com\/wp-content\/uploads\/2025\/10\/Cookie-Roller-Mount-insta360-X5-5.avif","contentUrl":"https:\/\/connec7e.com\/wp-content\/uploads\/2025\/10\/Cookie-Roller-Mount-insta360-X5-5.avif","width":900,"height":900,"caption":"Support 3D Connec7e pour casque Cookie, \u00e9quip\u00e9 d\u2019une cam\u00e9ra Insta360 X5. Parfait \u00e9quilibre entre design a\u00e9rodynamique et r\u00e9sistance m\u00e9canique."},{"@type":"BreadcrumbList","@id":"https:\/\/connec7e.com\/produit\/adaptateur-roller-mount-cookie-pour-insta360-stl\/#breadcrumb","itemListElement":[{"@type":"ListItem","position":1,"name":"Accueil","item":"https:\/\/connec7e.com\/"},{"@type":"ListItem","position":2,"name":"Boutique","item":"https:\/\/connec7e.com\/boutique\/"},{"@type":"ListItem","position":3,"name":"Adaptateur Roller Mount Cookie pour Insta360 X3, X4 et X5 &#8211; Fichier STL"}]},{"@type":"WebSite","@id":"https:\/\/connec7e.com\/#website","url":"https:\/\/connec7e.com\/","name":"connec7e.com","description":"Atelier cr\u00e9atif, impression 3D, custom et textile","publisher":{"@id":"https:\/\/connec7e.com\/#organization"},"potentialAction":[{"@type":"SearchAction","target":{"@type":"EntryPoint","urlTemplate":"https:\/\/connec7e.com\/?s={search_term_string}"},"query-input":{"@type":"PropertyValueSpecification","valueRequired":true,"valueName":"search_term_string"}}],"inLanguage":"en-US"},{"@type":"Organization","@id":"https:\/\/connec7e.com\/#organization","name":"connec7e","url":"https:\/\/connec7e.com\/","logo":{"@type":"ImageObject","inLanguage":"en-US","@id":"https:\/\/connec7e.com\/#\/schema\/logo\/image\/","url":"https:\/\/connec7e.com\/wp-content\/uploads\/2025\/09\/Connec7e-Atelier-creatif-impression-3D-custom.png","contentUrl":"https:\/\/connec7e.com\/wp-content\/uploads\/2025\/09\/Connec7e-Atelier-creatif-impression-3D-custom.png","width":512,"height":512,"caption":"connec7e"},"image":{"@id":"https:\/\/connec7e.com\/#\/schema\/logo\/image\/"},"sameAs":["https:\/\/www.facebook.com\/connec7e\/","https:\/\/x.com\/connec7e","https:\/\/www.instagram.com\/connec7e\/","https:\/\/www.tiktok.com\/@connec7e","https:\/\/www.youtube.com\/@connec7e","https:\/\/www.reddit.com\/user\/connecTe\/","https:\/\/cults3d.com\/fr\/utilisateurs\/connec7e\/fichiers-3d"]}]}},"_links":{"self":[{"href":"https:\/\/connec7e.com\/en\/wp-json\/wp\/v2\/product\/809","targetHints":{"allow":["GET"]}}],"collection":[{"href":"https:\/\/connec7e.com\/en\/wp-json\/wp\/v2\/product"}],"about":[{"href":"https:\/\/connec7e.com\/en\/wp-json\/wp\/v2\/types\/product"}],"replies":[{"embeddable":true,"href":"https:\/\/connec7e.com\/en\/wp-json\/wp\/v2\/comments?post=809"}],"wp:featuredmedia":[{"embeddable":true,"href":"https:\/\/connec7e.com\/en\/wp-json\/wp\/v2\/media\/841"}],"wp:attachment":[{"href":"https:\/\/connec7e.com\/en\/wp-json\/wp\/v2\/media?parent=809"}],"wp:term":[{"taxonomy":"product_brand","embeddable":true,"href":"https:\/\/connec7e.com\/en\/wp-json\/wp\/v2\/product_brand?post=809"},{"taxonomy":"product_cat","embeddable":true,"href":"https:\/\/connec7e.com\/en\/wp-json\/wp\/v2\/product_cat?post=809"},{"taxonomy":"product_tag","embeddable":true,"href":"https:\/\/connec7e.com\/en\/wp-json\/wp\/v2\/product_tag?post=809"},{"taxonomy":"product_replica","embeddable":true,"href":"https:\/\/connec7e.com\/en\/wp-json\/wp\/v2\/product_replica?post=809"}],"curies":[{"name":"wp","href":"https:\/\/api.w.org\/{rel}","templated":true}]}}